{"id":74772,"date":"2025-06-23T15:28:22","date_gmt":"2025-06-23T13:28:22","guid":{"rendered":"https:\/\/www.belenderoca.com\/gracias-a-todos-los-que-visitaron-el-belen-de-roca-y-colaboro-en-el-proyecto-de-la-dana\/"},"modified":"2025-07-25T11:00:33","modified_gmt":"2025-07-25T09:00:33","slug":"thanks-to-all-who-visited-the-belen-de-roca-and-collaborated-in-the-project-of-the-dana","status":"publish","type":"page","link":"https:\/\/www.belenderoca.com\/en\/thanks-to-all-who-visited-the-belen-de-roca-and-collaborated-in-the-project-of-the-dana\/","title":{"rendered":"Thanks to all who visited the Bel\u00e9n de Roca and collaborated in the project of the Dana"},"content":{"rendered":"<p>[vc_row][vc_column][vc_column_text]<\/p>\n<h2 style=\"text-align: center;\">Collaboration Dana Project &#8211; Bel\u00e9n de Roca and Ra\u00edces Solidarias Association<\/h2>\n<p style=\"text-align: center;\">We contacted the <a href=\"https:\/\/raicesolidarias.com\/\" target=\"_blank\" rel=\"noopener\"><strong>Ra\u00edces Solidarias Association<\/strong><\/a> which is based in Catarroja and works with those affected by the storm.<\/p>\n<h3 style=\"text-align: center;\">These are some of the projects we have collaborated on:<\/h3>\n<p>[\/vc_column_text][\/vc_column][\/vc_row]<\/p>\n","protected":false},"excerpt":{"rendered":"<p>[vc_row][vc_column][vc_column_text] Collaboration Dana Project &#8211; Bel\u00e9n de Roca and Ra\u00edces Solidarias Association We contacted the Ra\u00edces Solidarias Association which is based in Catarroja and works with<span class=\"excerpt-hellip\"> [\u2026]<\/span><\/p>\n","protected":false},"author":6,"featured_media":0,"parent":0,"menu_order":0,"comment_status":"closed","ping_status":"closed","template":"","meta":{"footnotes":""},"class_list":["post-74772","page","type-page","status-publish","hentry"],"yoast_head":"<!-- This site is optimized with the Yoast SEO plugin v26.4 - https:\/\/yoast.com\/wordpress\/plugins\/seo\/ -->\n<title>Collaboration between Dana Project - Bel\u00e9n de Roca and Ra\u00edces Solidarias<\/title>\n<meta name=\"description\" content=\"Thanks to all those who visited the Bel\u00e9n de Roca and collaborated in the project of the Dana. Ra\u00edces Solidarias Association.\" \/>\n<meta name=\"robots\" content=\"index, follow, max-snippet:-1, max-image-preview:large, max-video-preview:-1\" \/>\n<link rel=\"canonical\" href=\"https:\/\/www.belenderoca.com\/en\/thanks-to-all-who-visited-the-belen-de-roca-and-collaborated-in-the-project-of-the-dana\/\" \/>\n<meta property=\"og:locale\" content=\"en_US\" \/>\n<meta property=\"og:type\" content=\"article\" \/>\n<meta property=\"og:title\" content=\"Collaboration between Dana Project - Bel\u00e9n de Roca and Ra\u00edces Solidarias\" \/>\n<meta property=\"og:description\" content=\"Thanks to all those who visited the Bel\u00e9n de Roca and collaborated in the project of the Dana. Ra\u00edces Solidarias Association.\" \/>\n<meta property=\"og:url\" content=\"https:\/\/www.belenderoca.com\/en\/thanks-to-all-who-visited-the-belen-de-roca-and-collaborated-in-the-project-of-the-dana\/\" \/>\n<meta property=\"og:site_name\" content=\"El Bel\u00e9n de Roca, Meliana, Valencia\" \/>\n<meta property=\"article:publisher\" content=\"https:\/\/www.facebook.com\/belenderoca\" \/>\n<meta property=\"article:modified_time\" content=\"2025-07-25T09:00:33+00:00\" \/>\n<meta name=\"twitter:card\" content=\"summary_large_image\" \/>\n<meta name=\"twitter:label1\" content=\"Est. reading time\" \/>\n\t<meta name=\"twitter:data1\" content=\"1 minute\" \/>\n<script type=\"application\/ld+json\" class=\"yoast-schema-graph\">{\"@context\":\"https:\/\/schema.org\",\"@graph\":[{\"@type\":\"WebPage\",\"@id\":\"https:\/\/www.belenderoca.com\/en\/thanks-to-all-who-visited-the-belen-de-roca-and-collaborated-in-the-project-of-the-dana\/\",\"url\":\"https:\/\/www.belenderoca.com\/en\/thanks-to-all-who-visited-the-belen-de-roca-and-collaborated-in-the-project-of-the-dana\/\",\"name\":\"Collaboration between Dana Project - Bel\u00e9n de Roca and Ra\u00edces Solidarias\",\"isPartOf\":{\"@id\":\"https:\/\/www.belenderoca.com\/en\/#website\"},\"datePublished\":\"2025-06-23T13:28:22+00:00\",\"dateModified\":\"2025-07-25T09:00:33+00:00\",\"description\":\"Thanks to all those who visited the Bel\u00e9n de Roca and collaborated in the project of the Dana. Ra\u00edces Solidarias Association.\",\"inLanguage\":\"en-US\",\"potentialAction\":[{\"@type\":\"ReadAction\",\"target\":[\"https:\/\/www.belenderoca.com\/en\/thanks-to-all-who-visited-the-belen-de-roca-and-collaborated-in-the-project-of-the-dana\/\"]}]},{\"@type\":\"WebSite\",\"@id\":\"https:\/\/www.belenderoca.com\/en\/#website\",\"url\":\"https:\/\/www.belenderoca.com\/en\/\",\"name\":\"El Bel\u00e9n de Roca, Meliana, Valencia\",\"description\":\"\",\"publisher\":{\"@id\":\"https:\/\/www.belenderoca.com\/en\/#organization\"},\"potentialAction\":[{\"@type\":\"SearchAction\",\"target\":{\"@type\":\"EntryPoint\",\"urlTemplate\":\"https:\/\/www.belenderoca.com\/en\/?s={search_term_string}\"},\"query-input\":{\"@type\":\"PropertyValueSpecification\",\"valueRequired\":true,\"valueName\":\"search_term_string\"}}],\"inLanguage\":\"en-US\"},{\"@type\":\"Organization\",\"@id\":\"https:\/\/www.belenderoca.com\/en\/#organization\",\"name\":\"El Bel\u00e9n de Roca, Meliana, Valencia\",\"url\":\"https:\/\/www.belenderoca.com\/en\/\",\"logo\":{\"@type\":\"ImageObject\",\"inLanguage\":\"en-US\",\"@id\":\"https:\/\/www.belenderoca.com\/en\/#\/schema\/logo\/image\/\",\"url\":\"https:\/\/www.belenderoca.com\/wp-content\/uploads\/2022\/12\/favicon-el-belen-de-roca.jpg\",\"contentUrl\":\"https:\/\/www.belenderoca.com\/wp-content\/uploads\/2022\/12\/favicon-el-belen-de-roca.jpg\",\"width\":250,\"height\":250,\"caption\":\"El Bel\u00e9n de Roca, Meliana, Valencia\"},\"image\":{\"@id\":\"https:\/\/www.belenderoca.com\/en\/#\/schema\/logo\/image\/\"},\"sameAs\":[\"https:\/\/www.facebook.com\/belenderoca\"]}]}<\/script>\n<!-- \/ Yoast SEO plugin. -->","yoast_head_json":{"title":"Collaboration between Dana Project - Bel\u00e9n de Roca and Ra\u00edces Solidarias","description":"Thanks to all those who visited the Bel\u00e9n de Roca and collaborated in the project of the Dana. Ra\u00edces Solidarias Association.","robots":{"index":"index","follow":"follow","max-snippet":"max-snippet:-1","max-image-preview":"max-image-preview:large","max-video-preview":"max-video-preview:-1"},"canonical":"https:\/\/www.belenderoca.com\/en\/thanks-to-all-who-visited-the-belen-de-roca-and-collaborated-in-the-project-of-the-dana\/","og_locale":"en_US","og_type":"article","og_title":"Collaboration between Dana Project - Bel\u00e9n de Roca and Ra\u00edces Solidarias","og_description":"Thanks to all those who visited the Bel\u00e9n de Roca and collaborated in the project of the Dana. Ra\u00edces Solidarias Association.","og_url":"https:\/\/www.belenderoca.com\/en\/thanks-to-all-who-visited-the-belen-de-roca-and-collaborated-in-the-project-of-the-dana\/","og_site_name":"El Bel\u00e9n de Roca, Meliana, Valencia","article_publisher":"https:\/\/www.facebook.com\/belenderoca","article_modified_time":"2025-07-25T09:00:33+00:00","twitter_card":"summary_large_image","twitter_misc":{"Est. reading time":"1 minute"},"schema":{"@context":"https:\/\/schema.org","@graph":[{"@type":"WebPage","@id":"https:\/\/www.belenderoca.com\/en\/thanks-to-all-who-visited-the-belen-de-roca-and-collaborated-in-the-project-of-the-dana\/","url":"https:\/\/www.belenderoca.com\/en\/thanks-to-all-who-visited-the-belen-de-roca-and-collaborated-in-the-project-of-the-dana\/","name":"Collaboration between Dana Project - Bel\u00e9n de Roca and Ra\u00edces Solidarias","isPartOf":{"@id":"https:\/\/www.belenderoca.com\/en\/#website"},"datePublished":"2025-06-23T13:28:22+00:00","dateModified":"2025-07-25T09:00:33+00:00","description":"Thanks to all those who visited the Bel\u00e9n de Roca and collaborated in the project of the Dana. Ra\u00edces Solidarias Association.","inLanguage":"en-US","potentialAction":[{"@type":"ReadAction","target":["https:\/\/www.belenderoca.com\/en\/thanks-to-all-who-visited-the-belen-de-roca-and-collaborated-in-the-project-of-the-dana\/"]}]},{"@type":"WebSite","@id":"https:\/\/www.belenderoca.com\/en\/#website","url":"https:\/\/www.belenderoca.com\/en\/","name":"El Bel\u00e9n de Roca, Meliana, Valencia","description":"","publisher":{"@id":"https:\/\/www.belenderoca.com\/en\/#organization"},"potentialAction":[{"@type":"SearchAction","target":{"@type":"EntryPoint","urlTemplate":"https:\/\/www.belenderoca.com\/en\/?s={search_term_string}"},"query-input":{"@type":"PropertyValueSpecification","valueRequired":true,"valueName":"search_term_string"}}],"inLanguage":"en-US"},{"@type":"Organization","@id":"https:\/\/www.belenderoca.com\/en\/#organization","name":"El Bel\u00e9n de Roca, Meliana, Valencia","url":"https:\/\/www.belenderoca.com\/en\/","logo":{"@type":"ImageObject","inLanguage":"en-US","@id":"https:\/\/www.belenderoca.com\/en\/#\/schema\/logo\/image\/","url":"https:\/\/www.belenderoca.com\/wp-content\/uploads\/2022\/12\/favicon-el-belen-de-roca.jpg","contentUrl":"https:\/\/www.belenderoca.com\/wp-content\/uploads\/2022\/12\/favicon-el-belen-de-roca.jpg","width":250,"height":250,"caption":"El Bel\u00e9n de Roca, Meliana, Valencia"},"image":{"@id":"https:\/\/www.belenderoca.com\/en\/#\/schema\/logo\/image\/"},"sameAs":["https:\/\/www.facebook.com\/belenderoca"]}]}},"_links":{"self":[{"href":"https:\/\/www.belenderoca.com\/en\/wp-json\/wp\/v2\/pages\/74772","targetHints":{"allow":["GET"]}}],"collection":[{"href":"https:\/\/www.belenderoca.com\/en\/wp-json\/wp\/v2\/pages"}],"about":[{"href":"https:\/\/www.belenderoca.com\/en\/wp-json\/wp\/v2\/types\/page"}],"author":[{"embeddable":true,"href":"https:\/\/www.belenderoca.com\/en\/wp-json\/wp\/v2\/users\/6"}],"replies":[{"embeddable":true,"href":"https:\/\/www.belenderoca.com\/en\/wp-json\/wp\/v2\/comments?post=74772"}],"version-history":[{"count":3,"href":"https:\/\/www.belenderoca.com\/en\/wp-json\/wp\/v2\/pages\/74772\/revisions"}],"predecessor-version":[{"id":74799,"href":"https:\/\/www.belenderoca.com\/en\/wp-json\/wp\/v2\/pages\/74772\/revisions\/74799"}],"wp:attachment":[{"href":"https:\/\/www.belenderoca.com\/en\/wp-json\/wp\/v2\/media?parent=74772"}],"curies":[{"name":"wp","href":"https:\/\/api.w.org\/{rel}","templated":true}]}}