{"id":74724,"date":"2024-09-23T13:07:49","date_gmt":"2024-09-23T11:07:49","guid":{"rendered":"https:\/\/www.belenderoca.com\/politica-de-privacidad\/"},"modified":"2024-09-23T13:30:15","modified_gmt":"2024-09-23T11:30:15","slug":"privacy-policy","status":"publish","type":"page","link":"https:\/\/www.belenderoca.com\/en\/privacy-policy\/","title":{"rendered":"Privacy policy"},"content":{"rendered":"<p><strong>\u201cASSOCIACI\u00d3 BETLEM DE ROCA\u201d<\/strong> is deeply committed to compliance with Spanish and European regulations on the protection of personal data, and guarantees full compliance with the obligations set forth, as well as the implementation of the security measures provided for in the General Data Protection Regulation (GDPR) (EU) 2016\/679, of April 27, and in Organic Law 3\/2018, of December 5, on the Protection of Personal Data and Guarantee of Digital Rights (LOPD and GDD, hereinafter LOPD).<\/p>\n<p>In accordance with these regulations, we inform you that the use of our website may require the provision of certain personal data through contact forms, or by sending emails, and that these will be processed by <strong>\u201cASSOCIACI\u00d3 BETLEM DE ROCA\u201d<\/strong> , Data Controller, whose data are:<\/p>\n<p>\u00b7 <strong>Company Name:<\/strong> ASSOCIACI\u00d3 BETLEM DE ROCA<\/p>\n<p>\u00b7 <strong>NIF:<\/strong> G98198104<\/p>\n<p>\u00b7 <strong>Registered Office:<\/strong> C\/ Vicent Roca 2 Bajo, 46133 Roca \u2013 Meliana, Valencia, Spain<\/p>\n<p>\u00b7 <strong>Telephone:<\/strong> +(34) 699 437 977<\/p>\n<p>\u00b7 <strong>Email:<\/strong> info@belenderoca.com<\/p>\n<p><strong>Obtaining and Processing Personal Data<\/strong><\/p>\n<p>Personal data is any information relating to a person: name, email, address, telephone number, NIF\/NIE\u2026 Additionally, when a User visits our website, certain information is automatically stored for technical reasons, such as the IP address assigned by their Internet access provider. \u201c <strong>ASSOCIACI\u00d3 BETLEM DE ROCA<\/strong> \u201d, as Data Controller, has the duty to inform Users of its website about the collection of personal data that may be carried out, either by sending an email or by filling in the forms included on the website. Only the data required to perform the contracted service or to adequately respond to the request for information made by the User will be obtained. The data collected are identifying data and correspond to a reasonable minimum to be able to carry out the activity carried out. In particular, no specially protected data is collected at any time. In no case will the data be used for any purpose other than the purpose for which it was collected.<\/p>\n<p><u>Contact forms\/email<\/u><\/p>\n<p><em>Purpose: To respond to your request for information made through our contact form(s).<\/em><\/p>\n<p><em>Legitimation: The legal basis that legitimizes this treatment is the consent of the User, which may be revoked at any time.<\/em><\/p>\n<p><em>Data transfer: Personal data will be processed through servers managed by Ionos, which will be considered the Data Processor.<\/em><\/p>\n<p><strong>Minors<\/strong><\/p>\n<p>Only persons over 14 years of age may provide personal data on this website. Pursuant to the LOPD and GDD, in the case of minors under 14 years of age, the consent of their parents or legal guardians is mandatory for us to process their personal data. Furthermore, only persons over 18 years of age may contract our services. In the case of minors under 18 years of age, the consent of their parents or legal guardians is mandatory for us to provide the services offered, unless the minor is emancipated.<\/p>\n<p><strong>Security Measures<\/strong><\/p>\n<p>Users of the \u201c <strong>ASSOCIACI\u00d3 BETLEM DE ROCA<\/strong> \u201d website are informed that the technical and organisational security measures within our reach have been adopted to prevent the loss, misuse, alteration, unauthorised access and theft of data, and to guarantee the confidentiality, integrity and quality of the information contained therein, in accordance with the provisions of current data protection regulations. The personal data collected in the forms are processed solely by the staff of \u201c <strong>ASSOCIACI\u00d3 BETLEM DE ROCA<\/strong> \u201d or by the designated Data Processors.<\/p>\n<p><strong>The \u201c ASSOCIACI\u00d3 BETLEM DE ROCA<\/strong> \u201d Website also has SSL encryption, which allows the User to securely send their personal data through the website&#8217;s contact forms.<\/p>\n<p><strong>Accuracy of data<\/strong><\/p>\n<p>The User declares that all the data provided by him\/her are true and correct and undertakes to keep them updated. The User will be responsible for the veracity of his\/her data and will be the sole party responsible for any conflicts or disputes that may arise from the falsity of said data. It is important that, so that we can keep personal data updated, the User informs \u201c <strong>ASSOCIACI\u00d3 BETLEM DE ROCA<\/strong> \u201d whenever there has been any modification to said data.<\/p>\n<p><strong>Data transfer<\/strong><\/p>\n<p>\u201c <strong>ASSOCIACI\u00d3 BETLEM DE ROCA<\/strong> \u201d will not transfer or communicate your data to any third party, except in cases provided for by law or when the provision of a service implies the need for a contractual relationship with a Data Processor. Thus, the User accepts that some of the personal data collected may be provided to these Data Processors (payment platforms, agencies, intermediaries, etc.), when necessary for the effective performance of a contracted service or purchased product. The User also accepts that, in the event of provision of services, these may be, totally or partially, subcontracted to other persons or companies, who will be considered Data Processors, with whom the corresponding confidentiality agreement has been agreed, or adhered to their privacy policies, established on their respective websites. The User may refuse the transfer of their data to the Data Processors, by written request, by any of the means previously referenced.<\/p>\n<p>In addition, in those cases where it is necessary, Client data may be transferred to certain bodies in compliance with a legal obligation: Spanish Tax Agency, banking entities, Labor Inspection, etc.<\/p>\n<p><strong>Exercise of User Rights<\/strong><\/p>\n<p>The LOPD and the RGPD grant interested parties the possibility of exercising a series of rights related to the processing of their personal data. To do so, the User must provide documentation proving their identity (ID or passport) by email to info@belenderoca.com, or by written communication to the address that appears in our Legal Notice. This communication must reflect the following information: name and surname of the User, the purpose of the request, address and supporting data.<\/p>\n<p>The exercise of rights must be carried out by the User. However, they may be carried out by a person authorized as the User&#8217;s legal representative, providing documentation proving such representation.<\/p>\n<p>The User may request the exercise of the following rights:<\/p>\n<p>\u00b7 Right to request <strong>access<\/strong> to personal data.<\/p>\n<p>\u00b7 Right to request <strong>rectification<\/strong> (if incorrect) or deletion.<\/p>\n<p>\u00b7 Right to request the <strong>limitation<\/strong> of your processing, in which case they will only be kept by \u201c <strong>ASSOCIACI\u00d3 BETLEM DE ROCA<\/strong> \u201d for the exercise or defense of claims.<\/p>\n<p>\u00b7 Right to <strong>object<\/strong> to processing: \u201c <strong>ASSOCIACI\u00d3 BETLEM DE ROCA<\/strong> \u201d will stop processing your data, unless there are legitimate reasons or the exercise or defence of possible claims for which they must continue to be processed.<\/p>\n<p>\u00b7 Right to data <strong>portability<\/strong> : if you want your data to be processed by another company, \u201c <strong>ASSOCIACI\u00d3 BETLEM DE ROCA<\/strong> \u201d will facilitate the portability of your data in an exportable format.<\/p>\n<p>In the event that consent has been granted for a specific purpose, <strong>the User has the right to withdraw consent at any time<\/strong> , without affecting the legality of the processing based on consent prior to its withdrawal.<\/p>\n<p>We undertake to execute all these rights within the maximum legal period (1 month).<\/p>\n<p>If a User considers that there is a problem with the way in which \u201c <strong>ASSOCIACI\u00d3 BETLEM DE ROCA<\/strong> \u201d is handling their data, they may direct their claims to the Security Officer or to the corresponding data protection authority, the Spanish Data Protection Agency being the one indicated in the case of Spain.<\/p>\n<p><strong>Data retention<\/strong><\/p>\n<p>The personal data of Users who use the contact form or send us an email requesting information will be processed for the time strictly necessary to respond to the information request, or until the consent granted is revoked.<\/p>\n<p>The personal data of the Clients will be processed until the contractual relationship ends. The period of conservation of personal data will be the minimum necessary, and may be kept until:<\/p>\n<p>\u00b7 4 years: Law on Violations and Sanctions in the Social Order (obligations regarding membership, registration, deregistration, contributions, payment of salaries, etc.); Arts. 66 et seq. General Tax Law (accounting books, etc.)<\/p>\n<p>\u00b7 5 years: Art. 1964 Civil Code (personal actions without special term)<\/p>\n<p>\u00b7 6 years: Art. 30 Commercial Code (accounting books, invoices\u2026)<\/p>\n<p>\u00b7 10 years: Art. 25 Law on the Prevention of Money Laundering and Financing of Terrorism.<\/p>\n<p>\u00b7 No deadline: disaggregated and anonymized data.<\/p>\n<p><strong>Social networks<\/strong><\/p>\n<p>\u201c <strong>ASSOCIACI\u00d3 BETLEM DE ROCA<\/strong> \u201d has a profile on some of the main social networks on the Internet (Facebook, Instagram), recognizing itself in all cases as the Controller of the data of its followers, fans, subscribers, commentators and other User profiles (hereinafter, followers) published by \u201c <strong>ASSOCIACI\u00d3 BETLEM DE ROCA<\/strong> \u201d. The purpose of the data processing by \u201c <strong>ASSOCIACI\u00d3 BETLEM DE ROCA<\/strong> \u201d, when not prohibited by law, will be to inform its followers about its activities and offers, by any means that the social network allows, as well as to provide personalized customer service. The legal basis that legitimizes this treatment will be the consent of the interested party, which may be revoked at any time. Under no circumstances will \u201c <strong>ASSOCIACI\u00d3 BETLEM DE ROCA<\/strong> \u201d extract data from social networks, unless the User&#8217;s express and timely consent is obtained for this purpose (for example, to carry out a contest).<\/p>\n<p><strong>Confidentiality<\/strong><\/p>\n<p>The information provided by the client will, in any case, be considered confidential and may not be used for purposes other than those described herein. \u201c <strong>ASSOCIACI\u00d3 BETLEM DE ROCA<\/strong> \u201d undertakes not to disclose or reveal information about the User&#8217;s claims, the reasons for the advice requested, or the duration of its relationship with the User.<\/p>\n","protected":false},"excerpt":{"rendered":"<p>\u201cASSOCIACI\u00d3 BETLEM DE ROCA\u201d is deeply committed to compliance with Spanish and European regulations on the protection of personal data, and guarantees full compliance with the<span class=\"excerpt-hellip\"> [\u2026]<\/span><\/p>\n","protected":false},"author":6,"featured_media":0,"parent":0,"menu_order":0,"comment_status":"closed","ping_status":"closed","template":"","meta":{"footnotes":""},"class_list":["post-74724","page","type-page","status-publish","hentry"],"yoast_head":"<!-- This site is optimized with the Yoast SEO plugin v26.4 - https:\/\/yoast.com\/wordpress\/plugins\/seo\/ -->\n<title>Privacy policy - El Bel\u00e9n de Roca, Meliana, Valencia<\/title>\n<meta name=\"description\" content=\"Privacy policy . El Bel\u00e9n de Roca, Meliana, Valencia. Bel\u00e9n de Navidad con m\u00e1s piezas de Espa\u00f1a.\" \/>\n<meta name=\"robots\" content=\"noindex, nofollow\" \/>\n<meta property=\"og:locale\" content=\"en_US\" \/>\n<meta property=\"og:type\" content=\"article\" \/>\n<meta property=\"og:title\" content=\"Privacy policy - El Bel\u00e9n de Roca, Meliana, Valencia\" \/>\n<meta property=\"og:description\" content=\"Privacy policy . El Bel\u00e9n de Roca, Meliana, Valencia. Bel\u00e9n de Navidad con m\u00e1s piezas de Espa\u00f1a.\" \/>\n<meta property=\"og:url\" content=\"https:\/\/www.belenderoca.com\/en\/privacy-policy\/\" \/>\n<meta property=\"og:site_name\" content=\"El Bel\u00e9n de Roca, Meliana, Valencia\" \/>\n<meta property=\"article:publisher\" content=\"https:\/\/www.facebook.com\/belenderoca\" \/>\n<meta property=\"article:modified_time\" content=\"2024-09-23T11:30:15+00:00\" \/>\n<meta name=\"twitter:card\" content=\"summary_large_image\" \/>\n<meta name=\"twitter:label1\" content=\"Est. reading time\" \/>\n\t<meta name=\"twitter:data1\" content=\"8 minutes\" \/>\n<script type=\"application\/ld+json\" class=\"yoast-schema-graph\">{\"@context\":\"https:\/\/schema.org\",\"@graph\":[{\"@type\":\"WebPage\",\"@id\":\"https:\/\/www.belenderoca.com\/en\/privacy-policy\/\",\"url\":\"https:\/\/www.belenderoca.com\/en\/privacy-policy\/\",\"name\":\"Privacy policy - El Bel\u00e9n de Roca, Meliana, Valencia\",\"isPartOf\":{\"@id\":\"https:\/\/www.belenderoca.com\/en\/#website\"},\"datePublished\":\"2024-09-23T11:07:49+00:00\",\"dateModified\":\"2024-09-23T11:30:15+00:00\",\"description\":\"Privacy policy . El Bel\u00e9n de Roca, Meliana, Valencia. Bel\u00e9n de Navidad con m\u00e1s piezas de Espa\u00f1a.\",\"inLanguage\":\"en-US\",\"potentialAction\":[{\"@type\":\"ReadAction\",\"target\":[\"https:\/\/www.belenderoca.com\/en\/privacy-policy\/\"]}]},{\"@type\":\"WebSite\",\"@id\":\"https:\/\/www.belenderoca.com\/en\/#website\",\"url\":\"https:\/\/www.belenderoca.com\/en\/\",\"name\":\"El Bel\u00e9n de Roca, Meliana, Valencia\",\"description\":\"\",\"publisher\":{\"@id\":\"https:\/\/www.belenderoca.com\/en\/#organization\"},\"potentialAction\":[{\"@type\":\"SearchAction\",\"target\":{\"@type\":\"EntryPoint\",\"urlTemplate\":\"https:\/\/www.belenderoca.com\/en\/?s={search_term_string}\"},\"query-input\":{\"@type\":\"PropertyValueSpecification\",\"valueRequired\":true,\"valueName\":\"search_term_string\"}}],\"inLanguage\":\"en-US\"},{\"@type\":\"Organization\",\"@id\":\"https:\/\/www.belenderoca.com\/en\/#organization\",\"name\":\"El Bel\u00e9n de Roca, Meliana, Valencia\",\"url\":\"https:\/\/www.belenderoca.com\/en\/\",\"logo\":{\"@type\":\"ImageObject\",\"inLanguage\":\"en-US\",\"@id\":\"https:\/\/www.belenderoca.com\/en\/#\/schema\/logo\/image\/\",\"url\":\"https:\/\/www.belenderoca.com\/wp-content\/uploads\/2022\/12\/favicon-el-belen-de-roca.jpg\",\"contentUrl\":\"https:\/\/www.belenderoca.com\/wp-content\/uploads\/2022\/12\/favicon-el-belen-de-roca.jpg\",\"width\":250,\"height\":250,\"caption\":\"El Bel\u00e9n de Roca, Meliana, Valencia\"},\"image\":{\"@id\":\"https:\/\/www.belenderoca.com\/en\/#\/schema\/logo\/image\/\"},\"sameAs\":[\"https:\/\/www.facebook.com\/belenderoca\"]}]}<\/script>\n<!-- \/ Yoast SEO plugin. -->","yoast_head_json":{"title":"Privacy policy - El Bel\u00e9n de Roca, Meliana, Valencia","description":"Privacy policy . El Bel\u00e9n de Roca, Meliana, Valencia. Bel\u00e9n de Navidad con m\u00e1s piezas de Espa\u00f1a.","robots":{"index":"noindex","follow":"nofollow"},"og_locale":"en_US","og_type":"article","og_title":"Privacy policy - El Bel\u00e9n de Roca, Meliana, Valencia","og_description":"Privacy policy . El Bel\u00e9n de Roca, Meliana, Valencia. Bel\u00e9n de Navidad con m\u00e1s piezas de Espa\u00f1a.","og_url":"https:\/\/www.belenderoca.com\/en\/privacy-policy\/","og_site_name":"El Bel\u00e9n de Roca, Meliana, Valencia","article_publisher":"https:\/\/www.facebook.com\/belenderoca","article_modified_time":"2024-09-23T11:30:15+00:00","twitter_card":"summary_large_image","twitter_misc":{"Est. reading time":"8 minutes"},"schema":{"@context":"https:\/\/schema.org","@graph":[{"@type":"WebPage","@id":"https:\/\/www.belenderoca.com\/en\/privacy-policy\/","url":"https:\/\/www.belenderoca.com\/en\/privacy-policy\/","name":"Privacy policy - El Bel\u00e9n de Roca, Meliana, Valencia","isPartOf":{"@id":"https:\/\/www.belenderoca.com\/en\/#website"},"datePublished":"2024-09-23T11:07:49+00:00","dateModified":"2024-09-23T11:30:15+00:00","description":"Privacy policy . El Bel\u00e9n de Roca, Meliana, Valencia. Bel\u00e9n de Navidad con m\u00e1s piezas de Espa\u00f1a.","inLanguage":"en-US","potentialAction":[{"@type":"ReadAction","target":["https:\/\/www.belenderoca.com\/en\/privacy-policy\/"]}]},{"@type":"WebSite","@id":"https:\/\/www.belenderoca.com\/en\/#website","url":"https:\/\/www.belenderoca.com\/en\/","name":"El Bel\u00e9n de Roca, Meliana, Valencia","description":"","publisher":{"@id":"https:\/\/www.belenderoca.com\/en\/#organization"},"potentialAction":[{"@type":"SearchAction","target":{"@type":"EntryPoint","urlTemplate":"https:\/\/www.belenderoca.com\/en\/?s={search_term_string}"},"query-input":{"@type":"PropertyValueSpecification","valueRequired":true,"valueName":"search_term_string"}}],"inLanguage":"en-US"},{"@type":"Organization","@id":"https:\/\/www.belenderoca.com\/en\/#organization","name":"El Bel\u00e9n de Roca, Meliana, Valencia","url":"https:\/\/www.belenderoca.com\/en\/","logo":{"@type":"ImageObject","inLanguage":"en-US","@id":"https:\/\/www.belenderoca.com\/en\/#\/schema\/logo\/image\/","url":"https:\/\/www.belenderoca.com\/wp-content\/uploads\/2022\/12\/favicon-el-belen-de-roca.jpg","contentUrl":"https:\/\/www.belenderoca.com\/wp-content\/uploads\/2022\/12\/favicon-el-belen-de-roca.jpg","width":250,"height":250,"caption":"El Bel\u00e9n de Roca, Meliana, Valencia"},"image":{"@id":"https:\/\/www.belenderoca.com\/en\/#\/schema\/logo\/image\/"},"sameAs":["https:\/\/www.facebook.com\/belenderoca"]}]}},"_links":{"self":[{"href":"https:\/\/www.belenderoca.com\/en\/wp-json\/wp\/v2\/pages\/74724","targetHints":{"allow":["GET"]}}],"collection":[{"href":"https:\/\/www.belenderoca.com\/en\/wp-json\/wp\/v2\/pages"}],"about":[{"href":"https:\/\/www.belenderoca.com\/en\/wp-json\/wp\/v2\/types\/page"}],"author":[{"embeddable":true,"href":"https:\/\/www.belenderoca.com\/en\/wp-json\/wp\/v2\/users\/6"}],"replies":[{"embeddable":true,"href":"https:\/\/www.belenderoca.com\/en\/wp-json\/wp\/v2\/comments?post=74724"}],"version-history":[{"count":2,"href":"https:\/\/www.belenderoca.com\/en\/wp-json\/wp\/v2\/pages\/74724\/revisions"}],"predecessor-version":[{"id":74737,"href":"https:\/\/www.belenderoca.com\/en\/wp-json\/wp\/v2\/pages\/74724\/revisions\/74737"}],"wp:attachment":[{"href":"https:\/\/www.belenderoca.com\/en\/wp-json\/wp\/v2\/media?parent=74724"}],"curies":[{"name":"wp","href":"https:\/\/api.w.org\/{rel}","templated":true}]}}