{"id":74423,"date":"2022-12-26T15:46:34","date_gmt":"2022-12-26T14:46:34","guid":{"rendered":"https:\/\/belenderoca.com\/belen-solidario\/"},"modified":"2024-09-10T13:50:15","modified_gmt":"2024-09-10T11:50:15","slug":"belen-solidario","status":"publish","type":"page","link":"https:\/\/www.belenderoca.com\/en\/belen-solidario\/","title":{"rendered":"Bethlehem solidary"},"content":{"rendered":"<p><img loading=\"lazy\" decoding=\"async\" class=\"aligncenter wp-image-74676 size-medium\" src=\"https:\/\/www.belenderoca.com\/wp-content\/uploads\/2024\/09\/logo-manos-unidas-350x175.jpg\" sizes=\"auto, (max-width: 350px) 100vw, 350px\" srcset=\"https:\/\/www.belenderoca.com\/wp-content\/uploads\/2024\/09\/logo-manos-unidas-350x175.jpg 350w, https:\/\/www.belenderoca.com\/wp-content\/uploads\/2024\/09\/logo-manos-unidas-705x353.jpg 705w, https:\/\/www.belenderoca.com\/wp-content\/uploads\/2024\/09\/logo-manos-unidas-150x75.jpg 150w, https:\/\/www.belenderoca.com\/wp-content\/uploads\/2024\/09\/logo-manos-unidas-768x384.jpg 768w, https:\/\/www.belenderoca.com\/wp-content\/uploads\/2024\/09\/logo-manos-unidas-1536x768.jpg 1536w, https:\/\/www.belenderoca.com\/wp-content\/uploads\/2024\/09\/logo-manos-unidas-260x130.jpg 260w, https:\/\/www.belenderoca.com\/wp-content\/uploads\/2024\/09\/logo-manos-unidas-50x25.jpg 50w, https:\/\/www.belenderoca.com\/wp-content\/uploads\/2024\/09\/logo-manos-unidas.jpg 2000w\" alt=\"logo-manos-unidas\" width=\"350\" height=\"175\" \/><img loading=\"lazy\" decoding=\"async\" class=\"aligncenter size-medium wp-image-813\" title=\"logo-de-MSF\" src=\"https:\/\/belenderoca.com\/wp-content\/uploads\/2012\/03\/logo-de-MSF-350x301.jpg\" sizes=\"auto, (max-width: 350px) 100vw, 350px\" srcset=\"https:\/\/www.belenderoca.com\/wp-content\/uploads\/2012\/03\/logo-de-MSF-350x301.jpg 350w, https:\/\/www.belenderoca.com\/wp-content\/uploads\/2012\/03\/logo-de-MSF-150x129.jpg 150w, https:\/\/www.belenderoca.com\/wp-content\/uploads\/2012\/03\/logo-de-MSF.jpg 362w\" alt=\"\" width=\"350\" height=\"301\" \/><\/p>\n<p><img loading=\"lazy\" decoding=\"async\" class=\"aligncenter wp-image-814 size-medium\" title=\"fvf\" src=\"https:\/\/www.belenderoca.com\/wp-content\/uploads\/2012\/03\/fvf-350x69.gif\" sizes=\"auto, (max-width: 350px) 100vw, 350px\" srcset=\"https:\/\/www.belenderoca.com\/wp-content\/uploads\/2012\/03\/fvf-350x69.gif 350w, https:\/\/www.belenderoca.com\/wp-content\/uploads\/2012\/03\/fvf-150x29.gif 150w, https:\/\/www.belenderoca.com\/wp-content\/uploads\/2012\/03\/fvf.gif 500w\" alt=\"\" width=\"350\" height=\"69\" \/><\/p>\n<p>&nbsp;<\/p>\n<p><img loading=\"lazy\" decoding=\"async\" class=\"aligncenter size-medium wp-image-74672\" src=\"https:\/\/www.belenderoca.com\/wp-content\/uploads\/2024\/09\/logo-cruz-roja-350x83.png\" sizes=\"auto, (max-width: 350px) 100vw, 350px\" srcset=\"https:\/\/www.belenderoca.com\/wp-content\/uploads\/2024\/09\/logo-cruz-roja-350x83.png 350w, https:\/\/www.belenderoca.com\/wp-content\/uploads\/2024\/09\/logo-cruz-roja-705x166.png 705w, https:\/\/www.belenderoca.com\/wp-content\/uploads\/2024\/09\/logo-cruz-roja-150x35.png 150w, https:\/\/www.belenderoca.com\/wp-content\/uploads\/2024\/09\/logo-cruz-roja-768x181.png 768w, https:\/\/www.belenderoca.com\/wp-content\/uploads\/2024\/09\/logo-cruz-roja-1536x362.png 1536w, https:\/\/www.belenderoca.com\/wp-content\/uploads\/2024\/09\/logo-cruz-roja-260x61.png 260w, https:\/\/www.belenderoca.com\/wp-content\/uploads\/2024\/09\/logo-cruz-roja-50x12.png 50w, https:\/\/www.belenderoca.com\/wp-content\/uploads\/2024\/09\/logo-cruz-roja-1920x463.png 1920w, https:\/\/www.belenderoca.com\/wp-content\/uploads\/2024\/09\/logo-cruz-roja.png 1964w\" alt=\"logo-cruz-roja\" width=\"350\" height=\"83\" \/><\/p>\n<p>&nbsp;<\/p>\n<p>We would also like to highlight the great work of catechesis offered to the children, since with the contemplation of different biblical scenes the main passages of the Gospel are recounted.<\/p>\n<p>If you wish to make a contribution to any of the NGOs with which we collaborate, you have the following bank account at your disposal:<\/p>\n<p>Name: ASSOCIACI\u00d3 BETLEM DE ROCA<\/p>\n<p>Bank: Caixa Popular<\/p>\n<p>Account number: ES71 3159 0017 7923 1548 6924<\/p>\n<p>&nbsp;<\/p>\n<p><strong>Thank you for the collaboration of all of you who visit the Nativity Scene.<\/strong><\/p>\n","protected":false},"excerpt":{"rendered":"<p>&nbsp; &nbsp; We would also like to highlight the great work of catechesis offered to the children, since with the contemplation of different biblical scenes the<span class=\"excerpt-hellip\"> [\u2026]<\/span><\/p>\n","protected":false},"author":1,"featured_media":0,"parent":0,"menu_order":0,"comment_status":"closed","ping_status":"closed","template":"","meta":{"footnotes":""},"class_list":["post-74423","page","type-page","status-publish","hentry"],"yoast_head":"<!-- This site is optimized with the Yoast SEO plugin v26.4 - https:\/\/yoast.com\/wordpress\/plugins\/seo\/ -->\n<title>Bethlehem solidary - El Bel\u00e9n de Roca, Meliana, Valencia<\/title>\n<meta name=\"description\" content=\"Bethlehem solidary . El Bel\u00e9n de Roca, Meliana, Valencia. Bel\u00e9n de Navidad con m\u00e1s piezas de Espa\u00f1a.\" \/>\n<meta name=\"robots\" content=\"index, follow, max-snippet:-1, max-image-preview:large, max-video-preview:-1\" \/>\n<link rel=\"canonical\" href=\"https:\/\/www.belenderoca.com\/en\/belen-solidario\/\" \/>\n<meta property=\"og:locale\" content=\"en_US\" \/>\n<meta property=\"og:type\" content=\"article\" \/>\n<meta property=\"og:title\" content=\"Bethlehem solidary - El Bel\u00e9n de Roca, Meliana, Valencia\" \/>\n<meta property=\"og:description\" content=\"Bethlehem solidary . El Bel\u00e9n de Roca, Meliana, Valencia. Bel\u00e9n de Navidad con m\u00e1s piezas de Espa\u00f1a.\" \/>\n<meta property=\"og:url\" content=\"https:\/\/www.belenderoca.com\/en\/belen-solidario\/\" \/>\n<meta property=\"og:site_name\" content=\"El Bel\u00e9n de Roca, Meliana, Valencia\" \/>\n<meta property=\"article:publisher\" content=\"https:\/\/www.facebook.com\/belenderoca\" \/>\n<meta property=\"article:modified_time\" content=\"2024-09-10T11:50:15+00:00\" \/>\n<meta property=\"og:image\" content=\"https:\/\/www.belenderoca.com\/wp-content\/uploads\/2024\/09\/logo-manos-unidas-350x175.jpg\" \/>\n<meta name=\"twitter:card\" content=\"summary_large_image\" \/>\n<meta name=\"twitter:label1\" content=\"Est. reading time\" \/>\n\t<meta name=\"twitter:data1\" content=\"2 minutes\" \/>\n<script type=\"application\/ld+json\" class=\"yoast-schema-graph\">{\"@context\":\"https:\/\/schema.org\",\"@graph\":[{\"@type\":\"WebPage\",\"@id\":\"https:\/\/www.belenderoca.com\/en\/belen-solidario\/\",\"url\":\"https:\/\/www.belenderoca.com\/en\/belen-solidario\/\",\"name\":\"Bethlehem solidary - El Bel\u00e9n de Roca, Meliana, Valencia\",\"isPartOf\":{\"@id\":\"https:\/\/www.belenderoca.com\/en\/#website\"},\"primaryImageOfPage\":{\"@id\":\"https:\/\/www.belenderoca.com\/en\/belen-solidario\/#primaryimage\"},\"image\":{\"@id\":\"https:\/\/www.belenderoca.com\/en\/belen-solidario\/#primaryimage\"},\"thumbnailUrl\":\"https:\/\/www.belenderoca.com\/wp-content\/uploads\/2024\/09\/logo-manos-unidas-350x175.jpg\",\"datePublished\":\"2022-12-26T14:46:34+00:00\",\"dateModified\":\"2024-09-10T11:50:15+00:00\",\"description\":\"Bethlehem solidary . El Bel\u00e9n de Roca, Meliana, Valencia. Bel\u00e9n de Navidad con m\u00e1s piezas de Espa\u00f1a.\",\"inLanguage\":\"en-US\",\"potentialAction\":[{\"@type\":\"ReadAction\",\"target\":[\"https:\/\/www.belenderoca.com\/en\/belen-solidario\/\"]}]},{\"@type\":\"ImageObject\",\"inLanguage\":\"en-US\",\"@id\":\"https:\/\/www.belenderoca.com\/en\/belen-solidario\/#primaryimage\",\"url\":\"https:\/\/www.belenderoca.com\/wp-content\/uploads\/2024\/09\/logo-manos-unidas-350x175.jpg\",\"contentUrl\":\"https:\/\/www.belenderoca.com\/wp-content\/uploads\/2024\/09\/logo-manos-unidas-350x175.jpg\"},{\"@type\":\"WebSite\",\"@id\":\"https:\/\/www.belenderoca.com\/en\/#website\",\"url\":\"https:\/\/www.belenderoca.com\/en\/\",\"name\":\"El Bel\u00e9n de Roca, Meliana, Valencia\",\"description\":\"\",\"publisher\":{\"@id\":\"https:\/\/www.belenderoca.com\/en\/#organization\"},\"potentialAction\":[{\"@type\":\"SearchAction\",\"target\":{\"@type\":\"EntryPoint\",\"urlTemplate\":\"https:\/\/www.belenderoca.com\/en\/?s={search_term_string}\"},\"query-input\":{\"@type\":\"PropertyValueSpecification\",\"valueRequired\":true,\"valueName\":\"search_term_string\"}}],\"inLanguage\":\"en-US\"},{\"@type\":\"Organization\",\"@id\":\"https:\/\/www.belenderoca.com\/en\/#organization\",\"name\":\"El Bel\u00e9n de Roca, Meliana, Valencia\",\"url\":\"https:\/\/www.belenderoca.com\/en\/\",\"logo\":{\"@type\":\"ImageObject\",\"inLanguage\":\"en-US\",\"@id\":\"https:\/\/www.belenderoca.com\/en\/#\/schema\/logo\/image\/\",\"url\":\"https:\/\/www.belenderoca.com\/wp-content\/uploads\/2022\/12\/favicon-el-belen-de-roca.jpg\",\"contentUrl\":\"https:\/\/www.belenderoca.com\/wp-content\/uploads\/2022\/12\/favicon-el-belen-de-roca.jpg\",\"width\":250,\"height\":250,\"caption\":\"El Bel\u00e9n de Roca, Meliana, Valencia\"},\"image\":{\"@id\":\"https:\/\/www.belenderoca.com\/en\/#\/schema\/logo\/image\/\"},\"sameAs\":[\"https:\/\/www.facebook.com\/belenderoca\"]}]}<\/script>\n<!-- \/ Yoast SEO plugin. -->","yoast_head_json":{"title":"Bethlehem solidary - El Bel\u00e9n de Roca, Meliana, Valencia","description":"Bethlehem solidary . El Bel\u00e9n de Roca, Meliana, Valencia. Bel\u00e9n de Navidad con m\u00e1s piezas de Espa\u00f1a.","robots":{"index":"index","follow":"follow","max-snippet":"max-snippet:-1","max-image-preview":"max-image-preview:large","max-video-preview":"max-video-preview:-1"},"canonical":"https:\/\/www.belenderoca.com\/en\/belen-solidario\/","og_locale":"en_US","og_type":"article","og_title":"Bethlehem solidary - El Bel\u00e9n de Roca, Meliana, Valencia","og_description":"Bethlehem solidary . El Bel\u00e9n de Roca, Meliana, Valencia. Bel\u00e9n de Navidad con m\u00e1s piezas de Espa\u00f1a.","og_url":"https:\/\/www.belenderoca.com\/en\/belen-solidario\/","og_site_name":"El Bel\u00e9n de Roca, Meliana, Valencia","article_publisher":"https:\/\/www.facebook.com\/belenderoca","article_modified_time":"2024-09-10T11:50:15+00:00","og_image":[{"url":"https:\/\/www.belenderoca.com\/wp-content\/uploads\/2024\/09\/logo-manos-unidas-350x175.jpg","type":"","width":"","height":""}],"twitter_card":"summary_large_image","twitter_misc":{"Est. reading time":"2 minutes"},"schema":{"@context":"https:\/\/schema.org","@graph":[{"@type":"WebPage","@id":"https:\/\/www.belenderoca.com\/en\/belen-solidario\/","url":"https:\/\/www.belenderoca.com\/en\/belen-solidario\/","name":"Bethlehem solidary - El Bel\u00e9n de Roca, Meliana, Valencia","isPartOf":{"@id":"https:\/\/www.belenderoca.com\/en\/#website"},"primaryImageOfPage":{"@id":"https:\/\/www.belenderoca.com\/en\/belen-solidario\/#primaryimage"},"image":{"@id":"https:\/\/www.belenderoca.com\/en\/belen-solidario\/#primaryimage"},"thumbnailUrl":"https:\/\/www.belenderoca.com\/wp-content\/uploads\/2024\/09\/logo-manos-unidas-350x175.jpg","datePublished":"2022-12-26T14:46:34+00:00","dateModified":"2024-09-10T11:50:15+00:00","description":"Bethlehem solidary . El Bel\u00e9n de Roca, Meliana, Valencia. Bel\u00e9n de Navidad con m\u00e1s piezas de Espa\u00f1a.","inLanguage":"en-US","potentialAction":[{"@type":"ReadAction","target":["https:\/\/www.belenderoca.com\/en\/belen-solidario\/"]}]},{"@type":"ImageObject","inLanguage":"en-US","@id":"https:\/\/www.belenderoca.com\/en\/belen-solidario\/#primaryimage","url":"https:\/\/www.belenderoca.com\/wp-content\/uploads\/2024\/09\/logo-manos-unidas-350x175.jpg","contentUrl":"https:\/\/www.belenderoca.com\/wp-content\/uploads\/2024\/09\/logo-manos-unidas-350x175.jpg"},{"@type":"WebSite","@id":"https:\/\/www.belenderoca.com\/en\/#website","url":"https:\/\/www.belenderoca.com\/en\/","name":"El Bel\u00e9n de Roca, Meliana, Valencia","description":"","publisher":{"@id":"https:\/\/www.belenderoca.com\/en\/#organization"},"potentialAction":[{"@type":"SearchAction","target":{"@type":"EntryPoint","urlTemplate":"https:\/\/www.belenderoca.com\/en\/?s={search_term_string}"},"query-input":{"@type":"PropertyValueSpecification","valueRequired":true,"valueName":"search_term_string"}}],"inLanguage":"en-US"},{"@type":"Organization","@id":"https:\/\/www.belenderoca.com\/en\/#organization","name":"El Bel\u00e9n de Roca, Meliana, Valencia","url":"https:\/\/www.belenderoca.com\/en\/","logo":{"@type":"ImageObject","inLanguage":"en-US","@id":"https:\/\/www.belenderoca.com\/en\/#\/schema\/logo\/image\/","url":"https:\/\/www.belenderoca.com\/wp-content\/uploads\/2022\/12\/favicon-el-belen-de-roca.jpg","contentUrl":"https:\/\/www.belenderoca.com\/wp-content\/uploads\/2022\/12\/favicon-el-belen-de-roca.jpg","width":250,"height":250,"caption":"El Bel\u00e9n de Roca, Meliana, Valencia"},"image":{"@id":"https:\/\/www.belenderoca.com\/en\/#\/schema\/logo\/image\/"},"sameAs":["https:\/\/www.facebook.com\/belenderoca"]}]}},"_links":{"self":[{"href":"https:\/\/www.belenderoca.com\/en\/wp-json\/wp\/v2\/pages\/74423","targetHints":{"allow":["GET"]}}],"collection":[{"href":"https:\/\/www.belenderoca.com\/en\/wp-json\/wp\/v2\/pages"}],"about":[{"href":"https:\/\/www.belenderoca.com\/en\/wp-json\/wp\/v2\/types\/page"}],"author":[{"embeddable":true,"href":"https:\/\/www.belenderoca.com\/en\/wp-json\/wp\/v2\/users\/1"}],"replies":[{"embeddable":true,"href":"https:\/\/www.belenderoca.com\/en\/wp-json\/wp\/v2\/comments?post=74423"}],"version-history":[{"count":3,"href":"https:\/\/www.belenderoca.com\/en\/wp-json\/wp\/v2\/pages\/74423\/revisions"}],"predecessor-version":[{"id":74685,"href":"https:\/\/www.belenderoca.com\/en\/wp-json\/wp\/v2\/pages\/74423\/revisions\/74685"}],"wp:attachment":[{"href":"https:\/\/www.belenderoca.com\/en\/wp-json\/wp\/v2\/media?parent=74423"}],"curies":[{"name":"wp","href":"https:\/\/api.w.org\/{rel}","templated":true}]}}