{"id":74406,"date":"2022-12-26T15:40:37","date_gmt":"2022-12-26T14:40:37","guid":{"rendered":"https:\/\/belenderoca.com\/como-se-hace\/"},"modified":"2022-12-27T13:17:33","modified_gmt":"2022-12-27T12:17:33","slug":"comosehace","status":"publish","type":"page","link":"https:\/\/www.belenderoca.com\/en\/comosehace\/","title":{"rendered":"Are is made"},"content":{"rendered":"<p><!--:--><!--:en--><\/p>\n<p>Bethlehem is the result of work done since its inception in 1990, the families Almela-Pascual and Pascual-Domenech, with the help of a few friends under the baton of Melchor Almela (member of the Association of Valencia and Nativity Scene master Belenista). Throughout each year there are new figures, landscape elements and enriched the crib with new details. Today the Bethlehem occupies an area of \u200b\u200bover 50 square meters with about 6000 pieces including figures and animals. The figures that make up our nativity, are modeled from clay.<\/p>\n<p><a href=\"http:\/\/belenderoca.com\/wp-content\/uploads\/2012\/03\/Scan-120304-0041-20120809.jpg\"><img loading=\"lazy\" decoding=\"async\" class=\"alignnone size-large wp-image-733\" title=\"Scan-120304-0041-20120809\" src=\"http:\/\/belenderoca.com\/wp-content\/uploads\/2012\/03\/Scan-120304-0041-20120809-705x455.jpg\" alt=\"\" width=\"705\" height=\"455\" srcset=\"https:\/\/www.belenderoca.com\/wp-content\/uploads\/2012\/03\/Scan-120304-0041-20120809-705x455.jpg 705w, https:\/\/www.belenderoca.com\/wp-content\/uploads\/2012\/03\/Scan-120304-0041-20120809-150x96.jpg 150w, https:\/\/www.belenderoca.com\/wp-content\/uploads\/2012\/03\/Scan-120304-0041-20120809-350x225.jpg 350w, https:\/\/www.belenderoca.com\/wp-content\/uploads\/2012\/03\/Scan-120304-0041-20120809.jpg 1024w\" sizes=\"auto, (max-width: 705px) 100vw, 705px\" \/><\/a><\/p>\n<p>From the mass of mud and using different sized pallets are defining profiles of Fig. The details are made \u200b\u200bby joining small pieces of soft mud molded mud independently to create the complete picture.<\/p>\n<p><a href=\"http:\/\/belenderoca.com\/wp-content\/uploads\/2012\/03\/Scan-120304-0040-20120809.jpg\"><img loading=\"lazy\" decoding=\"async\" class=\"alignnone size-large wp-image-734\" title=\"Scan-120304-0040-20120809\" src=\"http:\/\/belenderoca.com\/wp-content\/uploads\/2012\/03\/Scan-120304-0040-20120809-705x455.jpg\" alt=\"\" width=\"705\" height=\"455\" srcset=\"https:\/\/www.belenderoca.com\/wp-content\/uploads\/2012\/03\/Scan-120304-0040-20120809-705x455.jpg 705w, https:\/\/www.belenderoca.com\/wp-content\/uploads\/2012\/03\/Scan-120304-0040-20120809-150x96.jpg 150w, https:\/\/www.belenderoca.com\/wp-content\/uploads\/2012\/03\/Scan-120304-0040-20120809-350x225.jpg 350w, https:\/\/www.belenderoca.com\/wp-content\/uploads\/2012\/03\/Scan-120304-0040-20120809.jpg 1024w\" sizes=\"auto, (max-width: 705px) 100vw, 705px\" \/><\/a><\/p>\n<p>Figure just finished is very fragile, so special treatment should be taken to make the cooking process in a professional pottery.<\/p>\n<p><a href=\"http:\/\/belenderoca.com\/wp-content\/uploads\/2012\/03\/forn.jpg\"><img loading=\"lazy\" decoding=\"async\" class=\"alignnone size-full wp-image-266\" title=\"Horno de alfarero\" src=\"http:\/\/belenderoca.com\/wp-content\/uploads\/2012\/03\/forn.jpg\" alt=\"\" width=\"250\" height=\"348\" srcset=\"https:\/\/www.belenderoca.com\/wp-content\/uploads\/2012\/03\/forn.jpg 250w, https:\/\/www.belenderoca.com\/wp-content\/uploads\/2012\/03\/forn-150x208.jpg 150w\" sizes=\"auto, (max-width: 250px) 100vw, 250px\" \/><\/a><\/p>\n<p>After cooking, we will have achieved that figure has great strength, just a big bump or fall could break it down. At this time only subtract using acrylic paints to color<\/p>\n<p><a href=\"http:\/\/belenderoca.com\/wp-content\/uploads\/2012\/03\/Scan-120304-0045-20120809.jpg\"><img loading=\"lazy\" decoding=\"async\" class=\"alignnone size-large wp-image-735\" title=\"Scan-120304-0045-20120809\" src=\"http:\/\/belenderoca.com\/wp-content\/uploads\/2012\/03\/Scan-120304-0045-20120809-705x455.jpg\" alt=\"\" width=\"705\" height=\"455\" srcset=\"https:\/\/www.belenderoca.com\/wp-content\/uploads\/2012\/03\/Scan-120304-0045-20120809-705x455.jpg 705w, https:\/\/www.belenderoca.com\/wp-content\/uploads\/2012\/03\/Scan-120304-0045-20120809-150x96.jpg 150w, https:\/\/www.belenderoca.com\/wp-content\/uploads\/2012\/03\/Scan-120304-0045-20120809-350x225.jpg 350w, https:\/\/www.belenderoca.com\/wp-content\/uploads\/2012\/03\/Scan-120304-0045-20120809.jpg 1024w\" sizes=\"auto, (max-width: 705px) 100vw, 705px\" \/><\/a><\/p>\n<p>The duration of the whole process depends on the expressiveness we want to give the figure, as this will require greater dedication. From these figures one can design molds made \u200b\u200bof plaster that allow the reproduction of shapes with ease.<\/p>\n<p><a href=\"http:\/\/belenderoca.com\/wp-content\/uploads\/2012\/03\/Scan-120304-0043-20120809.jpg\"><img loading=\"lazy\" decoding=\"async\" class=\"alignnone size-large wp-image-736\" title=\"Scan-120304-0043-20120809\" src=\"http:\/\/belenderoca.com\/wp-content\/uploads\/2012\/03\/Scan-120304-0043-20120809-705x455.jpg\" alt=\"\" width=\"705\" height=\"455\" srcset=\"https:\/\/www.belenderoca.com\/wp-content\/uploads\/2012\/03\/Scan-120304-0043-20120809-705x455.jpg 705w, https:\/\/www.belenderoca.com\/wp-content\/uploads\/2012\/03\/Scan-120304-0043-20120809-150x96.jpg 150w, https:\/\/www.belenderoca.com\/wp-content\/uploads\/2012\/03\/Scan-120304-0043-20120809-350x225.jpg 350w, https:\/\/www.belenderoca.com\/wp-content\/uploads\/2012\/03\/Scan-120304-0043-20120809.jpg 1024w\" sizes=\"auto, (max-width: 705px) 100vw, 705px\" \/><\/a><\/p>\n<p>Apart from the figures also do palm trees, buildings, rivers, tanks, cages, sources, movement and much more. Each family member brings his creative part in the realization of the crib. We also have artistic contribution of a group of friends.<\/p>\n<p><a href=\"http:\/\/belenderoca.com\/wp-content\/uploads\/2012\/03\/Scan-120304-0002-20120809.jpg\"><img loading=\"lazy\" decoding=\"async\" class=\"alignnone size-large wp-image-737\" title=\"Scan-120304-0002-20120809\" src=\"http:\/\/belenderoca.com\/wp-content\/uploads\/2012\/03\/Scan-120304-0002-20120809-705x455.jpg\" alt=\"\" width=\"705\" height=\"455\" srcset=\"https:\/\/www.belenderoca.com\/wp-content\/uploads\/2012\/03\/Scan-120304-0002-20120809-705x455.jpg 705w, https:\/\/www.belenderoca.com\/wp-content\/uploads\/2012\/03\/Scan-120304-0002-20120809-150x96.jpg 150w, https:\/\/www.belenderoca.com\/wp-content\/uploads\/2012\/03\/Scan-120304-0002-20120809-350x225.jpg 350w, https:\/\/www.belenderoca.com\/wp-content\/uploads\/2012\/03\/Scan-120304-0002-20120809.jpg 1024w\" sizes=\"auto, (max-width: 705px) 100vw, 705px\" \/><\/a><\/p>\n<p>[widgetkit id=729]<\/p>\n","protected":false},"excerpt":{"rendered":"<p>Bethlehem is the result of work done since its inception in 1990, the families Almela-Pascual and Pascual-Domenech, with the help of a few friends under the<span class=\"excerpt-hellip\"> [\u2026]<\/span><\/p>\n","protected":false},"author":1,"featured_media":0,"parent":0,"menu_order":0,"comment_status":"closed","ping_status":"closed","template":"","meta":{"footnotes":""},"class_list":["post-74406","page","type-page","status-publish","hentry"],"yoast_head":"<!-- This site is optimized with the Yoast SEO plugin v26.4 - https:\/\/yoast.com\/wordpress\/plugins\/seo\/ -->\n<title>Are is made - El Bel\u00e9n de Roca, Meliana, Valencia<\/title>\n<meta name=\"description\" content=\"Are is made . El Bel\u00e9n de Roca, Meliana, Valencia. Bel\u00e9n de Navidad con m\u00e1s piezas de Espa\u00f1a.\" \/>\n<meta name=\"robots\" content=\"index, follow, max-snippet:-1, max-image-preview:large, max-video-preview:-1\" \/>\n<link rel=\"canonical\" href=\"https:\/\/www.belenderoca.com\/en\/comosehace\/\" \/>\n<meta property=\"og:locale\" content=\"en_US\" \/>\n<meta property=\"og:type\" content=\"article\" \/>\n<meta property=\"og:title\" content=\"Are is made - El Bel\u00e9n de Roca, Meliana, Valencia\" \/>\n<meta property=\"og:description\" content=\"Are is made . El Bel\u00e9n de Roca, Meliana, Valencia. Bel\u00e9n de Navidad con m\u00e1s piezas de Espa\u00f1a.\" \/>\n<meta property=\"og:url\" content=\"https:\/\/www.belenderoca.com\/en\/comosehace\/\" \/>\n<meta property=\"og:site_name\" content=\"El Bel\u00e9n de Roca, Meliana, Valencia\" \/>\n<meta property=\"article:publisher\" content=\"https:\/\/www.facebook.com\/belenderoca\" \/>\n<meta property=\"article:modified_time\" content=\"2022-12-27T12:17:33+00:00\" \/>\n<meta property=\"og:image\" content=\"http:\/\/belenderoca.com\/wp-content\/uploads\/2012\/03\/Scan-120304-0041-20120809-705x455.jpg\" \/>\n<meta name=\"twitter:card\" content=\"summary_large_image\" \/>\n<meta name=\"twitter:label1\" content=\"Est. reading time\" \/>\n\t<meta name=\"twitter:data1\" content=\"1 minute\" \/>\n<script type=\"application\/ld+json\" class=\"yoast-schema-graph\">{\"@context\":\"https:\/\/schema.org\",\"@graph\":[{\"@type\":\"WebPage\",\"@id\":\"https:\/\/www.belenderoca.com\/en\/comosehace\/\",\"url\":\"https:\/\/www.belenderoca.com\/en\/comosehace\/\",\"name\":\"Are is made - El Bel\u00e9n de Roca, Meliana, Valencia\",\"isPartOf\":{\"@id\":\"https:\/\/www.belenderoca.com\/en\/#website\"},\"primaryImageOfPage\":{\"@id\":\"https:\/\/www.belenderoca.com\/en\/comosehace\/#primaryimage\"},\"image\":{\"@id\":\"https:\/\/www.belenderoca.com\/en\/comosehace\/#primaryimage\"},\"thumbnailUrl\":\"http:\/\/belenderoca.com\/wp-content\/uploads\/2012\/03\/Scan-120304-0041-20120809-705x455.jpg\",\"datePublished\":\"2022-12-26T14:40:37+00:00\",\"dateModified\":\"2022-12-27T12:17:33+00:00\",\"description\":\"Are is made . El Bel\u00e9n de Roca, Meliana, Valencia. Bel\u00e9n de Navidad con m\u00e1s piezas de Espa\u00f1a.\",\"inLanguage\":\"en-US\",\"potentialAction\":[{\"@type\":\"ReadAction\",\"target\":[\"https:\/\/www.belenderoca.com\/en\/comosehace\/\"]}]},{\"@type\":\"ImageObject\",\"inLanguage\":\"en-US\",\"@id\":\"https:\/\/www.belenderoca.com\/en\/comosehace\/#primaryimage\",\"url\":\"http:\/\/belenderoca.com\/wp-content\/uploads\/2012\/03\/Scan-120304-0041-20120809-705x455.jpg\",\"contentUrl\":\"http:\/\/belenderoca.com\/wp-content\/uploads\/2012\/03\/Scan-120304-0041-20120809-705x455.jpg\"},{\"@type\":\"WebSite\",\"@id\":\"https:\/\/www.belenderoca.com\/en\/#website\",\"url\":\"https:\/\/www.belenderoca.com\/en\/\",\"name\":\"El Bel\u00e9n de Roca, Meliana, Valencia\",\"description\":\"\",\"publisher\":{\"@id\":\"https:\/\/www.belenderoca.com\/en\/#organization\"},\"potentialAction\":[{\"@type\":\"SearchAction\",\"target\":{\"@type\":\"EntryPoint\",\"urlTemplate\":\"https:\/\/www.belenderoca.com\/en\/?s={search_term_string}\"},\"query-input\":{\"@type\":\"PropertyValueSpecification\",\"valueRequired\":true,\"valueName\":\"search_term_string\"}}],\"inLanguage\":\"en-US\"},{\"@type\":\"Organization\",\"@id\":\"https:\/\/www.belenderoca.com\/en\/#organization\",\"name\":\"El Bel\u00e9n de Roca, Meliana, Valencia\",\"url\":\"https:\/\/www.belenderoca.com\/en\/\",\"logo\":{\"@type\":\"ImageObject\",\"inLanguage\":\"en-US\",\"@id\":\"https:\/\/www.belenderoca.com\/en\/#\/schema\/logo\/image\/\",\"url\":\"https:\/\/www.belenderoca.com\/wp-content\/uploads\/2022\/12\/favicon-el-belen-de-roca.jpg\",\"contentUrl\":\"https:\/\/www.belenderoca.com\/wp-content\/uploads\/2022\/12\/favicon-el-belen-de-roca.jpg\",\"width\":250,\"height\":250,\"caption\":\"El Bel\u00e9n de Roca, Meliana, Valencia\"},\"image\":{\"@id\":\"https:\/\/www.belenderoca.com\/en\/#\/schema\/logo\/image\/\"},\"sameAs\":[\"https:\/\/www.facebook.com\/belenderoca\"]}]}<\/script>\n<!-- \/ Yoast SEO plugin. -->","yoast_head_json":{"title":"Are is made - El Bel\u00e9n de Roca, Meliana, Valencia","description":"Are is made . El Bel\u00e9n de Roca, Meliana, Valencia. Bel\u00e9n de Navidad con m\u00e1s piezas de Espa\u00f1a.","robots":{"index":"index","follow":"follow","max-snippet":"max-snippet:-1","max-image-preview":"max-image-preview:large","max-video-preview":"max-video-preview:-1"},"canonical":"https:\/\/www.belenderoca.com\/en\/comosehace\/","og_locale":"en_US","og_type":"article","og_title":"Are is made - El Bel\u00e9n de Roca, Meliana, Valencia","og_description":"Are is made . El Bel\u00e9n de Roca, Meliana, Valencia. Bel\u00e9n de Navidad con m\u00e1s piezas de Espa\u00f1a.","og_url":"https:\/\/www.belenderoca.com\/en\/comosehace\/","og_site_name":"El Bel\u00e9n de Roca, Meliana, Valencia","article_publisher":"https:\/\/www.facebook.com\/belenderoca","article_modified_time":"2022-12-27T12:17:33+00:00","og_image":[{"url":"http:\/\/belenderoca.com\/wp-content\/uploads\/2012\/03\/Scan-120304-0041-20120809-705x455.jpg","type":"","width":"","height":""}],"twitter_card":"summary_large_image","twitter_misc":{"Est. reading time":"1 minute"},"schema":{"@context":"https:\/\/schema.org","@graph":[{"@type":"WebPage","@id":"https:\/\/www.belenderoca.com\/en\/comosehace\/","url":"https:\/\/www.belenderoca.com\/en\/comosehace\/","name":"Are is made - El Bel\u00e9n de Roca, Meliana, Valencia","isPartOf":{"@id":"https:\/\/www.belenderoca.com\/en\/#website"},"primaryImageOfPage":{"@id":"https:\/\/www.belenderoca.com\/en\/comosehace\/#primaryimage"},"image":{"@id":"https:\/\/www.belenderoca.com\/en\/comosehace\/#primaryimage"},"thumbnailUrl":"http:\/\/belenderoca.com\/wp-content\/uploads\/2012\/03\/Scan-120304-0041-20120809-705x455.jpg","datePublished":"2022-12-26T14:40:37+00:00","dateModified":"2022-12-27T12:17:33+00:00","description":"Are is made . El Bel\u00e9n de Roca, Meliana, Valencia. Bel\u00e9n de Navidad con m\u00e1s piezas de Espa\u00f1a.","inLanguage":"en-US","potentialAction":[{"@type":"ReadAction","target":["https:\/\/www.belenderoca.com\/en\/comosehace\/"]}]},{"@type":"ImageObject","inLanguage":"en-US","@id":"https:\/\/www.belenderoca.com\/en\/comosehace\/#primaryimage","url":"http:\/\/belenderoca.com\/wp-content\/uploads\/2012\/03\/Scan-120304-0041-20120809-705x455.jpg","contentUrl":"http:\/\/belenderoca.com\/wp-content\/uploads\/2012\/03\/Scan-120304-0041-20120809-705x455.jpg"},{"@type":"WebSite","@id":"https:\/\/www.belenderoca.com\/en\/#website","url":"https:\/\/www.belenderoca.com\/en\/","name":"El Bel\u00e9n de Roca, Meliana, Valencia","description":"","publisher":{"@id":"https:\/\/www.belenderoca.com\/en\/#organization"},"potentialAction":[{"@type":"SearchAction","target":{"@type":"EntryPoint","urlTemplate":"https:\/\/www.belenderoca.com\/en\/?s={search_term_string}"},"query-input":{"@type":"PropertyValueSpecification","valueRequired":true,"valueName":"search_term_string"}}],"inLanguage":"en-US"},{"@type":"Organization","@id":"https:\/\/www.belenderoca.com\/en\/#organization","name":"El Bel\u00e9n de Roca, Meliana, Valencia","url":"https:\/\/www.belenderoca.com\/en\/","logo":{"@type":"ImageObject","inLanguage":"en-US","@id":"https:\/\/www.belenderoca.com\/en\/#\/schema\/logo\/image\/","url":"https:\/\/www.belenderoca.com\/wp-content\/uploads\/2022\/12\/favicon-el-belen-de-roca.jpg","contentUrl":"https:\/\/www.belenderoca.com\/wp-content\/uploads\/2022\/12\/favicon-el-belen-de-roca.jpg","width":250,"height":250,"caption":"El Bel\u00e9n de Roca, Meliana, Valencia"},"image":{"@id":"https:\/\/www.belenderoca.com\/en\/#\/schema\/logo\/image\/"},"sameAs":["https:\/\/www.facebook.com\/belenderoca"]}]}},"_links":{"self":[{"href":"https:\/\/www.belenderoca.com\/en\/wp-json\/wp\/v2\/pages\/74406","targetHints":{"allow":["GET"]}}],"collection":[{"href":"https:\/\/www.belenderoca.com\/en\/wp-json\/wp\/v2\/pages"}],"about":[{"href":"https:\/\/www.belenderoca.com\/en\/wp-json\/wp\/v2\/types\/page"}],"author":[{"embeddable":true,"href":"https:\/\/www.belenderoca.com\/en\/wp-json\/wp\/v2\/users\/1"}],"replies":[{"embeddable":true,"href":"https:\/\/www.belenderoca.com\/en\/wp-json\/wp\/v2\/comments?post=74406"}],"version-history":[{"count":3,"href":"https:\/\/www.belenderoca.com\/en\/wp-json\/wp\/v2\/pages\/74406\/revisions"}],"predecessor-version":[{"id":74527,"href":"https:\/\/www.belenderoca.com\/en\/wp-json\/wp\/v2\/pages\/74406\/revisions\/74527"}],"wp:attachment":[{"href":"https:\/\/www.belenderoca.com\/en\/wp-json\/wp\/v2\/media?parent=74406"}],"curies":[{"name":"wp","href":"https:\/\/api.w.org\/{rel}","templated":true}]}}