{"id":74392,"date":"2022-12-26T15:35:26","date_gmt":"2022-12-26T14:35:26","guid":{"rendered":"https:\/\/belenderoca.com\/como-llegar\/"},"modified":"2022-12-27T13:18:05","modified_gmt":"2022-12-27T12:18:05","slug":"como-llegar","status":"publish","type":"page","link":"https:\/\/www.belenderoca.com\/en\/como-llegar\/","title":{"rendered":"How to arrive"},"content":{"rendered":"<p>The Bethlehem is located in the District of ROCA Meliana (Valencia-Horta Nord), at San Isidro, 43 low, compared to <a href=\"http:\/\/www.restaurantcaxoret.com\" target=\"_blank\" rel=\"noopener\">Ca Xoret<\/a>.<\/p>\n<p><iframe loading=\"lazy\" src=\"https:\/\/maps.google.es\/maps?f=q&amp;source=s_q&amp;hl=es&amp;geocode=&amp;q=belen+de+roca&amp;aq=&amp;sll=39.513566,-0.334283&amp;sspn=0.111111,0.154324&amp;t=m&amp;ie=UTF8&amp;hq=belen+de+roca&amp;hnear=&amp;ll=39.540323,-0.333366&amp;spn=0.132381,0.242043&amp;z=12&amp;iwloc=A&amp;output=embed\" width=\"705\" height=\"500\" frameborder=\"0\" marginwidth=\"0\" marginheight=\"0\" scrolling=\"no\"><\/iframe><br \/>\n<small><a style=\"color: #0000ff; text-align: left;\" href=\"https:\/\/maps.google.es\/maps?f=q&amp;source=embed&amp;hl=es&amp;geocode=&amp;q=belen+de+roca&amp;aq=&amp;sll=39.513566,-0.334283&amp;sspn=0.111111,0.154324&amp;t=m&amp;ie=UTF8&amp;hq=belen+de+roca&amp;hnear=&amp;ll=39.540323,-0.333366&amp;spn=0.132381,0.242043&amp;z=12&amp;iwloc=A\">Ver mapa m\u00e1s grande<\/a><\/small><\/p>\n<p>You can get the V-21 motorway towards Barcelona, first exit (Exit 14) Alm\u00e0ssera-Alboraia (up to Port Saplaya), about 6 km. Valencia.<\/p>\n<p><a href=\"http:\/\/belenderoca.com\/wp-content\/uploads\/2012\/08\/mapa-llegar.png\"><img loading=\"lazy\" decoding=\"async\" class=\"size-large wp-image-348 alignnone\" title=\"Clic para ampliar - Mapa como llegar\" src=\"http:\/\/belenderoca.com\/wp-content\/uploads\/2012\/08\/mapa-llegar-705x396.png\" alt=\"\" width=\"705\" height=\"396\" \/><\/a><\/p>\n<p>In the video below you can get an idea of the way coming from Valencia on the motorway V-21<\/p>\n<p><iframe loading=\"lazy\" src=\"http:\/\/www.youtube.com\/embed\/e63GXpKRAx0\" width=\"705\" height=\"397\" frameborder=\"0\"><\/iframe><\/p>\n<p>Also be reached using the C6 of Renfe. You have to get off at the station-Cuiper Roca. We have a partnership agreement with Renfe allowing discounts for groups over 10 people. More information at this web address <a href=\"http:\/\/www.renfe.com\/viajeros\/cercanias\/valencia\/catalogo\/Valencia_belen.html\">http:\/\/www.renfe.com\/viajeros\/cercanias\/valencia\/catalogo\/Valencia_belen.html<\/a>.<\/p>\n<p>Renfe&#8217;s phone is group information 96 33 72 61.<\/p>\n<p><a href=\"http:\/\/www.renfe.com\/viajeros\/cercanias\/valencia\/index.html\" target=\"_blank\" rel=\"noopener\"><img loading=\"lazy\" decoding=\"async\" class=\"size-large wp-image-351 alignnone\" title=\"Renfe Cercanias\" src=\"http:\/\/belenderoca.com\/wp-content\/uploads\/2012\/03\/renfecercanias-705x396.jpg\" alt=\"\" width=\"705\" height=\"396\" srcset=\"https:\/\/www.belenderoca.com\/wp-content\/uploads\/2012\/03\/renfecercanias-705x396.jpg 705w, https:\/\/www.belenderoca.com\/wp-content\/uploads\/2012\/03\/renfecercanias-150x84.jpg 150w, https:\/\/www.belenderoca.com\/wp-content\/uploads\/2012\/03\/renfecercanias-350x197.jpg 350w, https:\/\/www.belenderoca.com\/wp-content\/uploads\/2012\/03\/renfecercanias.jpg 945w\" sizes=\"auto, (max-width: 705px) 100vw, 705px\" \/><\/a><\/p>\n<p>If you need more information or any clarification you can <a title=\"Contactar\" href=\"http:\/\/belenderoca.com\/contactar\/?lang=en\">contact us here<\/a>. We will be happy to help. <!--:--><\/p>\n","protected":false},"excerpt":{"rendered":"<p>The Bethlehem is located in the District of ROCA Meliana (Valencia-Horta Nord), at San Isidro, 43 low, compared to Ca Xoret. Ver mapa m\u00e1s grande You<span class=\"excerpt-hellip\"> [\u2026]<\/span><\/p>\n","protected":false},"author":1,"featured_media":0,"parent":0,"menu_order":0,"comment_status":"closed","ping_status":"closed","template":"","meta":{"footnotes":""},"class_list":["post-74392","page","type-page","status-publish","hentry"],"yoast_head":"<!-- This site is optimized with the Yoast SEO plugin v26.4 - https:\/\/yoast.com\/wordpress\/plugins\/seo\/ -->\n<title>How to arrive - El Bel\u00e9n de Roca, Meliana, Valencia<\/title>\n<meta name=\"description\" content=\"How to arrive . El Bel\u00e9n de Roca, Meliana, Valencia. Bel\u00e9n de Navidad con m\u00e1s piezas de Espa\u00f1a.\" \/>\n<meta name=\"robots\" content=\"index, follow, max-snippet:-1, max-image-preview:large, max-video-preview:-1\" \/>\n<link rel=\"canonical\" href=\"https:\/\/www.belenderoca.com\/en\/como-llegar\/\" \/>\n<meta property=\"og:locale\" content=\"en_US\" \/>\n<meta property=\"og:type\" content=\"article\" \/>\n<meta property=\"og:title\" content=\"How to arrive - El Bel\u00e9n de Roca, Meliana, Valencia\" \/>\n<meta property=\"og:description\" content=\"How to arrive . El Bel\u00e9n de Roca, Meliana, Valencia. Bel\u00e9n de Navidad con m\u00e1s piezas de Espa\u00f1a.\" \/>\n<meta property=\"og:url\" content=\"https:\/\/www.belenderoca.com\/en\/como-llegar\/\" \/>\n<meta property=\"og:site_name\" content=\"El Bel\u00e9n de Roca, Meliana, Valencia\" \/>\n<meta property=\"article:publisher\" content=\"https:\/\/www.facebook.com\/belenderoca\" \/>\n<meta property=\"article:modified_time\" content=\"2022-12-27T12:18:05+00:00\" \/>\n<meta property=\"og:image\" content=\"http:\/\/belenderoca.com\/wp-content\/uploads\/2012\/08\/mapa-llegar-705x396.png\" \/>\n<meta name=\"twitter:card\" content=\"summary_large_image\" \/>\n<meta name=\"twitter:label1\" content=\"Est. reading time\" \/>\n\t<meta name=\"twitter:data1\" content=\"1 minute\" \/>\n<script type=\"application\/ld+json\" class=\"yoast-schema-graph\">{\"@context\":\"https:\/\/schema.org\",\"@graph\":[{\"@type\":\"WebPage\",\"@id\":\"https:\/\/www.belenderoca.com\/en\/como-llegar\/\",\"url\":\"https:\/\/www.belenderoca.com\/en\/como-llegar\/\",\"name\":\"How to arrive - El Bel\u00e9n de Roca, Meliana, Valencia\",\"isPartOf\":{\"@id\":\"https:\/\/www.belenderoca.com\/en\/#website\"},\"primaryImageOfPage\":{\"@id\":\"https:\/\/www.belenderoca.com\/en\/como-llegar\/#primaryimage\"},\"image\":{\"@id\":\"https:\/\/www.belenderoca.com\/en\/como-llegar\/#primaryimage\"},\"thumbnailUrl\":\"http:\/\/belenderoca.com\/wp-content\/uploads\/2012\/08\/mapa-llegar-705x396.png\",\"datePublished\":\"2022-12-26T14:35:26+00:00\",\"dateModified\":\"2022-12-27T12:18:05+00:00\",\"description\":\"How to arrive . El Bel\u00e9n de Roca, Meliana, Valencia. Bel\u00e9n de Navidad con m\u00e1s piezas de Espa\u00f1a.\",\"inLanguage\":\"en-US\",\"potentialAction\":[{\"@type\":\"ReadAction\",\"target\":[\"https:\/\/www.belenderoca.com\/en\/como-llegar\/\"]}]},{\"@type\":\"ImageObject\",\"inLanguage\":\"en-US\",\"@id\":\"https:\/\/www.belenderoca.com\/en\/como-llegar\/#primaryimage\",\"url\":\"http:\/\/belenderoca.com\/wp-content\/uploads\/2012\/08\/mapa-llegar-705x396.png\",\"contentUrl\":\"http:\/\/belenderoca.com\/wp-content\/uploads\/2012\/08\/mapa-llegar-705x396.png\"},{\"@type\":\"WebSite\",\"@id\":\"https:\/\/www.belenderoca.com\/en\/#website\",\"url\":\"https:\/\/www.belenderoca.com\/en\/\",\"name\":\"El Bel\u00e9n de Roca, Meliana, Valencia\",\"description\":\"\",\"publisher\":{\"@id\":\"https:\/\/www.belenderoca.com\/en\/#organization\"},\"potentialAction\":[{\"@type\":\"SearchAction\",\"target\":{\"@type\":\"EntryPoint\",\"urlTemplate\":\"https:\/\/www.belenderoca.com\/en\/?s={search_term_string}\"},\"query-input\":{\"@type\":\"PropertyValueSpecification\",\"valueRequired\":true,\"valueName\":\"search_term_string\"}}],\"inLanguage\":\"en-US\"},{\"@type\":\"Organization\",\"@id\":\"https:\/\/www.belenderoca.com\/en\/#organization\",\"name\":\"El Bel\u00e9n de Roca, Meliana, Valencia\",\"url\":\"https:\/\/www.belenderoca.com\/en\/\",\"logo\":{\"@type\":\"ImageObject\",\"inLanguage\":\"en-US\",\"@id\":\"https:\/\/www.belenderoca.com\/en\/#\/schema\/logo\/image\/\",\"url\":\"https:\/\/www.belenderoca.com\/wp-content\/uploads\/2022\/12\/favicon-el-belen-de-roca.jpg\",\"contentUrl\":\"https:\/\/www.belenderoca.com\/wp-content\/uploads\/2022\/12\/favicon-el-belen-de-roca.jpg\",\"width\":250,\"height\":250,\"caption\":\"El Bel\u00e9n de Roca, Meliana, Valencia\"},\"image\":{\"@id\":\"https:\/\/www.belenderoca.com\/en\/#\/schema\/logo\/image\/\"},\"sameAs\":[\"https:\/\/www.facebook.com\/belenderoca\"]}]}<\/script>\n<!-- \/ Yoast SEO plugin. -->","yoast_head_json":{"title":"How to arrive - El Bel\u00e9n de Roca, Meliana, Valencia","description":"How to arrive . El Bel\u00e9n de Roca, Meliana, Valencia. Bel\u00e9n de Navidad con m\u00e1s piezas de Espa\u00f1a.","robots":{"index":"index","follow":"follow","max-snippet":"max-snippet:-1","max-image-preview":"max-image-preview:large","max-video-preview":"max-video-preview:-1"},"canonical":"https:\/\/www.belenderoca.com\/en\/como-llegar\/","og_locale":"en_US","og_type":"article","og_title":"How to arrive - El Bel\u00e9n de Roca, Meliana, Valencia","og_description":"How to arrive . El Bel\u00e9n de Roca, Meliana, Valencia. Bel\u00e9n de Navidad con m\u00e1s piezas de Espa\u00f1a.","og_url":"https:\/\/www.belenderoca.com\/en\/como-llegar\/","og_site_name":"El Bel\u00e9n de Roca, Meliana, Valencia","article_publisher":"https:\/\/www.facebook.com\/belenderoca","article_modified_time":"2022-12-27T12:18:05+00:00","og_image":[{"url":"http:\/\/belenderoca.com\/wp-content\/uploads\/2012\/08\/mapa-llegar-705x396.png","type":"","width":"","height":""}],"twitter_card":"summary_large_image","twitter_misc":{"Est. reading time":"1 minute"},"schema":{"@context":"https:\/\/schema.org","@graph":[{"@type":"WebPage","@id":"https:\/\/www.belenderoca.com\/en\/como-llegar\/","url":"https:\/\/www.belenderoca.com\/en\/como-llegar\/","name":"How to arrive - El Bel\u00e9n de Roca, Meliana, Valencia","isPartOf":{"@id":"https:\/\/www.belenderoca.com\/en\/#website"},"primaryImageOfPage":{"@id":"https:\/\/www.belenderoca.com\/en\/como-llegar\/#primaryimage"},"image":{"@id":"https:\/\/www.belenderoca.com\/en\/como-llegar\/#primaryimage"},"thumbnailUrl":"http:\/\/belenderoca.com\/wp-content\/uploads\/2012\/08\/mapa-llegar-705x396.png","datePublished":"2022-12-26T14:35:26+00:00","dateModified":"2022-12-27T12:18:05+00:00","description":"How to arrive . El Bel\u00e9n de Roca, Meliana, Valencia. Bel\u00e9n de Navidad con m\u00e1s piezas de Espa\u00f1a.","inLanguage":"en-US","potentialAction":[{"@type":"ReadAction","target":["https:\/\/www.belenderoca.com\/en\/como-llegar\/"]}]},{"@type":"ImageObject","inLanguage":"en-US","@id":"https:\/\/www.belenderoca.com\/en\/como-llegar\/#primaryimage","url":"http:\/\/belenderoca.com\/wp-content\/uploads\/2012\/08\/mapa-llegar-705x396.png","contentUrl":"http:\/\/belenderoca.com\/wp-content\/uploads\/2012\/08\/mapa-llegar-705x396.png"},{"@type":"WebSite","@id":"https:\/\/www.belenderoca.com\/en\/#website","url":"https:\/\/www.belenderoca.com\/en\/","name":"El Bel\u00e9n de Roca, Meliana, Valencia","description":"","publisher":{"@id":"https:\/\/www.belenderoca.com\/en\/#organization"},"potentialAction":[{"@type":"SearchAction","target":{"@type":"EntryPoint","urlTemplate":"https:\/\/www.belenderoca.com\/en\/?s={search_term_string}"},"query-input":{"@type":"PropertyValueSpecification","valueRequired":true,"valueName":"search_term_string"}}],"inLanguage":"en-US"},{"@type":"Organization","@id":"https:\/\/www.belenderoca.com\/en\/#organization","name":"El Bel\u00e9n de Roca, Meliana, Valencia","url":"https:\/\/www.belenderoca.com\/en\/","logo":{"@type":"ImageObject","inLanguage":"en-US","@id":"https:\/\/www.belenderoca.com\/en\/#\/schema\/logo\/image\/","url":"https:\/\/www.belenderoca.com\/wp-content\/uploads\/2022\/12\/favicon-el-belen-de-roca.jpg","contentUrl":"https:\/\/www.belenderoca.com\/wp-content\/uploads\/2022\/12\/favicon-el-belen-de-roca.jpg","width":250,"height":250,"caption":"El Bel\u00e9n de Roca, Meliana, Valencia"},"image":{"@id":"https:\/\/www.belenderoca.com\/en\/#\/schema\/logo\/image\/"},"sameAs":["https:\/\/www.facebook.com\/belenderoca"]}]}},"_links":{"self":[{"href":"https:\/\/www.belenderoca.com\/en\/wp-json\/wp\/v2\/pages\/74392","targetHints":{"allow":["GET"]}}],"collection":[{"href":"https:\/\/www.belenderoca.com\/en\/wp-json\/wp\/v2\/pages"}],"about":[{"href":"https:\/\/www.belenderoca.com\/en\/wp-json\/wp\/v2\/types\/page"}],"author":[{"embeddable":true,"href":"https:\/\/www.belenderoca.com\/en\/wp-json\/wp\/v2\/users\/1"}],"replies":[{"embeddable":true,"href":"https:\/\/www.belenderoca.com\/en\/wp-json\/wp\/v2\/comments?post=74392"}],"version-history":[{"count":2,"href":"https:\/\/www.belenderoca.com\/en\/wp-json\/wp\/v2\/pages\/74392\/revisions"}],"predecessor-version":[{"id":74533,"href":"https:\/\/www.belenderoca.com\/en\/wp-json\/wp\/v2\/pages\/74392\/revisions\/74533"}],"wp:attachment":[{"href":"https:\/\/www.belenderoca.com\/en\/wp-json\/wp\/v2\/media?parent=74392"}],"curies":[{"name":"wp","href":"https:\/\/api.w.org\/{rel}","templated":true}]}}