{"id":74335,"date":"2012-03-19T11:00:52","date_gmt":"2012-03-19T10:00:52","guid":{"rendered":"https:\/\/belenderoca.com\/belenenlaprensa\/"},"modified":"2024-09-10T14:13:56","modified_gmt":"2024-09-10T12:13:56","slug":"belenenlaprensa","status":"publish","type":"page","link":"https:\/\/www.belenderoca.com\/en\/belenenlaprensa\/","title":{"rendered":"In the news"},"content":{"rendered":"<p>We compiled on this page some of the articles and interviews in newspapers that speak of Bethlehem of Roca and we would like to keep and share with everyone.<\/p>\n\n\t\t\t<style type='text\/css'>\n\t\t\t\t#gallery-1 {\n\t\t\t\t\tmargin: auto;\n\t\t\t\t}\n\t\t\t\t#gallery-1 .gallery-item {\n\t\t\t\t\tfloat: left;\n\t\t\t\t\tmargin-top: 10px;\n\t\t\t\t\ttext-align: center;\n\t\t\t\t\twidth: 33.33%;\n\t\t\t\t}\n\t\t\t\t#gallery-1 img {\n\t\t\t\t\tborder: 2px solid #cfcfcf;\n\t\t\t\t}\n\t\t\t\t#gallery-1 .gallery-caption {\n\t\t\t\t\tmargin-left: 0;\n\t\t\t\t}\n\t\t\t\t\/* see gallery_shortcode() in wp-includes\/media.php *\/\n\t\t\t<\/style>\n\t\t<div id='gallery-1' class='gallery galleryid-74335 gallery-columns-3 gallery-size-large file'><dl class='gallery-item'>\n\t\t\t\t<dt class='gallery-icon landscape'>\n\t\t\t\t\t<a href='https:\/\/www.belenderoca.com\/wp-content\/uploads\/2012\/08\/rodalabola.jpg'><img loading=\"lazy\" decoding=\"async\" width=\"400\" height=\"225\" src=\"https:\/\/www.belenderoca.com\/wp-content\/uploads\/2012\/08\/rodalabola.jpg\" class=\"attachment-large size-large\" alt=\"\" srcset=\"https:\/\/www.belenderoca.com\/wp-content\/uploads\/2012\/08\/rodalabola.jpg 400w, https:\/\/www.belenderoca.com\/wp-content\/uploads\/2012\/08\/rodalabola-150x84.jpg 150w, https:\/\/www.belenderoca.com\/wp-content\/uploads\/2012\/08\/rodalabola-350x196.jpg 350w\" sizes=\"auto, (max-width: 400px) 100vw, 400px\" \/><\/a>\n\t\t\t\t<\/dt><\/dl><dl class='gallery-item'>\n\t\t\t\t<dt class='gallery-icon landscape'>\n\t\t\t\t\t<a href='https:\/\/www.belenderoca.com\/wp-content\/uploads\/2012\/08\/lansbury.blogspot.com_.es_.jpg'><img loading=\"lazy\" decoding=\"async\" width=\"400\" height=\"225\" src=\"https:\/\/www.belenderoca.com\/wp-content\/uploads\/2012\/08\/lansbury.blogspot.com_.es_.jpg\" class=\"attachment-large size-large\" alt=\"\" srcset=\"https:\/\/www.belenderoca.com\/wp-content\/uploads\/2012\/08\/lansbury.blogspot.com_.es_.jpg 400w, https:\/\/www.belenderoca.com\/wp-content\/uploads\/2012\/08\/lansbury.blogspot.com_.es_-150x84.jpg 150w, https:\/\/www.belenderoca.com\/wp-content\/uploads\/2012\/08\/lansbury.blogspot.com_.es_-350x196.jpg 350w\" sizes=\"auto, (max-width: 400px) 100vw, 400px\" \/><\/a>\n\t\t\t\t<\/dt><\/dl><dl class='gallery-item'>\n\t\t\t\t<dt class='gallery-icon landscape'>\n\t\t\t\t\t<a href='https:\/\/www.belenderoca.com\/wp-content\/uploads\/2012\/08\/globedia.jpg'><img loading=\"lazy\" decoding=\"async\" width=\"400\" height=\"225\" src=\"https:\/\/www.belenderoca.com\/wp-content\/uploads\/2012\/08\/globedia.jpg\" class=\"attachment-large size-large\" alt=\"\" srcset=\"https:\/\/www.belenderoca.com\/wp-content\/uploads\/2012\/08\/globedia.jpg 400w, https:\/\/www.belenderoca.com\/wp-content\/uploads\/2012\/08\/globedia-150x84.jpg 150w, https:\/\/www.belenderoca.com\/wp-content\/uploads\/2012\/08\/globedia-350x196.jpg 350w\" sizes=\"auto, (max-width: 400px) 100vw, 400px\" \/><\/a>\n\t\t\t\t<\/dt><\/dl><br style=\"clear: both\" \/><dl class='gallery-item'>\n\t\t\t\t<dt class='gallery-icon landscape'>\n\t\t\t\t\t<a href='https:\/\/www.belenderoca.com\/wp-content\/uploads\/2012\/08\/encristiano.jpg'><img loading=\"lazy\" decoding=\"async\" width=\"400\" height=\"225\" src=\"https:\/\/www.belenderoca.com\/wp-content\/uploads\/2012\/08\/encristiano.jpg\" class=\"attachment-large size-large\" alt=\"\" srcset=\"https:\/\/www.belenderoca.com\/wp-content\/uploads\/2012\/08\/encristiano.jpg 400w, https:\/\/www.belenderoca.com\/wp-content\/uploads\/2012\/08\/encristiano-150x84.jpg 150w, https:\/\/www.belenderoca.com\/wp-content\/uploads\/2012\/08\/encristiano-350x196.jpg 350w\" sizes=\"auto, (max-width: 400px) 100vw, 400px\" \/><\/a>\n\t\t\t\t<\/dt><\/dl><dl class='gallery-item'>\n\t\t\t\t<dt class='gallery-icon landscape'>\n\t\t\t\t\t<a href='https:\/\/www.belenderoca.com\/wp-content\/uploads\/2012\/08\/deceroadoce.jpg'><img loading=\"lazy\" decoding=\"async\" width=\"400\" height=\"225\" src=\"https:\/\/www.belenderoca.com\/wp-content\/uploads\/2012\/08\/deceroadoce.jpg\" class=\"attachment-large size-large\" alt=\"\" srcset=\"https:\/\/www.belenderoca.com\/wp-content\/uploads\/2012\/08\/deceroadoce.jpg 400w, https:\/\/www.belenderoca.com\/wp-content\/uploads\/2012\/08\/deceroadoce-150x84.jpg 150w, https:\/\/www.belenderoca.com\/wp-content\/uploads\/2012\/08\/deceroadoce-350x196.jpg 350w\" sizes=\"auto, (max-width: 400px) 100vw, 400px\" \/><\/a>\n\t\t\t\t<\/dt><\/dl><dl class='gallery-item'>\n\t\t\t\t<dt class='gallery-icon landscape'>\n\t\t\t\t\t<a href='https:\/\/www.belenderoca.com\/wp-content\/uploads\/2012\/08\/construyendo-barcos.blogspot.com_.es_.jpg'><img loading=\"lazy\" decoding=\"async\" width=\"400\" height=\"225\" src=\"https:\/\/www.belenderoca.com\/wp-content\/uploads\/2012\/08\/construyendo-barcos.blogspot.com_.es_.jpg\" class=\"attachment-large size-large\" alt=\"\" srcset=\"https:\/\/www.belenderoca.com\/wp-content\/uploads\/2012\/08\/construyendo-barcos.blogspot.com_.es_.jpg 400w, https:\/\/www.belenderoca.com\/wp-content\/uploads\/2012\/08\/construyendo-barcos.blogspot.com_.es_-150x84.jpg 150w, https:\/\/www.belenderoca.com\/wp-content\/uploads\/2012\/08\/construyendo-barcos.blogspot.com_.es_-350x196.jpg 350w\" sizes=\"auto, (max-width: 400px) 100vw, 400px\" \/><\/a>\n\t\t\t\t<\/dt><\/dl><br style=\"clear: both\" \/><dl class='gallery-item'>\n\t\t\t\t<dt class='gallery-icon landscape'>\n\t\t\t\t\t<a href='https:\/\/www.belenderoca.com\/wp-content\/uploads\/2012\/08\/wikipedia.jpg'><img loading=\"lazy\" decoding=\"async\" width=\"400\" height=\"225\" src=\"https:\/\/www.belenderoca.com\/wp-content\/uploads\/2012\/08\/wikipedia.jpg\" class=\"attachment-large size-large\" alt=\"\" srcset=\"https:\/\/www.belenderoca.com\/wp-content\/uploads\/2012\/08\/wikipedia.jpg 400w, https:\/\/www.belenderoca.com\/wp-content\/uploads\/2012\/08\/wikipedia-150x84.jpg 150w, https:\/\/www.belenderoca.com\/wp-content\/uploads\/2012\/08\/wikipedia-350x196.jpg 350w\" sizes=\"auto, (max-width: 400px) 100vw, 400px\" \/><\/a>\n\t\t\t\t<\/dt><\/dl><dl class='gallery-item'>\n\t\t\t\t<dt class='gallery-icon landscape'>\n\t\t\t\t\t<a href='https:\/\/www.belenderoca.com\/wp-content\/uploads\/2012\/08\/lasprovincias.jpg'><img loading=\"lazy\" decoding=\"async\" width=\"400\" height=\"225\" src=\"https:\/\/www.belenderoca.com\/wp-content\/uploads\/2012\/08\/lasprovincias.jpg\" class=\"attachment-large size-large\" alt=\"\" srcset=\"https:\/\/www.belenderoca.com\/wp-content\/uploads\/2012\/08\/lasprovincias.jpg 400w, https:\/\/www.belenderoca.com\/wp-content\/uploads\/2012\/08\/lasprovincias-150x84.jpg 150w, https:\/\/www.belenderoca.com\/wp-content\/uploads\/2012\/08\/lasprovincias-350x196.jpg 350w\" sizes=\"auto, (max-width: 400px) 100vw, 400px\" \/><\/a>\n\t\t\t\t<\/dt><\/dl><dl class='gallery-item'>\n\t\t\t\t<dt class='gallery-icon landscape'>\n\t\t\t\t\t<a href='https:\/\/www.belenderoca.com\/wp-content\/uploads\/2012\/08\/renfe.jpg'><img loading=\"lazy\" decoding=\"async\" width=\"400\" height=\"225\" src=\"https:\/\/www.belenderoca.com\/wp-content\/uploads\/2012\/08\/renfe.jpg\" class=\"attachment-large size-large\" alt=\"\" srcset=\"https:\/\/www.belenderoca.com\/wp-content\/uploads\/2012\/08\/renfe.jpg 400w, https:\/\/www.belenderoca.com\/wp-content\/uploads\/2012\/08\/renfe-150x84.jpg 150w, https:\/\/www.belenderoca.com\/wp-content\/uploads\/2012\/08\/renfe-350x196.jpg 350w\" sizes=\"auto, (max-width: 400px) 100vw, 400px\" \/><\/a>\n\t\t\t\t<\/dt><\/dl><br style=\"clear: both\" \/><dl class='gallery-item'>\n\t\t\t\t<dt class='gallery-icon landscape'>\n\t\t\t\t\t<a href='https:\/\/www.belenderoca.com\/wp-content\/uploads\/2012\/08\/Portal-Oficial-de-Turismo-de-la-Comunitat-Valenciana.jpg'><img loading=\"lazy\" decoding=\"async\" width=\"400\" height=\"225\" src=\"https:\/\/www.belenderoca.com\/wp-content\/uploads\/2012\/08\/Portal-Oficial-de-Turismo-de-la-Comunitat-Valenciana.jpg\" class=\"attachment-large size-large\" alt=\"\" srcset=\"https:\/\/www.belenderoca.com\/wp-content\/uploads\/2012\/08\/Portal-Oficial-de-Turismo-de-la-Comunitat-Valenciana.jpg 400w, https:\/\/www.belenderoca.com\/wp-content\/uploads\/2012\/08\/Portal-Oficial-de-Turismo-de-la-Comunitat-Valenciana-150x84.jpg 150w, https:\/\/www.belenderoca.com\/wp-content\/uploads\/2012\/08\/Portal-Oficial-de-Turismo-de-la-Comunitat-Valenciana-350x196.jpg 350w\" sizes=\"auto, (max-width: 400px) 100vw, 400px\" \/><\/a>\n\t\t\t\t<\/dt><\/dl><dl class='gallery-item'>\n\t\t\t\t<dt class='gallery-icon landscape'>\n\t\t\t\t\t<a href='https:\/\/www.belenderoca.com\/wp-content\/uploads\/2012\/08\/ayuntamientodevalencia.jpg'><img loading=\"lazy\" decoding=\"async\" width=\"400\" height=\"225\" src=\"https:\/\/www.belenderoca.com\/wp-content\/uploads\/2012\/08\/ayuntamientodevalencia.jpg\" class=\"attachment-large size-large\" alt=\"\" srcset=\"https:\/\/www.belenderoca.com\/wp-content\/uploads\/2012\/08\/ayuntamientodevalencia.jpg 400w, https:\/\/www.belenderoca.com\/wp-content\/uploads\/2012\/08\/ayuntamientodevalencia-150x84.jpg 150w, https:\/\/www.belenderoca.com\/wp-content\/uploads\/2012\/08\/ayuntamientodevalencia-350x196.jpg 350w\" sizes=\"auto, (max-width: 400px) 100vw, 400px\" \/><\/a>\n\t\t\t\t<\/dt><\/dl>\n\t\t\t\t<br style='clear: both' \/>\n\t\t\t<\/div>\n\n","protected":false},"excerpt":{"rendered":"<p>We compiled on this page some of the articles and interviews in newspapers that speak of Bethlehem of Roca and we would like to keep and<span class=\"excerpt-hellip\"> [\u2026]<\/span><\/p>\n","protected":false},"author":1,"featured_media":0,"parent":0,"menu_order":0,"comment_status":"closed","ping_status":"closed","template":"","meta":{"footnotes":""},"class_list":["post-74335","page","type-page","status-publish","hentry"],"yoast_head":"<!-- This site is optimized with the Yoast SEO plugin v26.4 - https:\/\/yoast.com\/wordpress\/plugins\/seo\/ -->\n<title>In the news - El Bel\u00e9n de Roca, Meliana, Valencia<\/title>\n<meta name=\"description\" content=\"In the news . El Bel\u00e9n de Roca, Meliana, Valencia. Bel\u00e9n de Navidad con m\u00e1s piezas de Espa\u00f1a.\" \/>\n<meta name=\"robots\" content=\"index, follow, max-snippet:-1, max-image-preview:large, max-video-preview:-1\" \/>\n<link rel=\"canonical\" href=\"https:\/\/www.belenderoca.com\/en\/belenenlaprensa\/\" \/>\n<meta property=\"og:locale\" content=\"en_US\" \/>\n<meta property=\"og:type\" content=\"article\" \/>\n<meta property=\"og:title\" content=\"In the news - El Bel\u00e9n de Roca, Meliana, Valencia\" \/>\n<meta property=\"og:description\" content=\"In the news . El Bel\u00e9n de Roca, Meliana, Valencia. Bel\u00e9n de Navidad con m\u00e1s piezas de Espa\u00f1a.\" \/>\n<meta property=\"og:url\" content=\"https:\/\/www.belenderoca.com\/en\/belenenlaprensa\/\" \/>\n<meta property=\"og:site_name\" content=\"El Bel\u00e9n de Roca, Meliana, Valencia\" \/>\n<meta property=\"article:publisher\" content=\"https:\/\/www.facebook.com\/belenderoca\" \/>\n<meta property=\"article:modified_time\" content=\"2024-09-10T12:13:56+00:00\" \/>\n<meta property=\"og:image\" content=\"https:\/\/www.belenderoca.com\/wp-content\/uploads\/2012\/08\/rodalabola.jpg\" \/>\n<meta name=\"twitter:card\" content=\"summary_large_image\" \/>\n<meta name=\"twitter:label1\" content=\"Est. reading time\" \/>\n\t<meta name=\"twitter:data1\" content=\"1 minute\" \/>\n<script type=\"application\/ld+json\" class=\"yoast-schema-graph\">{\"@context\":\"https:\/\/schema.org\",\"@graph\":[{\"@type\":\"WebPage\",\"@id\":\"https:\/\/www.belenderoca.com\/en\/belenenlaprensa\/\",\"url\":\"https:\/\/www.belenderoca.com\/en\/belenenlaprensa\/\",\"name\":\"In the news - El Bel\u00e9n de Roca, Meliana, Valencia\",\"isPartOf\":{\"@id\":\"https:\/\/www.belenderoca.com\/en\/#website\"},\"datePublished\":\"2012-03-19T10:00:52+00:00\",\"dateModified\":\"2024-09-10T12:13:56+00:00\",\"description\":\"In the news . El Bel\u00e9n de Roca, Meliana, Valencia. Bel\u00e9n de Navidad con m\u00e1s piezas de Espa\u00f1a.\",\"inLanguage\":\"en-US\",\"potentialAction\":[{\"@type\":\"ReadAction\",\"target\":[\"https:\/\/www.belenderoca.com\/en\/belenenlaprensa\/\"]}]},{\"@type\":\"WebSite\",\"@id\":\"https:\/\/www.belenderoca.com\/en\/#website\",\"url\":\"https:\/\/www.belenderoca.com\/en\/\",\"name\":\"El Bel\u00e9n de Roca, Meliana, Valencia\",\"description\":\"\",\"publisher\":{\"@id\":\"https:\/\/www.belenderoca.com\/en\/#organization\"},\"potentialAction\":[{\"@type\":\"SearchAction\",\"target\":{\"@type\":\"EntryPoint\",\"urlTemplate\":\"https:\/\/www.belenderoca.com\/en\/?s={search_term_string}\"},\"query-input\":{\"@type\":\"PropertyValueSpecification\",\"valueRequired\":true,\"valueName\":\"search_term_string\"}}],\"inLanguage\":\"en-US\"},{\"@type\":\"Organization\",\"@id\":\"https:\/\/www.belenderoca.com\/en\/#organization\",\"name\":\"El Bel\u00e9n de Roca, Meliana, Valencia\",\"url\":\"https:\/\/www.belenderoca.com\/en\/\",\"logo\":{\"@type\":\"ImageObject\",\"inLanguage\":\"en-US\",\"@id\":\"https:\/\/www.belenderoca.com\/en\/#\/schema\/logo\/image\/\",\"url\":\"https:\/\/www.belenderoca.com\/wp-content\/uploads\/2022\/12\/favicon-el-belen-de-roca.jpg\",\"contentUrl\":\"https:\/\/www.belenderoca.com\/wp-content\/uploads\/2022\/12\/favicon-el-belen-de-roca.jpg\",\"width\":250,\"height\":250,\"caption\":\"El Bel\u00e9n de Roca, Meliana, Valencia\"},\"image\":{\"@id\":\"https:\/\/www.belenderoca.com\/en\/#\/schema\/logo\/image\/\"},\"sameAs\":[\"https:\/\/www.facebook.com\/belenderoca\"]}]}<\/script>\n<!-- \/ Yoast SEO plugin. -->","yoast_head_json":{"title":"In the news - El Bel\u00e9n de Roca, Meliana, Valencia","description":"In the news . El Bel\u00e9n de Roca, Meliana, Valencia. Bel\u00e9n de Navidad con m\u00e1s piezas de Espa\u00f1a.","robots":{"index":"index","follow":"follow","max-snippet":"max-snippet:-1","max-image-preview":"max-image-preview:large","max-video-preview":"max-video-preview:-1"},"canonical":"https:\/\/www.belenderoca.com\/en\/belenenlaprensa\/","og_locale":"en_US","og_type":"article","og_title":"In the news - El Bel\u00e9n de Roca, Meliana, Valencia","og_description":"In the news . El Bel\u00e9n de Roca, Meliana, Valencia. Bel\u00e9n de Navidad con m\u00e1s piezas de Espa\u00f1a.","og_url":"https:\/\/www.belenderoca.com\/en\/belenenlaprensa\/","og_site_name":"El Bel\u00e9n de Roca, Meliana, Valencia","article_publisher":"https:\/\/www.facebook.com\/belenderoca","article_modified_time":"2024-09-10T12:13:56+00:00","og_image":[{"url":"https:\/\/www.belenderoca.com\/wp-content\/uploads\/2012\/08\/rodalabola.jpg","type":"","width":"","height":""}],"twitter_card":"summary_large_image","twitter_misc":{"Est. reading time":"1 minute"},"schema":{"@context":"https:\/\/schema.org","@graph":[{"@type":"WebPage","@id":"https:\/\/www.belenderoca.com\/en\/belenenlaprensa\/","url":"https:\/\/www.belenderoca.com\/en\/belenenlaprensa\/","name":"In the news - El Bel\u00e9n de Roca, Meliana, Valencia","isPartOf":{"@id":"https:\/\/www.belenderoca.com\/en\/#website"},"datePublished":"2012-03-19T10:00:52+00:00","dateModified":"2024-09-10T12:13:56+00:00","description":"In the news . El Bel\u00e9n de Roca, Meliana, Valencia. Bel\u00e9n de Navidad con m\u00e1s piezas de Espa\u00f1a.","inLanguage":"en-US","potentialAction":[{"@type":"ReadAction","target":["https:\/\/www.belenderoca.com\/en\/belenenlaprensa\/"]}]},{"@type":"WebSite","@id":"https:\/\/www.belenderoca.com\/en\/#website","url":"https:\/\/www.belenderoca.com\/en\/","name":"El Bel\u00e9n de Roca, Meliana, Valencia","description":"","publisher":{"@id":"https:\/\/www.belenderoca.com\/en\/#organization"},"potentialAction":[{"@type":"SearchAction","target":{"@type":"EntryPoint","urlTemplate":"https:\/\/www.belenderoca.com\/en\/?s={search_term_string}"},"query-input":{"@type":"PropertyValueSpecification","valueRequired":true,"valueName":"search_term_string"}}],"inLanguage":"en-US"},{"@type":"Organization","@id":"https:\/\/www.belenderoca.com\/en\/#organization","name":"El Bel\u00e9n de Roca, Meliana, Valencia","url":"https:\/\/www.belenderoca.com\/en\/","logo":{"@type":"ImageObject","inLanguage":"en-US","@id":"https:\/\/www.belenderoca.com\/en\/#\/schema\/logo\/image\/","url":"https:\/\/www.belenderoca.com\/wp-content\/uploads\/2022\/12\/favicon-el-belen-de-roca.jpg","contentUrl":"https:\/\/www.belenderoca.com\/wp-content\/uploads\/2022\/12\/favicon-el-belen-de-roca.jpg","width":250,"height":250,"caption":"El Bel\u00e9n de Roca, Meliana, Valencia"},"image":{"@id":"https:\/\/www.belenderoca.com\/en\/#\/schema\/logo\/image\/"},"sameAs":["https:\/\/www.facebook.com\/belenderoca"]}]}},"_links":{"self":[{"href":"https:\/\/www.belenderoca.com\/en\/wp-json\/wp\/v2\/pages\/74335","targetHints":{"allow":["GET"]}}],"collection":[{"href":"https:\/\/www.belenderoca.com\/en\/wp-json\/wp\/v2\/pages"}],"about":[{"href":"https:\/\/www.belenderoca.com\/en\/wp-json\/wp\/v2\/types\/page"}],"author":[{"embeddable":true,"href":"https:\/\/www.belenderoca.com\/en\/wp-json\/wp\/v2\/users\/1"}],"replies":[{"embeddable":true,"href":"https:\/\/www.belenderoca.com\/en\/wp-json\/wp\/v2\/comments?post=74335"}],"version-history":[{"count":2,"href":"https:\/\/www.belenderoca.com\/en\/wp-json\/wp\/v2\/pages\/74335\/revisions"}],"predecessor-version":[{"id":74699,"href":"https:\/\/www.belenderoca.com\/en\/wp-json\/wp\/v2\/pages\/74335\/revisions\/74699"}],"wp:attachment":[{"href":"https:\/\/www.belenderoca.com\/en\/wp-json\/wp\/v2\/media?parent=74335"}],"curies":[{"name":"wp","href":"https:\/\/api.w.org\/{rel}","templated":true}]}}