{"id":74331,"date":"2012-03-19T16:50:36","date_gmt":"2012-03-19T15:50:36","guid":{"rendered":"https:\/\/belenderoca.com\/historia\/"},"modified":"2022-12-27T18:25:35","modified_gmt":"2022-12-27T17:25:35","slug":"historia","status":"publish","type":"page","link":"https:\/\/www.belenderoca.com\/en\/historia\/","title":{"rendered":"Bethlehem&#8217;s History"},"content":{"rendered":"<p>The Bethlehem of Roca was born in 1990, Melchor Almela Lagarda, Belenista-Master, a member of the Association of Valencia Belenista-along with his entire family, a group of friends and with the indispensable collaboration of his father Francisco Pascual Albiach, we made every year a nativity monumental.<\/p>\n<p><a href=\"http:\/\/belenderoca.com\/wp-content\/uploads\/2012\/03\/Scan-120405-0001-20120809.jpg\"><img loading=\"lazy\" decoding=\"async\" class=\"alignnone size-large wp-image-723\" title=\"Scan-120405-0001-20120809\" src=\"http:\/\/belenderoca.com\/wp-content\/uploads\/2012\/03\/Scan-120405-0001-20120809-705x473.jpg\" alt=\"\" width=\"705\" height=\"473\" srcset=\"https:\/\/www.belenderoca.com\/wp-content\/uploads\/2012\/03\/Scan-120405-0001-20120809-705x473.jpg 705w, https:\/\/www.belenderoca.com\/wp-content\/uploads\/2012\/03\/Scan-120405-0001-20120809-150x100.jpg 150w, https:\/\/www.belenderoca.com\/wp-content\/uploads\/2012\/03\/Scan-120405-0001-20120809-350x235.jpg 350w, https:\/\/www.belenderoca.com\/wp-content\/uploads\/2012\/03\/Scan-120405-0001-20120809.jpg 1024w\" sizes=\"auto, (max-width: 705px) 100vw, 705px\" \/><\/a><\/p>\n<p>In 1989 we decided to participate in the contest organized by the Pe\u00f1a the Forca and the City of Meliana and received third prize. This motivated us for the next year to begin work on a new crib a little bigger and a little better.<\/p>\n<p><a href=\"http:\/\/belenderoca.com\/wp-content\/uploads\/2012\/03\/Scan-120304-0025-20120809.jpg\"><img loading=\"lazy\" decoding=\"async\" class=\"alignnone size-large wp-image-724\" title=\"Scan-120304-0025-20120809\" src=\"http:\/\/belenderoca.com\/wp-content\/uploads\/2012\/03\/Scan-120304-0025-20120809-705x455.jpg\" alt=\"\" width=\"705\" height=\"455\" srcset=\"https:\/\/www.belenderoca.com\/wp-content\/uploads\/2012\/03\/Scan-120304-0025-20120809-705x455.jpg 705w, https:\/\/www.belenderoca.com\/wp-content\/uploads\/2012\/03\/Scan-120304-0025-20120809-150x96.jpg 150w, https:\/\/www.belenderoca.com\/wp-content\/uploads\/2012\/03\/Scan-120304-0025-20120809-350x225.jpg 350w, https:\/\/www.belenderoca.com\/wp-content\/uploads\/2012\/03\/Scan-120304-0025-20120809.jpg 1024w\" sizes=\"auto, (max-width: 705px) 100vw, 705px\" \/><\/a><\/p>\n<p>We got in touch with the association of Valencia and discovered belenistas new techniques for a crib.<br \/>\nThe next year we made our first big crib, which was about 20m2 and 200 figures, we turned to enter the competition and this time won the first prize.<\/p>\n<p><a href=\"http:\/\/belenderoca.com\/wp-content\/uploads\/2012\/03\/Scan-120304-0034-20120809.jpg\"><img loading=\"lazy\" decoding=\"async\" class=\"alignnone size-large wp-image-725\" title=\"Scan-120304-0034-20120809\" src=\"http:\/\/belenderoca.com\/wp-content\/uploads\/2012\/03\/Scan-120304-0034-20120809-705x455.jpg\" alt=\"\" width=\"705\" height=\"455\" srcset=\"https:\/\/www.belenderoca.com\/wp-content\/uploads\/2012\/03\/Scan-120304-0034-20120809-705x455.jpg 705w, https:\/\/www.belenderoca.com\/wp-content\/uploads\/2012\/03\/Scan-120304-0034-20120809-150x96.jpg 150w, https:\/\/www.belenderoca.com\/wp-content\/uploads\/2012\/03\/Scan-120304-0034-20120809-350x225.jpg 350w, https:\/\/www.belenderoca.com\/wp-content\/uploads\/2012\/03\/Scan-120304-0034-20120809.jpg 1024w\" sizes=\"auto, (max-width: 705px) 100vw, 705px\" \/><\/a><\/p>\n<p>This award motivated us to continue learning and growing in the world of belenismo and attended a painting course and Lladro Porcelain modeling where we worked. We also attended courses organized by the Association of Valencia belenistas on paintings, perspectives, dioramas, chronological order of the crib, etc..<br \/>\nTo our surprise, people started coming to see the crib. And then came a school, and then other people and had more lines to get to see him, so we put a schedule.<\/p>\n<p><a href=\"http:\/\/belenderoca.com\/wp-content\/uploads\/2012\/03\/Scan-120304-0032-20120809.jpg\"><img loading=\"lazy\" decoding=\"async\" class=\"alignnone size-large wp-image-726\" title=\"Scan-120304-0032-20120809\" src=\"http:\/\/belenderoca.com\/wp-content\/uploads\/2012\/03\/Scan-120304-0032-20120809-705x455.jpg\" alt=\"\" width=\"705\" height=\"455\" srcset=\"https:\/\/www.belenderoca.com\/wp-content\/uploads\/2012\/03\/Scan-120304-0032-20120809-705x455.jpg 705w, https:\/\/www.belenderoca.com\/wp-content\/uploads\/2012\/03\/Scan-120304-0032-20120809-150x96.jpg 150w, https:\/\/www.belenderoca.com\/wp-content\/uploads\/2012\/03\/Scan-120304-0032-20120809-350x225.jpg 350w, https:\/\/www.belenderoca.com\/wp-content\/uploads\/2012\/03\/Scan-120304-0032-20120809.jpg 1024w\" sizes=\"auto, (max-width: 705px) 100vw, 705px\" \/><\/a><\/p>\n<p>Each year the Nativity scene was growing both in surface and number of figures. We create new characters, buildings, movement and detail.<br \/>\nFrancisco Pasqual proposed creating a popular scene in the context of the crib and thus bringing the topic entitled l&#8217;Valenciano Nadal pot consisting of a family recreation Valencia last century in their habitat, with a shed, a Ferris wheel part of the orchard.<\/p>\n<p>Every year when summer came we began to work all the family and friends of those in the Christmas nativity. So for 15 years, the crib was mounted and dismounted on bass in which the restaurant is currently Xoret ca.<br \/>\nSince 2005 we set up the crib in its current location, on the ground floor opposite the restaurant Ca Xoret<br \/>\nThe new location allowed the crib remain permanently mounted throughout the year. Thus, a part of the &#8220;must see&#8221; at Christmas, you can make prior appointment (phone contact) for the remainder of the year.<\/p>\n<p>[widgetkit id=721]<\/p>\n","protected":false},"excerpt":{"rendered":"<p>The Bethlehem of Roca was born in 1990, Melchor Almela Lagarda, Belenista-Master, a member of the Association of Valencia Belenista-along with his entire family, a group<span class=\"excerpt-hellip\"> [\u2026]<\/span><\/p>\n","protected":false},"author":1,"featured_media":0,"parent":0,"menu_order":0,"comment_status":"closed","ping_status":"closed","template":"","meta":{"footnotes":""},"class_list":["post-74331","page","type-page","status-publish","hentry"],"yoast_head":"<!-- This site is optimized with the Yoast SEO plugin v26.4 - https:\/\/yoast.com\/wordpress\/plugins\/seo\/ -->\n<title>Bethlehem&#039;s History - El Bel\u00e9n de Roca, Meliana, Valencia<\/title>\n<meta name=\"description\" content=\"Bethlehem&#039;s History . El Bel\u00e9n de Roca, Meliana, Valencia. Bel\u00e9n de Navidad con m\u00e1s piezas de Espa\u00f1a.\" \/>\n<meta name=\"robots\" content=\"index, follow, max-snippet:-1, max-image-preview:large, max-video-preview:-1\" \/>\n<link rel=\"canonical\" href=\"https:\/\/www.belenderoca.com\/en\/historia\/\" \/>\n<meta property=\"og:locale\" content=\"en_US\" \/>\n<meta property=\"og:type\" content=\"article\" \/>\n<meta property=\"og:title\" content=\"Bethlehem&#039;s History - El Bel\u00e9n de Roca, Meliana, Valencia\" \/>\n<meta property=\"og:description\" content=\"Bethlehem&#039;s History . El Bel\u00e9n de Roca, Meliana, Valencia. Bel\u00e9n de Navidad con m\u00e1s piezas de Espa\u00f1a.\" \/>\n<meta property=\"og:url\" content=\"https:\/\/www.belenderoca.com\/en\/historia\/\" \/>\n<meta property=\"og:site_name\" content=\"El Bel\u00e9n de Roca, Meliana, Valencia\" \/>\n<meta property=\"article:publisher\" content=\"https:\/\/www.facebook.com\/belenderoca\" \/>\n<meta property=\"article:modified_time\" content=\"2022-12-27T17:25:35+00:00\" \/>\n<meta property=\"og:image\" content=\"http:\/\/belenderoca.com\/wp-content\/uploads\/2012\/03\/Scan-120405-0001-20120809-705x473.jpg\" \/>\n<meta name=\"twitter:card\" content=\"summary_large_image\" \/>\n<meta name=\"twitter:label1\" content=\"Est. reading time\" \/>\n\t<meta name=\"twitter:data1\" content=\"3 minutes\" \/>\n<script type=\"application\/ld+json\" class=\"yoast-schema-graph\">{\"@context\":\"https:\/\/schema.org\",\"@graph\":[{\"@type\":\"WebPage\",\"@id\":\"https:\/\/www.belenderoca.com\/en\/historia\/\",\"url\":\"https:\/\/www.belenderoca.com\/en\/historia\/\",\"name\":\"Bethlehem's History - El Bel\u00e9n de Roca, Meliana, Valencia\",\"isPartOf\":{\"@id\":\"https:\/\/www.belenderoca.com\/en\/#website\"},\"primaryImageOfPage\":{\"@id\":\"https:\/\/www.belenderoca.com\/en\/historia\/#primaryimage\"},\"image\":{\"@id\":\"https:\/\/www.belenderoca.com\/en\/historia\/#primaryimage\"},\"thumbnailUrl\":\"http:\/\/belenderoca.com\/wp-content\/uploads\/2012\/03\/Scan-120405-0001-20120809-705x473.jpg\",\"datePublished\":\"2012-03-19T15:50:36+00:00\",\"dateModified\":\"2022-12-27T17:25:35+00:00\",\"description\":\"Bethlehem's History . El Bel\u00e9n de Roca, Meliana, Valencia. Bel\u00e9n de Navidad con m\u00e1s piezas de Espa\u00f1a.\",\"inLanguage\":\"en-US\",\"potentialAction\":[{\"@type\":\"ReadAction\",\"target\":[\"https:\/\/www.belenderoca.com\/en\/historia\/\"]}]},{\"@type\":\"ImageObject\",\"inLanguage\":\"en-US\",\"@id\":\"https:\/\/www.belenderoca.com\/en\/historia\/#primaryimage\",\"url\":\"http:\/\/belenderoca.com\/wp-content\/uploads\/2012\/03\/Scan-120405-0001-20120809-705x473.jpg\",\"contentUrl\":\"http:\/\/belenderoca.com\/wp-content\/uploads\/2012\/03\/Scan-120405-0001-20120809-705x473.jpg\"},{\"@type\":\"WebSite\",\"@id\":\"https:\/\/www.belenderoca.com\/en\/#website\",\"url\":\"https:\/\/www.belenderoca.com\/en\/\",\"name\":\"El Bel\u00e9n de Roca, Meliana, Valencia\",\"description\":\"\",\"publisher\":{\"@id\":\"https:\/\/www.belenderoca.com\/en\/#organization\"},\"potentialAction\":[{\"@type\":\"SearchAction\",\"target\":{\"@type\":\"EntryPoint\",\"urlTemplate\":\"https:\/\/www.belenderoca.com\/en\/?s={search_term_string}\"},\"query-input\":{\"@type\":\"PropertyValueSpecification\",\"valueRequired\":true,\"valueName\":\"search_term_string\"}}],\"inLanguage\":\"en-US\"},{\"@type\":\"Organization\",\"@id\":\"https:\/\/www.belenderoca.com\/en\/#organization\",\"name\":\"El Bel\u00e9n de Roca, Meliana, Valencia\",\"url\":\"https:\/\/www.belenderoca.com\/en\/\",\"logo\":{\"@type\":\"ImageObject\",\"inLanguage\":\"en-US\",\"@id\":\"https:\/\/www.belenderoca.com\/en\/#\/schema\/logo\/image\/\",\"url\":\"https:\/\/www.belenderoca.com\/wp-content\/uploads\/2022\/12\/favicon-el-belen-de-roca.jpg\",\"contentUrl\":\"https:\/\/www.belenderoca.com\/wp-content\/uploads\/2022\/12\/favicon-el-belen-de-roca.jpg\",\"width\":250,\"height\":250,\"caption\":\"El Bel\u00e9n de Roca, Meliana, Valencia\"},\"image\":{\"@id\":\"https:\/\/www.belenderoca.com\/en\/#\/schema\/logo\/image\/\"},\"sameAs\":[\"https:\/\/www.facebook.com\/belenderoca\"]}]}<\/script>\n<!-- \/ Yoast SEO plugin. -->","yoast_head_json":{"title":"Bethlehem's History - El Bel\u00e9n de Roca, Meliana, Valencia","description":"Bethlehem's History . El Bel\u00e9n de Roca, Meliana, Valencia. Bel\u00e9n de Navidad con m\u00e1s piezas de Espa\u00f1a.","robots":{"index":"index","follow":"follow","max-snippet":"max-snippet:-1","max-image-preview":"max-image-preview:large","max-video-preview":"max-video-preview:-1"},"canonical":"https:\/\/www.belenderoca.com\/en\/historia\/","og_locale":"en_US","og_type":"article","og_title":"Bethlehem's History - El Bel\u00e9n de Roca, Meliana, Valencia","og_description":"Bethlehem's History . El Bel\u00e9n de Roca, Meliana, Valencia. Bel\u00e9n de Navidad con m\u00e1s piezas de Espa\u00f1a.","og_url":"https:\/\/www.belenderoca.com\/en\/historia\/","og_site_name":"El Bel\u00e9n de Roca, Meliana, Valencia","article_publisher":"https:\/\/www.facebook.com\/belenderoca","article_modified_time":"2022-12-27T17:25:35+00:00","og_image":[{"url":"http:\/\/belenderoca.com\/wp-content\/uploads\/2012\/03\/Scan-120405-0001-20120809-705x473.jpg","type":"","width":"","height":""}],"twitter_card":"summary_large_image","twitter_misc":{"Est. reading time":"3 minutes"},"schema":{"@context":"https:\/\/schema.org","@graph":[{"@type":"WebPage","@id":"https:\/\/www.belenderoca.com\/en\/historia\/","url":"https:\/\/www.belenderoca.com\/en\/historia\/","name":"Bethlehem's History - El Bel\u00e9n de Roca, Meliana, Valencia","isPartOf":{"@id":"https:\/\/www.belenderoca.com\/en\/#website"},"primaryImageOfPage":{"@id":"https:\/\/www.belenderoca.com\/en\/historia\/#primaryimage"},"image":{"@id":"https:\/\/www.belenderoca.com\/en\/historia\/#primaryimage"},"thumbnailUrl":"http:\/\/belenderoca.com\/wp-content\/uploads\/2012\/03\/Scan-120405-0001-20120809-705x473.jpg","datePublished":"2012-03-19T15:50:36+00:00","dateModified":"2022-12-27T17:25:35+00:00","description":"Bethlehem's History . El Bel\u00e9n de Roca, Meliana, Valencia. Bel\u00e9n de Navidad con m\u00e1s piezas de Espa\u00f1a.","inLanguage":"en-US","potentialAction":[{"@type":"ReadAction","target":["https:\/\/www.belenderoca.com\/en\/historia\/"]}]},{"@type":"ImageObject","inLanguage":"en-US","@id":"https:\/\/www.belenderoca.com\/en\/historia\/#primaryimage","url":"http:\/\/belenderoca.com\/wp-content\/uploads\/2012\/03\/Scan-120405-0001-20120809-705x473.jpg","contentUrl":"http:\/\/belenderoca.com\/wp-content\/uploads\/2012\/03\/Scan-120405-0001-20120809-705x473.jpg"},{"@type":"WebSite","@id":"https:\/\/www.belenderoca.com\/en\/#website","url":"https:\/\/www.belenderoca.com\/en\/","name":"El Bel\u00e9n de Roca, Meliana, Valencia","description":"","publisher":{"@id":"https:\/\/www.belenderoca.com\/en\/#organization"},"potentialAction":[{"@type":"SearchAction","target":{"@type":"EntryPoint","urlTemplate":"https:\/\/www.belenderoca.com\/en\/?s={search_term_string}"},"query-input":{"@type":"PropertyValueSpecification","valueRequired":true,"valueName":"search_term_string"}}],"inLanguage":"en-US"},{"@type":"Organization","@id":"https:\/\/www.belenderoca.com\/en\/#organization","name":"El Bel\u00e9n de Roca, Meliana, Valencia","url":"https:\/\/www.belenderoca.com\/en\/","logo":{"@type":"ImageObject","inLanguage":"en-US","@id":"https:\/\/www.belenderoca.com\/en\/#\/schema\/logo\/image\/","url":"https:\/\/www.belenderoca.com\/wp-content\/uploads\/2022\/12\/favicon-el-belen-de-roca.jpg","contentUrl":"https:\/\/www.belenderoca.com\/wp-content\/uploads\/2022\/12\/favicon-el-belen-de-roca.jpg","width":250,"height":250,"caption":"El Bel\u00e9n de Roca, Meliana, Valencia"},"image":{"@id":"https:\/\/www.belenderoca.com\/en\/#\/schema\/logo\/image\/"},"sameAs":["https:\/\/www.facebook.com\/belenderoca"]}]}},"_links":{"self":[{"href":"https:\/\/www.belenderoca.com\/en\/wp-json\/wp\/v2\/pages\/74331","targetHints":{"allow":["GET"]}}],"collection":[{"href":"https:\/\/www.belenderoca.com\/en\/wp-json\/wp\/v2\/pages"}],"about":[{"href":"https:\/\/www.belenderoca.com\/en\/wp-json\/wp\/v2\/types\/page"}],"author":[{"embeddable":true,"href":"https:\/\/www.belenderoca.com\/en\/wp-json\/wp\/v2\/users\/1"}],"replies":[{"embeddable":true,"href":"https:\/\/www.belenderoca.com\/en\/wp-json\/wp\/v2\/comments?post=74331"}],"version-history":[{"count":2,"href":"https:\/\/www.belenderoca.com\/en\/wp-json\/wp\/v2\/pages\/74331\/revisions"}],"predecessor-version":[{"id":74528,"href":"https:\/\/www.belenderoca.com\/en\/wp-json\/wp\/v2\/pages\/74331\/revisions\/74528"}],"wp:attachment":[{"href":"https:\/\/www.belenderoca.com\/en\/wp-json\/wp\/v2\/media?parent=74331"}],"curies":[{"name":"wp","href":"https:\/\/api.w.org\/{rel}","templated":true}]}}