{"id":74329,"date":"2012-08-09T09:50:27","date_gmt":"2012-08-09T07:50:27","guid":{"rendered":"https:\/\/belenderoca.com\/libro-de-oficios-artesanos-extracto\/"},"modified":"2022-12-27T18:25:46","modified_gmt":"2022-12-27T17:25:46","slug":"libro-de-oficios-artesanos-extracto","status":"publish","type":"page","link":"https:\/\/www.belenderoca.com\/en\/libro-de-oficios-artesanos-extracto\/","title":{"rendered":"Book Trades"},"content":{"rendered":"<p><img loading=\"lazy\" decoding=\"async\" class=\"size-full wp-image-713 alignleft\" title=\"tapa\" src=\"http:\/\/belenderoca.com\/wp-content\/uploads\/2012\/08\/tapa.jpg\" alt=\"\" width=\"300\" height=\"296\" srcset=\"https:\/\/www.belenderoca.com\/wp-content\/uploads\/2012\/08\/tapa.jpg 300w, https:\/\/www.belenderoca.com\/wp-content\/uploads\/2012\/08\/tapa-150x148.jpg 150w\" sizes=\"auto, (max-width: 300px) 100vw, 300px\" \/>From the book &#8220;Oficios con Tradici\u00f3n I&#8221; (Valencia, 2008).<br \/>\nPublished by the Provincial Council of Valencia<\/p>\n<p>[widgetkit id=707]<\/p>\n<p><a href=\"http:\/\/belenderoca.com\/wp-content\/uploads\/2012\/03\/14.jpg\"><img loading=\"lazy\" decoding=\"async\" class=\"alignnone size-large wp-image-461\" title=\"img003\" src=\"http:\/\/belenderoca.com\/wp-content\/uploads\/2012\/03\/14-705x715.jpg\" alt=\"\" width=\"705\" height=\"715\" srcset=\"https:\/\/www.belenderoca.com\/wp-content\/uploads\/2012\/03\/14-705x715.jpg 705w, https:\/\/www.belenderoca.com\/wp-content\/uploads\/2012\/03\/14-150x152.jpg 150w, https:\/\/www.belenderoca.com\/wp-content\/uploads\/2012\/03\/14-350x355.jpg 350w, https:\/\/www.belenderoca.com\/wp-content\/uploads\/2012\/03\/14.jpg 800w\" sizes=\"auto, (max-width: 705px) 100vw, 705px\" \/><\/a><\/p>\n<p><a href=\"http:\/\/belenderoca.com\/wp-content\/uploads\/2012\/03\/2.jpg\"><img loading=\"lazy\" decoding=\"async\" class=\"alignnone size-large wp-image-462\" title=\"img006\" src=\"http:\/\/belenderoca.com\/wp-content\/uploads\/2012\/03\/2-705x714.jpg\" alt=\"\" width=\"705\" height=\"714\" srcset=\"https:\/\/www.belenderoca.com\/wp-content\/uploads\/2012\/03\/2-705x714.jpg 705w, https:\/\/www.belenderoca.com\/wp-content\/uploads\/2012\/03\/2-150x152.jpg 150w, https:\/\/www.belenderoca.com\/wp-content\/uploads\/2012\/03\/2-350x354.jpg 350w, https:\/\/www.belenderoca.com\/wp-content\/uploads\/2012\/03\/2.jpg 800w\" sizes=\"auto, (max-width: 705px) 100vw, 705px\" \/><\/a><\/p>\n<p><a href=\"http:\/\/belenderoca.com\/wp-content\/uploads\/2012\/03\/31.jpg\"><img loading=\"lazy\" decoding=\"async\" class=\"alignnone size-large wp-image-463\" title=\"img007\" src=\"http:\/\/belenderoca.com\/wp-content\/uploads\/2012\/03\/31-705x700.jpg\" alt=\"\" width=\"705\" height=\"700\" srcset=\"https:\/\/www.belenderoca.com\/wp-content\/uploads\/2012\/03\/31-705x700.jpg 705w, https:\/\/www.belenderoca.com\/wp-content\/uploads\/2012\/03\/31-150x149.jpg 150w, https:\/\/www.belenderoca.com\/wp-content\/uploads\/2012\/03\/31-350x347.jpg 350w, https:\/\/www.belenderoca.com\/wp-content\/uploads\/2012\/03\/31.jpg 800w\" sizes=\"auto, (max-width: 705px) 100vw, 705px\" \/><\/a><\/p>\n<p><a href=\"http:\/\/belenderoca.com\/wp-content\/uploads\/2012\/03\/41.jpg\"><img loading=\"lazy\" decoding=\"async\" class=\"alignnone size-large wp-image-464\" title=\"img008\" src=\"http:\/\/belenderoca.com\/wp-content\/uploads\/2012\/03\/41-705x692.jpg\" alt=\"\" width=\"705\" height=\"692\" srcset=\"https:\/\/www.belenderoca.com\/wp-content\/uploads\/2012\/03\/41-705x692.jpg 705w, https:\/\/www.belenderoca.com\/wp-content\/uploads\/2012\/03\/41-150x147.jpg 150w, https:\/\/www.belenderoca.com\/wp-content\/uploads\/2012\/03\/41-350x343.jpg 350w, https:\/\/www.belenderoca.com\/wp-content\/uploads\/2012\/03\/41.jpg 800w\" sizes=\"auto, (max-width: 705px) 100vw, 705px\" \/><\/a><\/p>\n<p><a href=\"http:\/\/belenderoca.com\/wp-content\/uploads\/2012\/03\/5.jpg\"><img loading=\"lazy\" decoding=\"async\" class=\"alignnone size-large wp-image-465\" title=\"img009\" src=\"http:\/\/belenderoca.com\/wp-content\/uploads\/2012\/03\/5-705x690.jpg\" alt=\"\" width=\"705\" height=\"690\" srcset=\"https:\/\/www.belenderoca.com\/wp-content\/uploads\/2012\/03\/5-705x690.jpg 705w, https:\/\/www.belenderoca.com\/wp-content\/uploads\/2012\/03\/5-150x146.jpg 150w, https:\/\/www.belenderoca.com\/wp-content\/uploads\/2012\/03\/5-350x342.jpg 350w, https:\/\/www.belenderoca.com\/wp-content\/uploads\/2012\/03\/5.jpg 800w\" sizes=\"auto, (max-width: 705px) 100vw, 705px\" \/><\/a><\/p>\n<p><a href=\"http:\/\/belenderoca.com\/wp-content\/uploads\/2012\/03\/6.jpg\"><img loading=\"lazy\" decoding=\"async\" class=\"alignnone size-large wp-image-467\" title=\"img010\" src=\"http:\/\/belenderoca.com\/wp-content\/uploads\/2012\/03\/6-705x691.jpg\" alt=\"\" width=\"705\" height=\"691\" srcset=\"https:\/\/www.belenderoca.com\/wp-content\/uploads\/2012\/03\/6-705x691.jpg 705w, https:\/\/www.belenderoca.com\/wp-content\/uploads\/2012\/03\/6-150x147.jpg 150w, https:\/\/www.belenderoca.com\/wp-content\/uploads\/2012\/03\/6-350x343.jpg 350w, https:\/\/www.belenderoca.com\/wp-content\/uploads\/2012\/03\/6.jpg 800w\" sizes=\"auto, (max-width: 705px) 100vw, 705px\" \/><\/a><\/p>\n","protected":false},"excerpt":{"rendered":"<p>From the book &#8220;Oficios con Tradici\u00f3n I&#8221; (Valencia, 2008). Published by the Provincial Council of Valencia [widgetkit id=707]<\/p>\n","protected":false},"author":1,"featured_media":0,"parent":0,"menu_order":0,"comment_status":"closed","ping_status":"closed","template":"","meta":{"footnotes":""},"class_list":["post-74329","page","type-page","status-publish","hentry"],"yoast_head":"<!-- This site is optimized with the Yoast SEO plugin v26.4 - https:\/\/yoast.com\/wordpress\/plugins\/seo\/ -->\n<title>Book Trades - El Bel\u00e9n de Roca, Meliana, Valencia<\/title>\n<meta name=\"description\" content=\"Book Trades . El Bel\u00e9n de Roca, Meliana, Valencia. Bel\u00e9n de Navidad con m\u00e1s piezas de Espa\u00f1a.\" \/>\n<meta name=\"robots\" content=\"index, follow, max-snippet:-1, max-image-preview:large, max-video-preview:-1\" \/>\n<link rel=\"canonical\" href=\"https:\/\/www.belenderoca.com\/en\/libro-de-oficios-artesanos-extracto\/\" \/>\n<meta property=\"og:locale\" content=\"en_US\" \/>\n<meta property=\"og:type\" content=\"article\" \/>\n<meta property=\"og:title\" content=\"Book Trades - El Bel\u00e9n de Roca, Meliana, Valencia\" \/>\n<meta property=\"og:description\" content=\"Book Trades . El Bel\u00e9n de Roca, Meliana, Valencia. Bel\u00e9n de Navidad con m\u00e1s piezas de Espa\u00f1a.\" \/>\n<meta property=\"og:url\" content=\"https:\/\/www.belenderoca.com\/en\/libro-de-oficios-artesanos-extracto\/\" \/>\n<meta property=\"og:site_name\" content=\"El Bel\u00e9n de Roca, Meliana, Valencia\" \/>\n<meta property=\"article:publisher\" content=\"https:\/\/www.facebook.com\/belenderoca\" \/>\n<meta property=\"article:modified_time\" content=\"2022-12-27T17:25:46+00:00\" \/>\n<meta property=\"og:image\" content=\"http:\/\/belenderoca.com\/wp-content\/uploads\/2012\/08\/tapa.jpg\" \/>\n<meta name=\"twitter:card\" content=\"summary_large_image\" \/>\n<meta name=\"twitter:label1\" content=\"Est. reading time\" \/>\n\t<meta name=\"twitter:data1\" content=\"2 minutes\" \/>\n<script type=\"application\/ld+json\" class=\"yoast-schema-graph\">{\"@context\":\"https:\/\/schema.org\",\"@graph\":[{\"@type\":\"WebPage\",\"@id\":\"https:\/\/www.belenderoca.com\/en\/libro-de-oficios-artesanos-extracto\/\",\"url\":\"https:\/\/www.belenderoca.com\/en\/libro-de-oficios-artesanos-extracto\/\",\"name\":\"Book Trades - El Bel\u00e9n de Roca, Meliana, Valencia\",\"isPartOf\":{\"@id\":\"https:\/\/www.belenderoca.com\/en\/#website\"},\"primaryImageOfPage\":{\"@id\":\"https:\/\/www.belenderoca.com\/en\/libro-de-oficios-artesanos-extracto\/#primaryimage\"},\"image\":{\"@id\":\"https:\/\/www.belenderoca.com\/en\/libro-de-oficios-artesanos-extracto\/#primaryimage\"},\"thumbnailUrl\":\"http:\/\/belenderoca.com\/wp-content\/uploads\/2012\/08\/tapa.jpg\",\"datePublished\":\"2012-08-09T07:50:27+00:00\",\"dateModified\":\"2022-12-27T17:25:46+00:00\",\"description\":\"Book Trades . El Bel\u00e9n de Roca, Meliana, Valencia. Bel\u00e9n de Navidad con m\u00e1s piezas de Espa\u00f1a.\",\"inLanguage\":\"en-US\",\"potentialAction\":[{\"@type\":\"ReadAction\",\"target\":[\"https:\/\/www.belenderoca.com\/en\/libro-de-oficios-artesanos-extracto\/\"]}]},{\"@type\":\"ImageObject\",\"inLanguage\":\"en-US\",\"@id\":\"https:\/\/www.belenderoca.com\/en\/libro-de-oficios-artesanos-extracto\/#primaryimage\",\"url\":\"http:\/\/belenderoca.com\/wp-content\/uploads\/2012\/08\/tapa.jpg\",\"contentUrl\":\"http:\/\/belenderoca.com\/wp-content\/uploads\/2012\/08\/tapa.jpg\"},{\"@type\":\"WebSite\",\"@id\":\"https:\/\/www.belenderoca.com\/en\/#website\",\"url\":\"https:\/\/www.belenderoca.com\/en\/\",\"name\":\"El Bel\u00e9n de Roca, Meliana, Valencia\",\"description\":\"\",\"publisher\":{\"@id\":\"https:\/\/www.belenderoca.com\/en\/#organization\"},\"potentialAction\":[{\"@type\":\"SearchAction\",\"target\":{\"@type\":\"EntryPoint\",\"urlTemplate\":\"https:\/\/www.belenderoca.com\/en\/?s={search_term_string}\"},\"query-input\":{\"@type\":\"PropertyValueSpecification\",\"valueRequired\":true,\"valueName\":\"search_term_string\"}}],\"inLanguage\":\"en-US\"},{\"@type\":\"Organization\",\"@id\":\"https:\/\/www.belenderoca.com\/en\/#organization\",\"name\":\"El Bel\u00e9n de Roca, Meliana, Valencia\",\"url\":\"https:\/\/www.belenderoca.com\/en\/\",\"logo\":{\"@type\":\"ImageObject\",\"inLanguage\":\"en-US\",\"@id\":\"https:\/\/www.belenderoca.com\/en\/#\/schema\/logo\/image\/\",\"url\":\"https:\/\/www.belenderoca.com\/wp-content\/uploads\/2022\/12\/favicon-el-belen-de-roca.jpg\",\"contentUrl\":\"https:\/\/www.belenderoca.com\/wp-content\/uploads\/2022\/12\/favicon-el-belen-de-roca.jpg\",\"width\":250,\"height\":250,\"caption\":\"El Bel\u00e9n de Roca, Meliana, Valencia\"},\"image\":{\"@id\":\"https:\/\/www.belenderoca.com\/en\/#\/schema\/logo\/image\/\"},\"sameAs\":[\"https:\/\/www.facebook.com\/belenderoca\"]}]}<\/script>\n<!-- \/ Yoast SEO plugin. -->","yoast_head_json":{"title":"Book Trades - El Bel\u00e9n de Roca, Meliana, Valencia","description":"Book Trades . El Bel\u00e9n de Roca, Meliana, Valencia. Bel\u00e9n de Navidad con m\u00e1s piezas de Espa\u00f1a.","robots":{"index":"index","follow":"follow","max-snippet":"max-snippet:-1","max-image-preview":"max-image-preview:large","max-video-preview":"max-video-preview:-1"},"canonical":"https:\/\/www.belenderoca.com\/en\/libro-de-oficios-artesanos-extracto\/","og_locale":"en_US","og_type":"article","og_title":"Book Trades - El Bel\u00e9n de Roca, Meliana, Valencia","og_description":"Book Trades . El Bel\u00e9n de Roca, Meliana, Valencia. Bel\u00e9n de Navidad con m\u00e1s piezas de Espa\u00f1a.","og_url":"https:\/\/www.belenderoca.com\/en\/libro-de-oficios-artesanos-extracto\/","og_site_name":"El Bel\u00e9n de Roca, Meliana, Valencia","article_publisher":"https:\/\/www.facebook.com\/belenderoca","article_modified_time":"2022-12-27T17:25:46+00:00","og_image":[{"url":"http:\/\/belenderoca.com\/wp-content\/uploads\/2012\/08\/tapa.jpg","type":"","width":"","height":""}],"twitter_card":"summary_large_image","twitter_misc":{"Est. reading time":"2 minutes"},"schema":{"@context":"https:\/\/schema.org","@graph":[{"@type":"WebPage","@id":"https:\/\/www.belenderoca.com\/en\/libro-de-oficios-artesanos-extracto\/","url":"https:\/\/www.belenderoca.com\/en\/libro-de-oficios-artesanos-extracto\/","name":"Book Trades - El Bel\u00e9n de Roca, Meliana, Valencia","isPartOf":{"@id":"https:\/\/www.belenderoca.com\/en\/#website"},"primaryImageOfPage":{"@id":"https:\/\/www.belenderoca.com\/en\/libro-de-oficios-artesanos-extracto\/#primaryimage"},"image":{"@id":"https:\/\/www.belenderoca.com\/en\/libro-de-oficios-artesanos-extracto\/#primaryimage"},"thumbnailUrl":"http:\/\/belenderoca.com\/wp-content\/uploads\/2012\/08\/tapa.jpg","datePublished":"2012-08-09T07:50:27+00:00","dateModified":"2022-12-27T17:25:46+00:00","description":"Book Trades . El Bel\u00e9n de Roca, Meliana, Valencia. Bel\u00e9n de Navidad con m\u00e1s piezas de Espa\u00f1a.","inLanguage":"en-US","potentialAction":[{"@type":"ReadAction","target":["https:\/\/www.belenderoca.com\/en\/libro-de-oficios-artesanos-extracto\/"]}]},{"@type":"ImageObject","inLanguage":"en-US","@id":"https:\/\/www.belenderoca.com\/en\/libro-de-oficios-artesanos-extracto\/#primaryimage","url":"http:\/\/belenderoca.com\/wp-content\/uploads\/2012\/08\/tapa.jpg","contentUrl":"http:\/\/belenderoca.com\/wp-content\/uploads\/2012\/08\/tapa.jpg"},{"@type":"WebSite","@id":"https:\/\/www.belenderoca.com\/en\/#website","url":"https:\/\/www.belenderoca.com\/en\/","name":"El Bel\u00e9n de Roca, Meliana, Valencia","description":"","publisher":{"@id":"https:\/\/www.belenderoca.com\/en\/#organization"},"potentialAction":[{"@type":"SearchAction","target":{"@type":"EntryPoint","urlTemplate":"https:\/\/www.belenderoca.com\/en\/?s={search_term_string}"},"query-input":{"@type":"PropertyValueSpecification","valueRequired":true,"valueName":"search_term_string"}}],"inLanguage":"en-US"},{"@type":"Organization","@id":"https:\/\/www.belenderoca.com\/en\/#organization","name":"El Bel\u00e9n de Roca, Meliana, Valencia","url":"https:\/\/www.belenderoca.com\/en\/","logo":{"@type":"ImageObject","inLanguage":"en-US","@id":"https:\/\/www.belenderoca.com\/en\/#\/schema\/logo\/image\/","url":"https:\/\/www.belenderoca.com\/wp-content\/uploads\/2022\/12\/favicon-el-belen-de-roca.jpg","contentUrl":"https:\/\/www.belenderoca.com\/wp-content\/uploads\/2022\/12\/favicon-el-belen-de-roca.jpg","width":250,"height":250,"caption":"El Bel\u00e9n de Roca, Meliana, Valencia"},"image":{"@id":"https:\/\/www.belenderoca.com\/en\/#\/schema\/logo\/image\/"},"sameAs":["https:\/\/www.facebook.com\/belenderoca"]}]}},"_links":{"self":[{"href":"https:\/\/www.belenderoca.com\/en\/wp-json\/wp\/v2\/pages\/74329","targetHints":{"allow":["GET"]}}],"collection":[{"href":"https:\/\/www.belenderoca.com\/en\/wp-json\/wp\/v2\/pages"}],"about":[{"href":"https:\/\/www.belenderoca.com\/en\/wp-json\/wp\/v2\/types\/page"}],"author":[{"embeddable":true,"href":"https:\/\/www.belenderoca.com\/en\/wp-json\/wp\/v2\/users\/1"}],"replies":[{"embeddable":true,"href":"https:\/\/www.belenderoca.com\/en\/wp-json\/wp\/v2\/comments?post=74329"}],"version-history":[{"count":3,"href":"https:\/\/www.belenderoca.com\/en\/wp-json\/wp\/v2\/pages\/74329\/revisions"}],"predecessor-version":[{"id":74357,"href":"https:\/\/www.belenderoca.com\/en\/wp-json\/wp\/v2\/pages\/74329\/revisions\/74357"}],"wp:attachment":[{"href":"https:\/\/www.belenderoca.com\/en\/wp-json\/wp\/v2\/media?parent=74329"}],"curies":[{"name":"wp","href":"https:\/\/api.w.org\/{rel}","templated":true}]}}