{"id":74325,"date":"2012-09-03T19:49:14","date_gmt":"2012-09-03T17:49:14","guid":{"rendered":"https:\/\/belenderoca.com\/nos-han-visitado\/"},"modified":"2024-09-10T14:28:58","modified_gmt":"2024-09-10T12:28:58","slug":"nos-han-visitado","status":"publish","type":"page","link":"https:\/\/www.belenderoca.com\/en\/nos-han-visitado\/","title":{"rendered":"Our visitors . . ."},"content":{"rendered":"<p>On this page we collect some of the pictures that we have become friends and prominent people who have visited us.<\/p>\n\n\t\t\t<style type='text\/css'>\n\t\t\t\t#gallery-1 {\n\t\t\t\t\tmargin: auto;\n\t\t\t\t}\n\t\t\t\t#gallery-1 .gallery-item {\n\t\t\t\t\tfloat: left;\n\t\t\t\t\tmargin-top: 10px;\n\t\t\t\t\ttext-align: center;\n\t\t\t\t\twidth: 33.33%;\n\t\t\t\t}\n\t\t\t\t#gallery-1 img {\n\t\t\t\t\tborder: 2px solid #cfcfcf;\n\t\t\t\t}\n\t\t\t\t#gallery-1 .gallery-caption {\n\t\t\t\t\tmargin-left: 0;\n\t\t\t\t}\n\t\t\t\t\/* see gallery_shortcode() in wp-includes\/media.php *\/\n\t\t\t<\/style>\n\t\t<div id='gallery-1' class='gallery galleryid-74325 gallery-columns-3 gallery-size-large file'><dl class='gallery-item'>\n\t\t\t\t<dt class='gallery-icon landscape'>\n\t\t\t\t\t<a href='https:\/\/www.belenderoca.com\/wp-content\/uploads\/2012\/03\/Scan-120405-0025.jpg'><img loading=\"lazy\" decoding=\"async\" width=\"705\" height=\"507\" src=\"https:\/\/www.belenderoca.com\/wp-content\/uploads\/2012\/03\/Scan-120405-0025-705x507.jpg\" class=\"attachment-large size-large\" alt=\"\" srcset=\"https:\/\/www.belenderoca.com\/wp-content\/uploads\/2012\/03\/Scan-120405-0025-705x507.jpg 705w, https:\/\/www.belenderoca.com\/wp-content\/uploads\/2012\/03\/Scan-120405-0025-150x107.jpg 150w, https:\/\/www.belenderoca.com\/wp-content\/uploads\/2012\/03\/Scan-120405-0025-350x251.jpg 350w\" sizes=\"auto, (max-width: 705px) 100vw, 705px\" \/><\/a>\n\t\t\t\t<\/dt><\/dl><dl class='gallery-item'>\n\t\t\t\t<dt class='gallery-icon landscape'>\n\t\t\t\t\t<a href='https:\/\/www.belenderoca.com\/wp-content\/uploads\/2012\/03\/Scan-120405-0024.jpg'><img loading=\"lazy\" decoding=\"async\" width=\"705\" height=\"507\" src=\"https:\/\/www.belenderoca.com\/wp-content\/uploads\/2012\/03\/Scan-120405-0024-705x507.jpg\" class=\"attachment-large size-large\" alt=\"\" srcset=\"https:\/\/www.belenderoca.com\/wp-content\/uploads\/2012\/03\/Scan-120405-0024-705x507.jpg 705w, https:\/\/www.belenderoca.com\/wp-content\/uploads\/2012\/03\/Scan-120405-0024-150x107.jpg 150w, https:\/\/www.belenderoca.com\/wp-content\/uploads\/2012\/03\/Scan-120405-0024-350x251.jpg 350w\" sizes=\"auto, (max-width: 705px) 100vw, 705px\" \/><\/a>\n\t\t\t\t<\/dt><\/dl><dl class='gallery-item'>\n\t\t\t\t<dt class='gallery-icon landscape'>\n\t\t\t\t\t<a href='https:\/\/www.belenderoca.com\/wp-content\/uploads\/2012\/03\/Scan-120405-0013.jpg'><img loading=\"lazy\" decoding=\"async\" width=\"705\" height=\"468\" src=\"https:\/\/www.belenderoca.com\/wp-content\/uploads\/2012\/03\/Scan-120405-0013-705x468.jpg\" class=\"attachment-large size-large\" alt=\"\" srcset=\"https:\/\/www.belenderoca.com\/wp-content\/uploads\/2012\/03\/Scan-120405-0013-705x468.jpg 705w, https:\/\/www.belenderoca.com\/wp-content\/uploads\/2012\/03\/Scan-120405-0013-150x99.jpg 150w, https:\/\/www.belenderoca.com\/wp-content\/uploads\/2012\/03\/Scan-120405-0013-350x232.jpg 350w, https:\/\/www.belenderoca.com\/wp-content\/uploads\/2012\/03\/Scan-120405-0013.jpg 1768w\" sizes=\"auto, (max-width: 705px) 100vw, 705px\" \/><\/a>\n\t\t\t\t<\/dt><\/dl><br style=\"clear: both\" \/><dl class='gallery-item'>\n\t\t\t\t<dt class='gallery-icon landscape'>\n\t\t\t\t\t<a href='https:\/\/www.belenderoca.com\/wp-content\/uploads\/2012\/03\/Scan-120405-0008.jpg'><img loading=\"lazy\" decoding=\"async\" width=\"705\" height=\"468\" src=\"https:\/\/www.belenderoca.com\/wp-content\/uploads\/2012\/03\/Scan-120405-0008-705x468.jpg\" class=\"attachment-large size-large\" alt=\"\" srcset=\"https:\/\/www.belenderoca.com\/wp-content\/uploads\/2012\/03\/Scan-120405-0008-705x468.jpg 705w, https:\/\/www.belenderoca.com\/wp-content\/uploads\/2012\/03\/Scan-120405-0008-150x99.jpg 150w, https:\/\/www.belenderoca.com\/wp-content\/uploads\/2012\/03\/Scan-120405-0008-350x232.jpg 350w, https:\/\/www.belenderoca.com\/wp-content\/uploads\/2012\/03\/Scan-120405-0008.jpg 1768w\" sizes=\"auto, (max-width: 705px) 100vw, 705px\" \/><\/a>\n\t\t\t\t<\/dt><\/dl><dl class='gallery-item'>\n\t\t\t\t<dt class='gallery-icon landscape'>\n\t\t\t\t\t<a href='https:\/\/www.belenderoca.com\/wp-content\/uploads\/2012\/03\/Scan-120304-0052.jpg'><img loading=\"lazy\" decoding=\"async\" width=\"705\" height=\"455\" src=\"https:\/\/www.belenderoca.com\/wp-content\/uploads\/2012\/03\/Scan-120304-0052-705x455.jpg\" class=\"attachment-large size-large\" alt=\"\" srcset=\"https:\/\/www.belenderoca.com\/wp-content\/uploads\/2012\/03\/Scan-120304-0052-705x455.jpg 705w, https:\/\/www.belenderoca.com\/wp-content\/uploads\/2012\/03\/Scan-120304-0052-150x96.jpg 150w, https:\/\/www.belenderoca.com\/wp-content\/uploads\/2012\/03\/Scan-120304-0052-350x226.jpg 350w, https:\/\/www.belenderoca.com\/wp-content\/uploads\/2012\/03\/Scan-120304-0052.jpg 1776w\" sizes=\"auto, (max-width: 705px) 100vw, 705px\" \/><\/a>\n\t\t\t\t<\/dt><\/dl><dl class='gallery-item'>\n\t\t\t\t<dt class='gallery-icon landscape'>\n\t\t\t\t\t<a href='https:\/\/www.belenderoca.com\/wp-content\/uploads\/2012\/03\/Scan-120304-0051.jpg'><img loading=\"lazy\" decoding=\"async\" width=\"705\" height=\"455\" src=\"https:\/\/www.belenderoca.com\/wp-content\/uploads\/2012\/03\/Scan-120304-0051-705x455.jpg\" class=\"attachment-large size-large\" alt=\"\" srcset=\"https:\/\/www.belenderoca.com\/wp-content\/uploads\/2012\/03\/Scan-120304-0051-705x455.jpg 705w, https:\/\/www.belenderoca.com\/wp-content\/uploads\/2012\/03\/Scan-120304-0051-150x96.jpg 150w, https:\/\/www.belenderoca.com\/wp-content\/uploads\/2012\/03\/Scan-120304-0051-350x226.jpg 350w, https:\/\/www.belenderoca.com\/wp-content\/uploads\/2012\/03\/Scan-120304-0051.jpg 1776w\" sizes=\"auto, (max-width: 705px) 100vw, 705px\" \/><\/a>\n\t\t\t\t<\/dt><\/dl><br style=\"clear: both\" \/><dl class='gallery-item'>\n\t\t\t\t<dt class='gallery-icon landscape'>\n\t\t\t\t\t<a href='https:\/\/www.belenderoca.com\/wp-content\/uploads\/2012\/03\/Scan-120304-0025.jpg'><img loading=\"lazy\" decoding=\"async\" width=\"705\" height=\"455\" src=\"https:\/\/www.belenderoca.com\/wp-content\/uploads\/2012\/03\/Scan-120304-0025-705x455.jpg\" class=\"attachment-large size-large\" alt=\"\" srcset=\"https:\/\/www.belenderoca.com\/wp-content\/uploads\/2012\/03\/Scan-120304-0025-705x455.jpg 705w, https:\/\/www.belenderoca.com\/wp-content\/uploads\/2012\/03\/Scan-120304-0025-150x96.jpg 150w, https:\/\/www.belenderoca.com\/wp-content\/uploads\/2012\/03\/Scan-120304-0025-350x226.jpg 350w, https:\/\/www.belenderoca.com\/wp-content\/uploads\/2012\/03\/Scan-120304-0025.jpg 1776w\" sizes=\"auto, (max-width: 705px) 100vw, 705px\" \/><\/a>\n\t\t\t\t<\/dt><\/dl><dl class='gallery-item'>\n\t\t\t\t<dt class='gallery-icon landscape'>\n\t\t\t\t\t<a href='https:\/\/www.belenderoca.com\/wp-content\/uploads\/2012\/03\/Scan-120304-0021.jpg'><img loading=\"lazy\" decoding=\"async\" width=\"705\" height=\"455\" src=\"https:\/\/www.belenderoca.com\/wp-content\/uploads\/2012\/03\/Scan-120304-0021-705x455.jpg\" class=\"attachment-large size-large\" alt=\"\" srcset=\"https:\/\/www.belenderoca.com\/wp-content\/uploads\/2012\/03\/Scan-120304-0021-705x455.jpg 705w, https:\/\/www.belenderoca.com\/wp-content\/uploads\/2012\/03\/Scan-120304-0021-150x96.jpg 150w, https:\/\/www.belenderoca.com\/wp-content\/uploads\/2012\/03\/Scan-120304-0021-350x226.jpg 350w, https:\/\/www.belenderoca.com\/wp-content\/uploads\/2012\/03\/Scan-120304-0021.jpg 1776w\" sizes=\"auto, (max-width: 705px) 100vw, 705px\" \/><\/a>\n\t\t\t\t<\/dt><\/dl><dl class='gallery-item'>\n\t\t\t\t<dt class='gallery-icon landscape'>\n\t\t\t\t\t<a href='https:\/\/www.belenderoca.com\/wp-content\/uploads\/2012\/03\/Scan-120304-0020.jpg'><img loading=\"lazy\" decoding=\"async\" width=\"705\" height=\"455\" src=\"https:\/\/www.belenderoca.com\/wp-content\/uploads\/2012\/03\/Scan-120304-0020-705x455.jpg\" class=\"attachment-large size-large\" alt=\"\" srcset=\"https:\/\/www.belenderoca.com\/wp-content\/uploads\/2012\/03\/Scan-120304-0020-705x455.jpg 705w, https:\/\/www.belenderoca.com\/wp-content\/uploads\/2012\/03\/Scan-120304-0020-150x96.jpg 150w, https:\/\/www.belenderoca.com\/wp-content\/uploads\/2012\/03\/Scan-120304-0020-350x226.jpg 350w, https:\/\/www.belenderoca.com\/wp-content\/uploads\/2012\/03\/Scan-120304-0020.jpg 1776w\" sizes=\"auto, (max-width: 705px) 100vw, 705px\" \/><\/a>\n\t\t\t\t<\/dt><\/dl><br style=\"clear: both\" \/><dl class='gallery-item'>\n\t\t\t\t<dt class='gallery-icon landscape'>\n\t\t\t\t\t<a href='https:\/\/www.belenderoca.com\/wp-content\/uploads\/2012\/04\/historia2.jpg'><img loading=\"lazy\" decoding=\"async\" width=\"240\" height=\"172\" src=\"https:\/\/www.belenderoca.com\/wp-content\/uploads\/2012\/04\/historia2.jpg\" class=\"attachment-large size-large\" alt=\"\" \/><\/a>\n\t\t\t\t<\/dt><\/dl><dl class='gallery-item'>\n\t\t\t\t<dt class='gallery-icon landscape'>\n\t\t\t\t\t<a href='https:\/\/www.belenderoca.com\/wp-content\/uploads\/2012\/04\/historia.jpg'><img loading=\"lazy\" decoding=\"async\" width=\"240\" height=\"172\" src=\"https:\/\/www.belenderoca.com\/wp-content\/uploads\/2012\/04\/historia.jpg\" class=\"attachment-large size-large\" alt=\"\" \/><\/a>\n\t\t\t\t<\/dt><\/dl>\n\t\t\t\t<br style='clear: both' \/>\n\t\t\t<\/div>\n\n","protected":false},"excerpt":{"rendered":"<p>On this page we collect some of the pictures that we have become friends and prominent people who have visited us.<\/p>\n","protected":false},"author":1,"featured_media":0,"parent":0,"menu_order":0,"comment_status":"closed","ping_status":"closed","template":"","meta":{"footnotes":""},"class_list":["post-74325","page","type-page","status-publish","hentry"],"yoast_head":"<!-- This site is optimized with the Yoast SEO plugin v26.4 - https:\/\/yoast.com\/wordpress\/plugins\/seo\/ -->\n<title>Our visitors . . . - El Bel\u00e9n de Roca, Meliana, Valencia<\/title>\n<meta name=\"description\" content=\"Our visitors . . . . El Bel\u00e9n de Roca, Meliana, Valencia. Bel\u00e9n de Navidad con m\u00e1s piezas de Espa\u00f1a.\" \/>\n<meta name=\"robots\" content=\"index, follow, max-snippet:-1, max-image-preview:large, max-video-preview:-1\" \/>\n<link rel=\"canonical\" href=\"https:\/\/www.belenderoca.com\/en\/nos-han-visitado\/\" \/>\n<meta property=\"og:locale\" content=\"en_US\" \/>\n<meta property=\"og:type\" content=\"article\" \/>\n<meta property=\"og:title\" content=\"Our visitors . . . - El Bel\u00e9n de Roca, Meliana, Valencia\" \/>\n<meta property=\"og:description\" content=\"Our visitors . . . . El Bel\u00e9n de Roca, Meliana, Valencia. Bel\u00e9n de Navidad con m\u00e1s piezas de Espa\u00f1a.\" \/>\n<meta property=\"og:url\" content=\"https:\/\/www.belenderoca.com\/en\/nos-han-visitado\/\" \/>\n<meta property=\"og:site_name\" content=\"El Bel\u00e9n de Roca, Meliana, Valencia\" \/>\n<meta property=\"article:publisher\" content=\"https:\/\/www.facebook.com\/belenderoca\" \/>\n<meta property=\"article:modified_time\" content=\"2024-09-10T12:28:58+00:00\" \/>\n<meta property=\"og:image\" content=\"https:\/\/www.belenderoca.com\/wp-content\/uploads\/2012\/03\/Scan-120405-0025-705x507.jpg\" \/>\n<meta name=\"twitter:card\" content=\"summary_large_image\" \/>\n<meta name=\"twitter:label1\" content=\"Est. reading time\" \/>\n\t<meta name=\"twitter:data1\" content=\"1 minute\" \/>\n<script type=\"application\/ld+json\" class=\"yoast-schema-graph\">{\"@context\":\"https:\/\/schema.org\",\"@graph\":[{\"@type\":\"WebPage\",\"@id\":\"https:\/\/www.belenderoca.com\/en\/nos-han-visitado\/\",\"url\":\"https:\/\/www.belenderoca.com\/en\/nos-han-visitado\/\",\"name\":\"Our visitors . . . - El Bel\u00e9n de Roca, Meliana, Valencia\",\"isPartOf\":{\"@id\":\"https:\/\/www.belenderoca.com\/en\/#website\"},\"datePublished\":\"2012-09-03T17:49:14+00:00\",\"dateModified\":\"2024-09-10T12:28:58+00:00\",\"description\":\"Our visitors . . . . El Bel\u00e9n de Roca, Meliana, Valencia. Bel\u00e9n de Navidad con m\u00e1s piezas de Espa\u00f1a.\",\"inLanguage\":\"en-US\",\"potentialAction\":[{\"@type\":\"ReadAction\",\"target\":[\"https:\/\/www.belenderoca.com\/en\/nos-han-visitado\/\"]}]},{\"@type\":\"WebSite\",\"@id\":\"https:\/\/www.belenderoca.com\/en\/#website\",\"url\":\"https:\/\/www.belenderoca.com\/en\/\",\"name\":\"El Bel\u00e9n de Roca, Meliana, Valencia\",\"description\":\"\",\"publisher\":{\"@id\":\"https:\/\/www.belenderoca.com\/en\/#organization\"},\"potentialAction\":[{\"@type\":\"SearchAction\",\"target\":{\"@type\":\"EntryPoint\",\"urlTemplate\":\"https:\/\/www.belenderoca.com\/en\/?s={search_term_string}\"},\"query-input\":{\"@type\":\"PropertyValueSpecification\",\"valueRequired\":true,\"valueName\":\"search_term_string\"}}],\"inLanguage\":\"en-US\"},{\"@type\":\"Organization\",\"@id\":\"https:\/\/www.belenderoca.com\/en\/#organization\",\"name\":\"El Bel\u00e9n de Roca, Meliana, Valencia\",\"url\":\"https:\/\/www.belenderoca.com\/en\/\",\"logo\":{\"@type\":\"ImageObject\",\"inLanguage\":\"en-US\",\"@id\":\"https:\/\/www.belenderoca.com\/en\/#\/schema\/logo\/image\/\",\"url\":\"https:\/\/www.belenderoca.com\/wp-content\/uploads\/2022\/12\/favicon-el-belen-de-roca.jpg\",\"contentUrl\":\"https:\/\/www.belenderoca.com\/wp-content\/uploads\/2022\/12\/favicon-el-belen-de-roca.jpg\",\"width\":250,\"height\":250,\"caption\":\"El Bel\u00e9n de Roca, Meliana, Valencia\"},\"image\":{\"@id\":\"https:\/\/www.belenderoca.com\/en\/#\/schema\/logo\/image\/\"},\"sameAs\":[\"https:\/\/www.facebook.com\/belenderoca\"]}]}<\/script>\n<!-- \/ Yoast SEO plugin. -->","yoast_head_json":{"title":"Our visitors . . . - El Bel\u00e9n de Roca, Meliana, Valencia","description":"Our visitors . . . . El Bel\u00e9n de Roca, Meliana, Valencia. Bel\u00e9n de Navidad con m\u00e1s piezas de Espa\u00f1a.","robots":{"index":"index","follow":"follow","max-snippet":"max-snippet:-1","max-image-preview":"max-image-preview:large","max-video-preview":"max-video-preview:-1"},"canonical":"https:\/\/www.belenderoca.com\/en\/nos-han-visitado\/","og_locale":"en_US","og_type":"article","og_title":"Our visitors . . . - El Bel\u00e9n de Roca, Meliana, Valencia","og_description":"Our visitors . . . . El Bel\u00e9n de Roca, Meliana, Valencia. Bel\u00e9n de Navidad con m\u00e1s piezas de Espa\u00f1a.","og_url":"https:\/\/www.belenderoca.com\/en\/nos-han-visitado\/","og_site_name":"El Bel\u00e9n de Roca, Meliana, Valencia","article_publisher":"https:\/\/www.facebook.com\/belenderoca","article_modified_time":"2024-09-10T12:28:58+00:00","og_image":[{"url":"https:\/\/www.belenderoca.com\/wp-content\/uploads\/2012\/03\/Scan-120405-0025-705x507.jpg","type":"","width":"","height":""}],"twitter_card":"summary_large_image","twitter_misc":{"Est. reading time":"1 minute"},"schema":{"@context":"https:\/\/schema.org","@graph":[{"@type":"WebPage","@id":"https:\/\/www.belenderoca.com\/en\/nos-han-visitado\/","url":"https:\/\/www.belenderoca.com\/en\/nos-han-visitado\/","name":"Our visitors . . . - El Bel\u00e9n de Roca, Meliana, Valencia","isPartOf":{"@id":"https:\/\/www.belenderoca.com\/en\/#website"},"datePublished":"2012-09-03T17:49:14+00:00","dateModified":"2024-09-10T12:28:58+00:00","description":"Our visitors . . . . El Bel\u00e9n de Roca, Meliana, Valencia. Bel\u00e9n de Navidad con m\u00e1s piezas de Espa\u00f1a.","inLanguage":"en-US","potentialAction":[{"@type":"ReadAction","target":["https:\/\/www.belenderoca.com\/en\/nos-han-visitado\/"]}]},{"@type":"WebSite","@id":"https:\/\/www.belenderoca.com\/en\/#website","url":"https:\/\/www.belenderoca.com\/en\/","name":"El Bel\u00e9n de Roca, Meliana, Valencia","description":"","publisher":{"@id":"https:\/\/www.belenderoca.com\/en\/#organization"},"potentialAction":[{"@type":"SearchAction","target":{"@type":"EntryPoint","urlTemplate":"https:\/\/www.belenderoca.com\/en\/?s={search_term_string}"},"query-input":{"@type":"PropertyValueSpecification","valueRequired":true,"valueName":"search_term_string"}}],"inLanguage":"en-US"},{"@type":"Organization","@id":"https:\/\/www.belenderoca.com\/en\/#organization","name":"El Bel\u00e9n de Roca, Meliana, Valencia","url":"https:\/\/www.belenderoca.com\/en\/","logo":{"@type":"ImageObject","inLanguage":"en-US","@id":"https:\/\/www.belenderoca.com\/en\/#\/schema\/logo\/image\/","url":"https:\/\/www.belenderoca.com\/wp-content\/uploads\/2022\/12\/favicon-el-belen-de-roca.jpg","contentUrl":"https:\/\/www.belenderoca.com\/wp-content\/uploads\/2022\/12\/favicon-el-belen-de-roca.jpg","width":250,"height":250,"caption":"El Bel\u00e9n de Roca, Meliana, Valencia"},"image":{"@id":"https:\/\/www.belenderoca.com\/en\/#\/schema\/logo\/image\/"},"sameAs":["https:\/\/www.facebook.com\/belenderoca"]}]}},"_links":{"self":[{"href":"https:\/\/www.belenderoca.com\/en\/wp-json\/wp\/v2\/pages\/74325","targetHints":{"allow":["GET"]}}],"collection":[{"href":"https:\/\/www.belenderoca.com\/en\/wp-json\/wp\/v2\/pages"}],"about":[{"href":"https:\/\/www.belenderoca.com\/en\/wp-json\/wp\/v2\/types\/page"}],"author":[{"embeddable":true,"href":"https:\/\/www.belenderoca.com\/en\/wp-json\/wp\/v2\/users\/1"}],"replies":[{"embeddable":true,"href":"https:\/\/www.belenderoca.com\/en\/wp-json\/wp\/v2\/comments?post=74325"}],"version-history":[{"count":2,"href":"https:\/\/www.belenderoca.com\/en\/wp-json\/wp\/v2\/pages\/74325\/revisions"}],"predecessor-version":[{"id":74711,"href":"https:\/\/www.belenderoca.com\/en\/wp-json\/wp\/v2\/pages\/74325\/revisions\/74711"}],"wp:attachment":[{"href":"https:\/\/www.belenderoca.com\/en\/wp-json\/wp\/v2\/media?parent=74325"}],"curies":[{"name":"wp","href":"https:\/\/api.w.org\/{rel}","templated":true}]}}