{"id":74321,"date":"2012-03-18T17:01:06","date_gmt":"2012-03-18T16:01:06","guid":{"rendered":"https:\/\/belenderoca.com\/faq\/"},"modified":"2025-11-18T18:00:29","modified_gmt":"2025-11-18T17:00:29","slug":"faq","status":"publish","type":"page","link":"https:\/\/www.belenderoca.com\/en\/faq\/","title":{"rendered":"FAQ"},"content":{"rendered":"<p>Here are some questions and answers you find useful and clarify their doubts. Should you have any additional questions or concerns, please feel free to contact us from the <a title=\"Contactar\" href=\"https:\/\/belenderoca.com\/contactar\/?lang=en\">Contact page<\/a>.<\/p>\n<h3 class=\"pregunta\">What are the dates on which Bethlehem is open?<\/h3>\n<div class=\"respuesta\">\n<p>Saturday 30 November 2024 to Monday 6 January 2025.<\/p>\n<p>Also open on Saturday 11 and Sunday 12 January 2025.<\/p>\n<p>Opening hours are 11:00 to 14:00 and 17:00 to 20:00.<\/p>\n<\/div>\n<h3 class=\"pregunta\">How much is the ticket?<\/h3>\n<div class=\"respuesta\">For visits during regular opening hours (11:00 &#8211; 14:00 and 17:00 &#8211; 20:00) the entrance fee is a donation. For groups, with a guided tour and who visit the Nativity Scene at times and\/or on dates arranged outside the regular opening hours or dates, the entrance fee is \u20ac2 per person.<\/div>\n<h3 class=\"pregunta\">With the donation of Bethlehem I collaborate with?<\/h3>\n<div class=\"respuesta\">Each year a portion of the donations are intended to Bethlehem annual Manos Unidas project that develops the vicariate of Our Lady of Puig. More information on page Bethlehem solidarity<\/div>\n<h3 class=\"pregunta\">Can you visit the Bethlehem at any time of year?<\/h3>\n<div class=\"respuesta\">Yes, for groups. The Bethlehem in its current location remains mounted round. Contact us to arrange a guided tour<\/div>\n<h3 class=\"pregunta\">How I can get to Bethlehem from Valencia?<\/h3>\n<div class=\"respuesta\">You can get to Bethlehem drive from Valencia. More detailed information on the How to arrive.<br \/>\nFor larger groups possibly the most comfortable way to get there is using the C6 of Renfe. You have to get off at the station-Cuiper Roca. We have a partnership agreement with Renfe allowing discounts for groups over 10 people. More information at this web address <a href=\"http:\/\/www.renfe.com\/viajeros\/cercanias\/valencia\/catalogo\/Valencia_belen.html\">http:\/\/www.renfe.com\/viajeros\/cercanias\/valencia\/catalogo\/Valencia_belen.html<\/a>.Renfe&#8217;s phone is group information 96 33 72 61.<a href=\"http:\/\/www.renfe.com\/viajeros\/cercanias\/valencia\/index.html\" target=\"_blank\" rel=\"noopener\"><img loading=\"lazy\" decoding=\"async\" class=\"size-large wp-image-351 alignnone\" title=\"Renfe Cercanias\" src=\"http:\/\/belenderoca.com\/wp-content\/uploads\/2012\/03\/renfecercanias-705x396.jpg\" alt=\"\" width=\"705\" height=\"396\" srcset=\"https:\/\/www.belenderoca.com\/wp-content\/uploads\/2012\/03\/renfecercanias-705x396.jpg 705w, https:\/\/www.belenderoca.com\/wp-content\/uploads\/2012\/03\/renfecercanias-150x84.jpg 150w, https:\/\/www.belenderoca.com\/wp-content\/uploads\/2012\/03\/renfecercanias-350x197.jpg 350w, https:\/\/www.belenderoca.com\/wp-content\/uploads\/2012\/03\/renfecercanias.jpg 945w\" sizes=\"auto, (max-width: 705px) 100vw, 705px\" \/><\/a><\/div>\n<h3 class=\"pregunta\">Can you lunch, eat, dinner near the Bethlehem?<\/h3>\n<p>Yes. Waterfront find Bethlehem food restaurant valencia <a href=\"http:\/\/www.restaurantcaxoret.com\/\" target=\"_blank\" rel=\"noopener\"> Xoret Ca<\/a> where you can have lunch, lunch or dinner economically.<\/p>\n","protected":false},"excerpt":{"rendered":"<p>Here are some questions and answers you find useful and clarify their doubts. Should you have any additional questions or concerns, please feel free to contact<span class=\"excerpt-hellip\"> [\u2026]<\/span><\/p>\n","protected":false},"author":1,"featured_media":0,"parent":0,"menu_order":0,"comment_status":"closed","ping_status":"closed","template":"","meta":{"footnotes":""},"class_list":["post-74321","page","type-page","status-publish","hentry"],"yoast_head":"<!-- This site is optimized with the Yoast SEO plugin v26.4 - https:\/\/yoast.com\/wordpress\/plugins\/seo\/ -->\n<title>FAQ - El Bel\u00e9n de Roca, Meliana, Valencia<\/title>\n<meta name=\"description\" content=\"FAQ . El Bel\u00e9n de Roca, Meliana, Valencia. Bel\u00e9n de Navidad con m\u00e1s piezas de Espa\u00f1a.\" \/>\n<meta name=\"robots\" content=\"index, follow, max-snippet:-1, max-image-preview:large, max-video-preview:-1\" \/>\n<link rel=\"canonical\" href=\"https:\/\/www.belenderoca.com\/en\/faq\/\" \/>\n<meta property=\"og:locale\" content=\"en_US\" \/>\n<meta property=\"og:type\" content=\"article\" \/>\n<meta property=\"og:title\" content=\"FAQ - El Bel\u00e9n de Roca, Meliana, Valencia\" \/>\n<meta property=\"og:description\" content=\"FAQ . El Bel\u00e9n de Roca, Meliana, Valencia. Bel\u00e9n de Navidad con m\u00e1s piezas de Espa\u00f1a.\" \/>\n<meta property=\"og:url\" content=\"https:\/\/www.belenderoca.com\/en\/faq\/\" \/>\n<meta property=\"og:site_name\" content=\"El Bel\u00e9n de Roca, Meliana, Valencia\" \/>\n<meta property=\"article:publisher\" content=\"https:\/\/www.facebook.com\/belenderoca\" \/>\n<meta property=\"article:modified_time\" content=\"2025-11-18T17:00:29+00:00\" \/>\n<meta property=\"og:image\" content=\"http:\/\/belenderoca.com\/wp-content\/uploads\/2012\/03\/renfecercanias-705x396.jpg\" \/>\n<meta name=\"twitter:card\" content=\"summary_large_image\" \/>\n<meta name=\"twitter:label1\" content=\"Est. reading time\" \/>\n\t<meta name=\"twitter:data1\" content=\"2 minutes\" \/>\n<script type=\"application\/ld+json\" class=\"yoast-schema-graph\">{\"@context\":\"https:\/\/schema.org\",\"@graph\":[{\"@type\":\"WebPage\",\"@id\":\"https:\/\/www.belenderoca.com\/en\/faq\/\",\"url\":\"https:\/\/www.belenderoca.com\/en\/faq\/\",\"name\":\"FAQ - El Bel\u00e9n de Roca, Meliana, Valencia\",\"isPartOf\":{\"@id\":\"https:\/\/www.belenderoca.com\/en\/#website\"},\"primaryImageOfPage\":{\"@id\":\"https:\/\/www.belenderoca.com\/en\/faq\/#primaryimage\"},\"image\":{\"@id\":\"https:\/\/www.belenderoca.com\/en\/faq\/#primaryimage\"},\"thumbnailUrl\":\"http:\/\/belenderoca.com\/wp-content\/uploads\/2012\/03\/renfecercanias-705x396.jpg\",\"datePublished\":\"2012-03-18T16:01:06+00:00\",\"dateModified\":\"2025-11-18T17:00:29+00:00\",\"description\":\"FAQ . El Bel\u00e9n de Roca, Meliana, Valencia. Bel\u00e9n de Navidad con m\u00e1s piezas de Espa\u00f1a.\",\"inLanguage\":\"en-US\",\"potentialAction\":[{\"@type\":\"ReadAction\",\"target\":[\"https:\/\/www.belenderoca.com\/en\/faq\/\"]}]},{\"@type\":\"ImageObject\",\"inLanguage\":\"en-US\",\"@id\":\"https:\/\/www.belenderoca.com\/en\/faq\/#primaryimage\",\"url\":\"http:\/\/belenderoca.com\/wp-content\/uploads\/2012\/03\/renfecercanias-705x396.jpg\",\"contentUrl\":\"http:\/\/belenderoca.com\/wp-content\/uploads\/2012\/03\/renfecercanias-705x396.jpg\"},{\"@type\":\"WebSite\",\"@id\":\"https:\/\/www.belenderoca.com\/en\/#website\",\"url\":\"https:\/\/www.belenderoca.com\/en\/\",\"name\":\"El Bel\u00e9n de Roca, Meliana, Valencia\",\"description\":\"\",\"publisher\":{\"@id\":\"https:\/\/www.belenderoca.com\/en\/#organization\"},\"potentialAction\":[{\"@type\":\"SearchAction\",\"target\":{\"@type\":\"EntryPoint\",\"urlTemplate\":\"https:\/\/www.belenderoca.com\/en\/?s={search_term_string}\"},\"query-input\":{\"@type\":\"PropertyValueSpecification\",\"valueRequired\":true,\"valueName\":\"search_term_string\"}}],\"inLanguage\":\"en-US\"},{\"@type\":\"Organization\",\"@id\":\"https:\/\/www.belenderoca.com\/en\/#organization\",\"name\":\"El Bel\u00e9n de Roca, Meliana, Valencia\",\"url\":\"https:\/\/www.belenderoca.com\/en\/\",\"logo\":{\"@type\":\"ImageObject\",\"inLanguage\":\"en-US\",\"@id\":\"https:\/\/www.belenderoca.com\/en\/#\/schema\/logo\/image\/\",\"url\":\"https:\/\/www.belenderoca.com\/wp-content\/uploads\/2022\/12\/favicon-el-belen-de-roca.jpg\",\"contentUrl\":\"https:\/\/www.belenderoca.com\/wp-content\/uploads\/2022\/12\/favicon-el-belen-de-roca.jpg\",\"width\":250,\"height\":250,\"caption\":\"El Bel\u00e9n de Roca, Meliana, Valencia\"},\"image\":{\"@id\":\"https:\/\/www.belenderoca.com\/en\/#\/schema\/logo\/image\/\"},\"sameAs\":[\"https:\/\/www.facebook.com\/belenderoca\"]}]}<\/script>\n<!-- \/ Yoast SEO plugin. -->","yoast_head_json":{"title":"FAQ - El Bel\u00e9n de Roca, Meliana, Valencia","description":"FAQ . El Bel\u00e9n de Roca, Meliana, Valencia. Bel\u00e9n de Navidad con m\u00e1s piezas de Espa\u00f1a.","robots":{"index":"index","follow":"follow","max-snippet":"max-snippet:-1","max-image-preview":"max-image-preview:large","max-video-preview":"max-video-preview:-1"},"canonical":"https:\/\/www.belenderoca.com\/en\/faq\/","og_locale":"en_US","og_type":"article","og_title":"FAQ - El Bel\u00e9n de Roca, Meliana, Valencia","og_description":"FAQ . El Bel\u00e9n de Roca, Meliana, Valencia. Bel\u00e9n de Navidad con m\u00e1s piezas de Espa\u00f1a.","og_url":"https:\/\/www.belenderoca.com\/en\/faq\/","og_site_name":"El Bel\u00e9n de Roca, Meliana, Valencia","article_publisher":"https:\/\/www.facebook.com\/belenderoca","article_modified_time":"2025-11-18T17:00:29+00:00","og_image":[{"url":"http:\/\/belenderoca.com\/wp-content\/uploads\/2012\/03\/renfecercanias-705x396.jpg","type":"","width":"","height":""}],"twitter_card":"summary_large_image","twitter_misc":{"Est. reading time":"2 minutes"},"schema":{"@context":"https:\/\/schema.org","@graph":[{"@type":"WebPage","@id":"https:\/\/www.belenderoca.com\/en\/faq\/","url":"https:\/\/www.belenderoca.com\/en\/faq\/","name":"FAQ - El Bel\u00e9n de Roca, Meliana, Valencia","isPartOf":{"@id":"https:\/\/www.belenderoca.com\/en\/#website"},"primaryImageOfPage":{"@id":"https:\/\/www.belenderoca.com\/en\/faq\/#primaryimage"},"image":{"@id":"https:\/\/www.belenderoca.com\/en\/faq\/#primaryimage"},"thumbnailUrl":"http:\/\/belenderoca.com\/wp-content\/uploads\/2012\/03\/renfecercanias-705x396.jpg","datePublished":"2012-03-18T16:01:06+00:00","dateModified":"2025-11-18T17:00:29+00:00","description":"FAQ . El Bel\u00e9n de Roca, Meliana, Valencia. Bel\u00e9n de Navidad con m\u00e1s piezas de Espa\u00f1a.","inLanguage":"en-US","potentialAction":[{"@type":"ReadAction","target":["https:\/\/www.belenderoca.com\/en\/faq\/"]}]},{"@type":"ImageObject","inLanguage":"en-US","@id":"https:\/\/www.belenderoca.com\/en\/faq\/#primaryimage","url":"http:\/\/belenderoca.com\/wp-content\/uploads\/2012\/03\/renfecercanias-705x396.jpg","contentUrl":"http:\/\/belenderoca.com\/wp-content\/uploads\/2012\/03\/renfecercanias-705x396.jpg"},{"@type":"WebSite","@id":"https:\/\/www.belenderoca.com\/en\/#website","url":"https:\/\/www.belenderoca.com\/en\/","name":"El Bel\u00e9n de Roca, Meliana, Valencia","description":"","publisher":{"@id":"https:\/\/www.belenderoca.com\/en\/#organization"},"potentialAction":[{"@type":"SearchAction","target":{"@type":"EntryPoint","urlTemplate":"https:\/\/www.belenderoca.com\/en\/?s={search_term_string}"},"query-input":{"@type":"PropertyValueSpecification","valueRequired":true,"valueName":"search_term_string"}}],"inLanguage":"en-US"},{"@type":"Organization","@id":"https:\/\/www.belenderoca.com\/en\/#organization","name":"El Bel\u00e9n de Roca, Meliana, Valencia","url":"https:\/\/www.belenderoca.com\/en\/","logo":{"@type":"ImageObject","inLanguage":"en-US","@id":"https:\/\/www.belenderoca.com\/en\/#\/schema\/logo\/image\/","url":"https:\/\/www.belenderoca.com\/wp-content\/uploads\/2022\/12\/favicon-el-belen-de-roca.jpg","contentUrl":"https:\/\/www.belenderoca.com\/wp-content\/uploads\/2022\/12\/favicon-el-belen-de-roca.jpg","width":250,"height":250,"caption":"El Bel\u00e9n de Roca, Meliana, Valencia"},"image":{"@id":"https:\/\/www.belenderoca.com\/en\/#\/schema\/logo\/image\/"},"sameAs":["https:\/\/www.facebook.com\/belenderoca"]}]}},"_links":{"self":[{"href":"https:\/\/www.belenderoca.com\/en\/wp-json\/wp\/v2\/pages\/74321","targetHints":{"allow":["GET"]}}],"collection":[{"href":"https:\/\/www.belenderoca.com\/en\/wp-json\/wp\/v2\/pages"}],"about":[{"href":"https:\/\/www.belenderoca.com\/en\/wp-json\/wp\/v2\/types\/page"}],"author":[{"embeddable":true,"href":"https:\/\/www.belenderoca.com\/en\/wp-json\/wp\/v2\/users\/1"}],"replies":[{"embeddable":true,"href":"https:\/\/www.belenderoca.com\/en\/wp-json\/wp\/v2\/comments?post=74321"}],"version-history":[{"count":9,"href":"https:\/\/www.belenderoca.com\/en\/wp-json\/wp\/v2\/pages\/74321\/revisions"}],"predecessor-version":[{"id":74814,"href":"https:\/\/www.belenderoca.com\/en\/wp-json\/wp\/v2\/pages\/74321\/revisions\/74814"}],"wp:attachment":[{"href":"https:\/\/www.belenderoca.com\/en\/wp-json\/wp\/v2\/media?parent=74321"}],"curies":[{"name":"wp","href":"https:\/\/api.w.org\/{rel}","templated":true}]}}