{"id":74771,"date":"2025-06-23T15:28:22","date_gmt":"2025-06-23T13:28:22","guid":{"rendered":"https:\/\/www.belenderoca.com\/gracias-a-todos-los-que-visitaron-el-belen-de-roca-y-colaboro-en-el-proyecto-de-la-dana\/"},"modified":"2025-07-25T10:58:49","modified_gmt":"2025-07-25T08:58:49","slug":"gracies-a-tots-els-que-van-visitar-el-betlem-de-roca-i-va-col%c2%b7laborar-en-el-projecte-de-la-dana","status":"publish","type":"page","link":"https:\/\/www.belenderoca.com\/ca\/gracies-a-tots-els-que-van-visitar-el-betlem-de-roca-i-va-col%c2%b7laborar-en-el-projecte-de-la-dana\/","title":{"rendered":"Gr\u00e0cies a tots els que van visitar el Betlem de Roca i va col\u00b7laborar en el projecte de la Dana"},"content":{"rendered":"<p>[vc_row][vc_column][vc_column_text]<\/p>\n<h2 style=\"text-align: center;\">Col\u00b7laboraci\u00f3 Projecte Dana &#8211; Bel\u00e9n de Roca i Associaci\u00f3 Arrels Solid\u00e0ries<\/h2>\n<p style=\"text-align: center;\">Ens vam posar en contacte amb <a href=\"https:\/\/raicesolidarias.com\/\" target=\"_blank\" rel=\"noopener\"><strong>l&#8217;Associaci\u00f3 Arrels Solid\u00e0ries<\/strong><\/a> que t\u00e9 la seu a Catarroja i col\u00b7labora amb afectats per la Dana.<\/p>\n<h3 style=\"text-align: center;\">Estos s\u00f3n alguns dels projectes en els quals hem col\u00b7laborat:<\/h3>\n<p>[\/vc_column_text][\/vc_column][\/vc_row]<\/p>\n","protected":false},"excerpt":{"rendered":"<p>[vc_row][vc_column][vc_column_text] Col\u00b7laboraci\u00f3 Projecte Dana &#8211; Bel\u00e9n de Roca i Associaci\u00f3 Arrels Solid\u00e0ries Ens vam posar en contacte amb l&#8217;Associaci\u00f3 Arrels Solid\u00e0ries que t\u00e9 la seu a<span class=\"excerpt-hellip\"> [\u2026]<\/span><\/p>\n","protected":false},"author":6,"featured_media":0,"parent":0,"menu_order":0,"comment_status":"closed","ping_status":"closed","template":"","meta":{"footnotes":""},"class_list":["post-74771","page","type-page","status-publish","hentry"],"yoast_head":"<!-- This site is optimized with the Yoast SEO plugin v26.4 - https:\/\/yoast.com\/wordpress\/plugins\/seo\/ -->\n<title>Col\u00b7laboraci\u00f3 Projecte Dana - Bel\u00e9n de Roca i Arrels Solid\u00e0ries<\/title>\n<meta name=\"description\" content=\"Gr\u00e0cies a tots els que van visitar el Betlem de Roca i va col\u00b7laborar en el projecte de la Dana. Associaci\u00f3 Arrels Solid\u00e0ries.\" \/>\n<meta name=\"robots\" content=\"index, follow, max-snippet:-1, max-image-preview:large, max-video-preview:-1\" \/>\n<link rel=\"canonical\" href=\"https:\/\/www.belenderoca.com\/ca\/gracies-a-tots-els-que-van-visitar-el-betlem-de-roca-i-va-col%c2%b7laborar-en-el-projecte-de-la-dana\/\" \/>\n<meta property=\"og:locale\" content=\"ca_ES\" \/>\n<meta property=\"og:type\" content=\"article\" \/>\n<meta property=\"og:title\" content=\"Col\u00b7laboraci\u00f3 Projecte Dana - Bel\u00e9n de Roca i Arrels Solid\u00e0ries\" \/>\n<meta property=\"og:description\" content=\"Gr\u00e0cies a tots els que van visitar el Betlem de Roca i va col\u00b7laborar en el projecte de la Dana. Associaci\u00f3 Arrels Solid\u00e0ries.\" \/>\n<meta property=\"og:url\" content=\"https:\/\/www.belenderoca.com\/ca\/gracies-a-tots-els-que-van-visitar-el-betlem-de-roca-i-va-col%c2%b7laborar-en-el-projecte-de-la-dana\/\" \/>\n<meta property=\"og:site_name\" content=\"El Bel\u00e9n de Roca, Meliana, Valencia\" \/>\n<meta property=\"article:publisher\" content=\"https:\/\/www.facebook.com\/belenderoca\" \/>\n<meta property=\"article:modified_time\" content=\"2025-07-25T08:58:49+00:00\" \/>\n<meta name=\"twitter:card\" content=\"summary_large_image\" \/>\n<meta name=\"twitter:label1\" content=\"Temps estimat de lectura\" \/>\n\t<meta name=\"twitter:data1\" content=\"1 minut\" \/>\n<script type=\"application\/ld+json\" class=\"yoast-schema-graph\">{\"@context\":\"https:\/\/schema.org\",\"@graph\":[{\"@type\":\"WebPage\",\"@id\":\"https:\/\/www.belenderoca.com\/ca\/gracies-a-tots-els-que-van-visitar-el-betlem-de-roca-i-va-col%c2%b7laborar-en-el-projecte-de-la-dana\/\",\"url\":\"https:\/\/www.belenderoca.com\/ca\/gracies-a-tots-els-que-van-visitar-el-betlem-de-roca-i-va-col%c2%b7laborar-en-el-projecte-de-la-dana\/\",\"name\":\"Col\u00b7laboraci\u00f3 Projecte Dana - Bel\u00e9n de Roca i Arrels Solid\u00e0ries\",\"isPartOf\":{\"@id\":\"https:\/\/www.belenderoca.com\/ca\/#website\"},\"datePublished\":\"2025-06-23T13:28:22+00:00\",\"dateModified\":\"2025-07-25T08:58:49+00:00\",\"description\":\"Gr\u00e0cies a tots els que van visitar el Betlem de Roca i va col\u00b7laborar en el projecte de la Dana. Associaci\u00f3 Arrels Solid\u00e0ries.\",\"inLanguage\":\"ca\",\"potentialAction\":[{\"@type\":\"ReadAction\",\"target\":[\"https:\/\/www.belenderoca.com\/ca\/gracies-a-tots-els-que-van-visitar-el-betlem-de-roca-i-va-col%c2%b7laborar-en-el-projecte-de-la-dana\/\"]}]},{\"@type\":\"WebSite\",\"@id\":\"https:\/\/www.belenderoca.com\/ca\/#website\",\"url\":\"https:\/\/www.belenderoca.com\/ca\/\",\"name\":\"El Bel\u00e9n de Roca, Meliana, Valencia\",\"description\":\"\",\"publisher\":{\"@id\":\"https:\/\/www.belenderoca.com\/ca\/#organization\"},\"potentialAction\":[{\"@type\":\"SearchAction\",\"target\":{\"@type\":\"EntryPoint\",\"urlTemplate\":\"https:\/\/www.belenderoca.com\/ca\/?s={search_term_string}\"},\"query-input\":{\"@type\":\"PropertyValueSpecification\",\"valueRequired\":true,\"valueName\":\"search_term_string\"}}],\"inLanguage\":\"ca\"},{\"@type\":\"Organization\",\"@id\":\"https:\/\/www.belenderoca.com\/ca\/#organization\",\"name\":\"El Bel\u00e9n de Roca, Meliana, Valencia\",\"url\":\"https:\/\/www.belenderoca.com\/ca\/\",\"logo\":{\"@type\":\"ImageObject\",\"inLanguage\":\"ca\",\"@id\":\"https:\/\/www.belenderoca.com\/ca\/#\/schema\/logo\/image\/\",\"url\":\"https:\/\/www.belenderoca.com\/wp-content\/uploads\/2022\/12\/favicon-el-belen-de-roca.jpg\",\"contentUrl\":\"https:\/\/www.belenderoca.com\/wp-content\/uploads\/2022\/12\/favicon-el-belen-de-roca.jpg\",\"width\":250,\"height\":250,\"caption\":\"El Bel\u00e9n de Roca, Meliana, Valencia\"},\"image\":{\"@id\":\"https:\/\/www.belenderoca.com\/ca\/#\/schema\/logo\/image\/\"},\"sameAs\":[\"https:\/\/www.facebook.com\/belenderoca\"]}]}<\/script>\n<!-- \/ Yoast SEO plugin. -->","yoast_head_json":{"title":"Col\u00b7laboraci\u00f3 Projecte Dana - Bel\u00e9n de Roca i Arrels Solid\u00e0ries","description":"Gr\u00e0cies a tots els que van visitar el Betlem de Roca i va col\u00b7laborar en el projecte de la Dana. Associaci\u00f3 Arrels Solid\u00e0ries.","robots":{"index":"index","follow":"follow","max-snippet":"max-snippet:-1","max-image-preview":"max-image-preview:large","max-video-preview":"max-video-preview:-1"},"canonical":"https:\/\/www.belenderoca.com\/ca\/gracies-a-tots-els-que-van-visitar-el-betlem-de-roca-i-va-col%c2%b7laborar-en-el-projecte-de-la-dana\/","og_locale":"ca_ES","og_type":"article","og_title":"Col\u00b7laboraci\u00f3 Projecte Dana - Bel\u00e9n de Roca i Arrels Solid\u00e0ries","og_description":"Gr\u00e0cies a tots els que van visitar el Betlem de Roca i va col\u00b7laborar en el projecte de la Dana. Associaci\u00f3 Arrels Solid\u00e0ries.","og_url":"https:\/\/www.belenderoca.com\/ca\/gracies-a-tots-els-que-van-visitar-el-betlem-de-roca-i-va-col%c2%b7laborar-en-el-projecte-de-la-dana\/","og_site_name":"El Bel\u00e9n de Roca, Meliana, Valencia","article_publisher":"https:\/\/www.facebook.com\/belenderoca","article_modified_time":"2025-07-25T08:58:49+00:00","twitter_card":"summary_large_image","twitter_misc":{"Temps estimat de lectura":"1 minut"},"schema":{"@context":"https:\/\/schema.org","@graph":[{"@type":"WebPage","@id":"https:\/\/www.belenderoca.com\/ca\/gracies-a-tots-els-que-van-visitar-el-betlem-de-roca-i-va-col%c2%b7laborar-en-el-projecte-de-la-dana\/","url":"https:\/\/www.belenderoca.com\/ca\/gracies-a-tots-els-que-van-visitar-el-betlem-de-roca-i-va-col%c2%b7laborar-en-el-projecte-de-la-dana\/","name":"Col\u00b7laboraci\u00f3 Projecte Dana - Bel\u00e9n de Roca i Arrels Solid\u00e0ries","isPartOf":{"@id":"https:\/\/www.belenderoca.com\/ca\/#website"},"datePublished":"2025-06-23T13:28:22+00:00","dateModified":"2025-07-25T08:58:49+00:00","description":"Gr\u00e0cies a tots els que van visitar el Betlem de Roca i va col\u00b7laborar en el projecte de la Dana. Associaci\u00f3 Arrels Solid\u00e0ries.","inLanguage":"ca","potentialAction":[{"@type":"ReadAction","target":["https:\/\/www.belenderoca.com\/ca\/gracies-a-tots-els-que-van-visitar-el-betlem-de-roca-i-va-col%c2%b7laborar-en-el-projecte-de-la-dana\/"]}]},{"@type":"WebSite","@id":"https:\/\/www.belenderoca.com\/ca\/#website","url":"https:\/\/www.belenderoca.com\/ca\/","name":"El Bel\u00e9n de Roca, Meliana, Valencia","description":"","publisher":{"@id":"https:\/\/www.belenderoca.com\/ca\/#organization"},"potentialAction":[{"@type":"SearchAction","target":{"@type":"EntryPoint","urlTemplate":"https:\/\/www.belenderoca.com\/ca\/?s={search_term_string}"},"query-input":{"@type":"PropertyValueSpecification","valueRequired":true,"valueName":"search_term_string"}}],"inLanguage":"ca"},{"@type":"Organization","@id":"https:\/\/www.belenderoca.com\/ca\/#organization","name":"El Bel\u00e9n de Roca, Meliana, Valencia","url":"https:\/\/www.belenderoca.com\/ca\/","logo":{"@type":"ImageObject","inLanguage":"ca","@id":"https:\/\/www.belenderoca.com\/ca\/#\/schema\/logo\/image\/","url":"https:\/\/www.belenderoca.com\/wp-content\/uploads\/2022\/12\/favicon-el-belen-de-roca.jpg","contentUrl":"https:\/\/www.belenderoca.com\/wp-content\/uploads\/2022\/12\/favicon-el-belen-de-roca.jpg","width":250,"height":250,"caption":"El Bel\u00e9n de Roca, Meliana, Valencia"},"image":{"@id":"https:\/\/www.belenderoca.com\/ca\/#\/schema\/logo\/image\/"},"sameAs":["https:\/\/www.facebook.com\/belenderoca"]}]}},"_links":{"self":[{"href":"https:\/\/www.belenderoca.com\/ca\/wp-json\/wp\/v2\/pages\/74771","targetHints":{"allow":["GET"]}}],"collection":[{"href":"https:\/\/www.belenderoca.com\/ca\/wp-json\/wp\/v2\/pages"}],"about":[{"href":"https:\/\/www.belenderoca.com\/ca\/wp-json\/wp\/v2\/types\/page"}],"author":[{"embeddable":true,"href":"https:\/\/www.belenderoca.com\/ca\/wp-json\/wp\/v2\/users\/6"}],"replies":[{"embeddable":true,"href":"https:\/\/www.belenderoca.com\/ca\/wp-json\/wp\/v2\/comments?post=74771"}],"version-history":[{"count":3,"href":"https:\/\/www.belenderoca.com\/ca\/wp-json\/wp\/v2\/pages\/74771\/revisions"}],"predecessor-version":[{"id":74800,"href":"https:\/\/www.belenderoca.com\/ca\/wp-json\/wp\/v2\/pages\/74771\/revisions\/74800"}],"wp:attachment":[{"href":"https:\/\/www.belenderoca.com\/ca\/wp-json\/wp\/v2\/media?parent=74771"}],"curies":[{"name":"wp","href":"https:\/\/api.w.org\/{rel}","templated":true}]}}