{"id":74723,"date":"2024-09-23T13:07:49","date_gmt":"2024-09-23T11:07:49","guid":{"rendered":"https:\/\/www.belenderoca.com\/politica-de-privacidad\/"},"modified":"2024-09-23T13:34:20","modified_gmt":"2024-09-23T11:34:20","slug":"politica-de-privacitat","status":"publish","type":"page","link":"https:\/\/www.belenderoca.com\/ca\/politica-de-privacitat\/","title":{"rendered":"Pol\u00edtica de privacitat"},"content":{"rendered":"<p><strong>\u201cASSOCIACI\u00d3 BETLEM DE ROCA\u201d<\/strong>\u00a0es troba profundament comprom\u00e9s amb el compliment de la normativa espanyola i europea de protecci\u00f3 de dades de car\u00e0cter personal, i garantix el compliment \u00edntegre de les obligacions disposades, aix\u00ed com la implementaci\u00f3 de les mesures de seguretat disposades en el Reglament General de Protecci\u00f3 de Dades (RGPD) (UE) 2016\/679, de 27 d&#8217;abril, i en la Llei org\u00e0nica 3\/2018, de 5 de desembre, de Protecci\u00f3 de Dades Personals i garantia dels drets digitals (LOPD i GDD, d&#8217;ara en avant LOPD).<br \/>\nDe conformitat amb estes normatives, informem que la utilitzaci\u00f3 de la nostra web pot requerir que es faciliten unes certes dades personals a trav\u00e9s de formularis de contacte, o mitjan\u00e7ant l&#8217;enviament d&#8217;emails, i que estos seran objecte de tractament per\u00a0<strong>\u201cASSOCIACI\u00d3 BETLEM DE ROCA\u201d<\/strong>, Responsable del tractament, les dades del qual s\u00f3n:<\/p>\n<p>\u00b7\u00a0<strong>Denominaci\u00f3 Social:<\/strong>\u00a0ASSOCIACI\u00d3 BETLEM DE ROCA<\/p>\n<p>\u00b7\u00a0<strong>NIF:<\/strong>\u00a0G98198104<\/p>\n<p>\u00b7\u00a0<strong>Domicili Social:<\/strong>\u00a0C\/ Vicent Roca 2 baix, 46133 Roca \u2013 Meliana, Val\u00e8ncia, Espanya<\/p>\n<p>\u00b7\u00a0<strong>Tel\u00e8fon:<\/strong>\u00a0+(34) 699 437 977<\/p>\n<p>\u00b7\u00a0<strong>Email:<\/strong>\u00a0info@belenderoca.com<\/p>\n<p><strong>Obtenci\u00f3 i Tractament de Dades Personals<\/strong><br \/>\nUna dada personal \u00e9s qualsevol informaci\u00f3 relativa a una persona: nom, email, domicili, tel\u00e8fon, NIF\/NIE\u2026 Addicionalment, quan un Usuari visita el nostre lloc web, determinada informaci\u00f3 s&#8217;emmagatzema autom\u00e0ticament per motius t\u00e8cnics, com l&#8217;adre\u00e7a IP assignada pel seu prove\u00efdor d&#8217;acc\u00e9s a Internet. \u201c<strong>ASSOCIACI\u00d3 BETLEM DE ROCA<\/strong>\u201d, com a Responsable del Tractament, t\u00e9 el deure d&#8217;informar els Usuaris del seu lloc web sobre la recollida de dades de car\u00e0cter personal que poden dur-se a terme, b\u00e9 siga mitjan\u00e7ant l&#8217;enviament de correu electr\u00f2nic o en emplenar els formularis inclosos en el lloc web. S&#8217;obtindran \u00fanicament les dades precises per a poder realitzar el servici contractat, o per a poder respondre adequadament a la petici\u00f3 d&#8217;informaci\u00f3 realitzada per l&#8217;Usuari. Les dades recaptades s\u00f3n identificatius i corresponen a un m\u00ednim raonable per a poder portar a terme l&#8217;activitat realitzada. En particular, no s&#8217;arrepleguen dades especialment protegides en cap moment. En cap cas es realitzar\u00e0 un \u00fas diferent de les dades, que la finalitat per als quals han sigut recaptats.<br \/>\n<u>Formularis de contacte\/email<\/u><br \/>\n<em>Finalitat: Donar contestaci\u00f3 a la seua sol\u00b7licitud d&#8217;informaci\u00f3 realitzada a trav\u00e9s del nostre\/s formulari\/s de contacte.<\/em><br \/>\n<em>Legitimaci\u00f3: La base jur\u00eddica que legitima este tractament \u00e9s el consentiment de l&#8217;Usuari, que podr\u00e0 revocar en qualsevol moment.<\/em><br \/>\n<em>Cessi\u00f3 de dades: Les dades personals seran tractats a trav\u00e9s de servidors gestionats per Ionos, que tindr\u00e0 la consideraci\u00f3 d&#8217;Encarregat del Tractament.<\/em><\/p>\n<p><strong>Menors d&#8217;edat<\/strong><br \/>\nNom\u00e9s podran aportar dades personals en este lloc web les persones majors de 14 anys. Segons obliga la LOPD i GDD, en cas de menors de 14 anys, ser\u00e0 condici\u00f3 obligat\u00f2ria el consentiment dels seus pares o tutors perqu\u00e8 puguem tractar les seues dades personals. D&#8217;altra banda, nom\u00e9s podran contractar els nostres servicis les persones majors de 18 anys. En cas de menors de 18 anys, ser\u00e0 condici\u00f3 obligat\u00f2ria el consentiment dels seus pares o tutors legals perqu\u00e8 puguem prestar els servicis oferits, llevat que el menor estiga emancipat.<\/p>\n<p><strong>Mesures de Seguretat<\/strong><br \/>\nS&#8217;informa els Usuaris de la web de \u201c<strong>ASSOCIACI\u00d3 BETLEM DE ROCA<\/strong>\u201d que s&#8217;han adoptat les mesures de seguretat, t\u00e8cniques i organitzatives al nostre abast per a evitar la p\u00e8rdua, mal \u00fas, alteraci\u00f3, acc\u00e9s no autoritzat i robatori de les dades, i que garantixen aix\u00ed la confidencialitat, integritat i qualitat de la informaci\u00f3 continguda en estes, d&#8217;acord amb el que s&#8217;establix en la normativa vigent en mat\u00e8ria de protecci\u00f3 de dades. Les dades personals que s&#8217;arrepleguen en els formularis s\u00f3n objecte de tractament, \u00fanicament, per part del personal de \u201c<strong>ASSOCIACI\u00d3 BETLEM DE ROCA<\/strong>\u201d o dels Encarregats del Tractament designats.<br \/>\nEl Lloc web de \u201c<strong>ASSOCIACI\u00d3 BETLEM DE ROCA<\/strong>\u201d compta a m\u00e9s amb un xifratge SSL, que permet a l&#8217;Usuari l&#8217;enviament segur de les seues dades personals a trav\u00e9s dels formularis de contacte del lloc web.<\/p>\n<p><strong>Veracitat de les dades<\/strong><br \/>\nL&#8217;Usuari manifesta que totes les dades facilitades per ell s\u00f3n certs i correctes i es compromet a mantindre&#8217;ls actualitzats. L&#8217;Usuari respondr\u00e0 de la veracitat de les seues dades i ser\u00e0 l&#8217;\u00fanic responsable de quants conflictes o litigis pogueren resultar per la falsedat d&#8217;estos. \u00c9s important que, perqu\u00e8 puguem mantindre les dades personals actualitzades, l&#8217;Usuari informe a \u201c<strong>ASSOCIACI\u00d3 BETLEM DE ROCA<\/strong>\u201d sempre que hi haja hagut alguna modificaci\u00f3 en estos.<\/p>\n<p><strong>Cessi\u00f3 de dades<\/strong><br \/>\n\u201c<strong>ASSOCIACI\u00d3 BETLEM DE ROCA<\/strong>\u201d no cedir\u00e0 ni comunicar\u00e0 a cap tercer les teues dades, excepte en els casos legalment previstos o quan la prestaci\u00f3 d&#8217;un servici implique la necessitat d&#8217;una relaci\u00f3 contractual amb un Encarregat de Tractament. Aix\u00ed, l&#8217;Usuari accepta que alguns de les dades personals recaptades siguen facilitats a estos Encarregats del Tractament (plataformes de pagament, gestoria, intermediaris, etc.), quan siga necessari per a l&#8217;efectiva realitzaci\u00f3 d&#8217;un servici contractat o producte adquirit. L&#8217;Usuari accepta tamb\u00e9 que, en cas de prestaci\u00f3 de servicis, estos puguen ser, totalment o parcialment, subcontractats a altres persones o empreses, que tindran la consideraci\u00f3 d&#8217;Encarregats del Tractament, amb els quals s&#8217;ha convingut el corresponent contracte de confidencialitat, o adherit a les seues pol\u00edtiques de privacitat, establides en les seues respectives p\u00e0gines web. L&#8217;Usuari podr\u00e0 negar-se a la cessi\u00f3 de les seues dades als Encarregats del Tractament, mitjan\u00e7ant petici\u00f3 escrita, per qualsevol dels mitjans anteriorment referenciats.<br \/>\nA m\u00e9s, en aquells casos en qu\u00e8 siga necessari, les dades de Clients podran ser cedits a determinats organismes, en compliment d&#8217;una obligaci\u00f3 legal: Ag\u00e8ncia Tribut\u00e0ria Espanyola, entitats banc\u00e0ries, Inspecci\u00f3 de Treball, etc.<\/p>\n<p><strong>Exercici de Drets de l&#8217;Usuari<\/strong><br \/>\nLa LOPD i el RGPD concedixen als interessats la possibilitat d&#8217;exercir una s\u00e8rie de drets relacionats amb el tractament de les seues dades personals. Per a aix\u00f2, l&#8217;Usuari haur\u00e0 de dirigir-se, aportant documentaci\u00f3 que acredite la seua identitat (DNI o passaport), mitjan\u00e7ant correu electr\u00f2nic a info@belenderoca.com, o b\u00e9 mitjan\u00e7ant comunicaci\u00f3 escrita a l&#8217;adre\u00e7a que apareix en el nostre Av\u00eds Legal. Esta comunicaci\u00f3 haur\u00e0 de reflectir la seg\u00fcent informaci\u00f3: nom i cognoms de l&#8217;Usuari, l&#8217;objecte de la sol\u00b7licitud, el domicili i les dades acreditatives.<br \/>\nL&#8217;exercici de drets haur\u00e0 de ser realitzat pel propi Usuari. No obstant aix\u00f2, podran ser executats per una persona autoritzada com a representant legal de l&#8217;Usuari, aportant-se la documentaci\u00f3 que acredite esta representaci\u00f3.<br \/>\nL&#8217;Usuari podr\u00e0 sol\u00b7licitar l&#8217;exercici dels drets seg\u00fcents:<br \/>\n\u00b7 Dret a sol\u00b7licitar l&#8217;acc\u00e9s\u00a0\u00a0a les dades personals.<br \/>\n\u00b7 Dret a sol\u00b7licitar la seua\u00a0<strong>rectificaci\u00f3<\/strong>\u00a0(en cas que siguen incorrectes) o supressi\u00f3.<br \/>\n\u00b7 Dret a sol\u00b7licitar la\u00a0<strong>limitaci\u00f3<\/strong>\u00a0del seu tractament, i en este cas \u00fanicament seran conservats per \u201c<strong>ASSOCIACI\u00d3 BETLEM DE ROCA<\/strong>\u201d per a l&#8217;exercici o la defensa de reclamacions.<br \/>\n\u00b7 Dret a\u00a0<strong>oposar-se<\/strong>\u00a0al tractament: \u201c<strong>ASSOCIACI\u00d3 BETLEM DE ROCA<\/strong>\u201d deixar\u00e0 de tractar les seues dades, llevat que per motius leg\u00edtims o l&#8217;exercici o la defensa de possibles reclamacions s&#8217;hagen de continuar tractant.<br \/>\n\u00b7 Dret a la\u00a0<strong>portabilitat<\/strong>\u00a0de les dades: en cas que vulga que les seues dades siguen tractades per una altra empresa, \u201c<strong>ASSOCIACI\u00d3 BETLEM DE ROCA<\/strong>\u201d li facilitar\u00e0 la portabilitat de les seues dades en format exportable.<br \/>\nEn el cas que s&#8217;haja atorgat el consentiment per a alguna finalitat espec\u00edfica,\u00a0<strong>l&#8217;Usuari t\u00e9 dret a retirar el consentiment en qualsevol moment<\/strong>, sense que aix\u00f2 afecte la licitud del tractament basat en el consentiment previ a la seua retirada.<br \/>\nEns comprometem a executar tots estos drets dins del termini legal m\u00e0xim (1 mes).<br \/>\nSi un Usuari considera que hi ha un problema amb la forma en qu\u00e8 \u201c<strong>ASSOCIACI\u00d3 BETLEM DE ROCA<\/strong>\u201d est\u00e0 manejant les seues dades, pot dirigir les seues reclamacions al Responsable de Seguretat o a l&#8217;autoritat de protecci\u00f3 de dades que corresponga, sent l&#8217;Ag\u00e8ncia Espanyola de Protecci\u00f3 de Dades la indicada en el cas d&#8217;Espanya.<\/p>\n<p><strong>Conservaci\u00f3 de les dades<\/strong><br \/>\nLes dades de car\u00e0cter personal dels Usuaris que usen el formulari de contacte o que ens envien un email sol\u00b7licitant informaci\u00f3 seran tractats durant el temps estrictament necessari per a atendre la sol\u00b7licitud d&#8217;informaci\u00f3, o fins que es revoque el consentiment atorgat.<br \/>\nLes dades de car\u00e0cter personal dels Clients seran tractats fins que finalitze la relaci\u00f3 contractual. El per\u00edode de conservaci\u00f3 de les dades personals ser\u00e0 el m\u00ednim necessari, podent mantindre&#8217;s fins a:<br \/>\n\u00b7 4 anys: Llei sobre Infraccions i Sancions en l&#8217;Orde Social (obligacions en mat\u00e8ria d&#8217;afiliaci\u00f3, altes, baixes, cotitzaci\u00f3, pagament de salaris\u2026); Arts. 66 i sig. Llei General Tribut\u00e0ria (llibres de comptabilitat\u2026)<br \/>\n\u00b7 5 anys: Art. 1964 Codi Civil (accions personals sense termini especial)<br \/>\n\u00b7 6 anys: Art. 30 Codi de Comer\u00e7 (llibres de comptabilitat, factures\u2026)<br \/>\n\u00b7 10 anys: Art. 25 Llei de Prevenci\u00f3 del Blanqueig de Capitals i Finan\u00e7ament del Terrorisme.<br \/>\n\u00b7 Sense termini: dades desagregades i anonimitzades.<\/p>\n<p><strong>Xarxes socials<\/strong><br \/>\n\u201c<strong>ASSOCIACI\u00d3 BETLEM DE ROCA<\/strong>\u201d compta amb perfil en algunes de les principals xarxes socials d&#8217;Internet (Facebook, Instagram), reconeixent-se en tots els casos Responsable del tractament de les dades dels seus seguidors, fans, subscriptors, comentaristes i altres perfils d&#8217;Usuaris (d&#8217;ara en avant, seguidors) publicats per \u201c<strong>ASSOCIACI\u00d3 BETLEM DE ROCA<\/strong>\u201d. La finalitat del tractament de dades per part de \u201c<strong>ASSOCIACI\u00d3 BETLEM DE ROCA<\/strong>\u201d, quan la llei no el prohibisca, ser\u00e0 la d&#8217;informar els seus seguidors sobre les seues activitats i ofertes, per qualsevol via que la xarxa social permeta, aix\u00ed com prestar servici personalitzat d&#8217;atenci\u00f3 al client. La base jur\u00eddica que legitima este tractament ser\u00e0 el consentiment de l&#8217;interessat, que podr\u00e0 revocar en qualsevol moment. En cap cas \u201c<strong>ASSOCIACI\u00d3 BETLEM DE ROCA<\/strong>\u201d extraur\u00e0 dades de les xarxes socials, llevat que s&#8217;obtinguera puntual i expressament el consentiment de l&#8217;Usuari per a aix\u00f2 (per exemple, per a la realitzaci\u00f3 d&#8217;un concurs).<\/p>\n<p><strong>Confidencialitat<\/strong><br \/>\nLa informaci\u00f3 subministrada pel client tindr\u00e0, en tot cas, la consideraci\u00f3 de confidencial, sense que puga ser utilitzada per a altres fins distints als #ac\u00ed descrits. \u201c<strong>ASSOCIACI\u00d3 BETLEM DE ROCA<\/strong>\u201d s&#8217;obliga a no divulgar ni revelar informaci\u00f3 sobre les pretensions de l&#8217;Usuari, els motius de l&#8217;assessorament sol\u00b7licitat, o la duraci\u00f3 de la seua relaci\u00f3 amb este.<\/p>\n","protected":false},"excerpt":{"rendered":"<p>\u201cASSOCIACI\u00d3 BETLEM DE ROCA\u201d\u00a0es troba profundament comprom\u00e9s amb el compliment de la normativa espanyola i europea de protecci\u00f3 de dades de car\u00e0cter personal, i garantix el<span class=\"excerpt-hellip\"> [\u2026]<\/span><\/p>\n","protected":false},"author":6,"featured_media":0,"parent":0,"menu_order":0,"comment_status":"closed","ping_status":"closed","template":"","meta":{"footnotes":""},"class_list":["post-74723","page","type-page","status-publish","hentry"],"yoast_head":"<!-- This site is optimized with the Yoast SEO plugin v26.4 - https:\/\/yoast.com\/wordpress\/plugins\/seo\/ -->\n<title>Pol\u00edtica de privacitat - El Bel\u00e9n de Roca, Meliana, Valencia<\/title>\n<meta name=\"description\" content=\"Pol\u00edtica de privacitat . El Bel\u00e9n de Roca, Meliana, Valencia. Bel\u00e9n de Navidad con m\u00e1s piezas de Espa\u00f1a.\" \/>\n<meta name=\"robots\" content=\"noindex, nofollow\" \/>\n<meta property=\"og:locale\" content=\"ca_ES\" \/>\n<meta property=\"og:type\" content=\"article\" \/>\n<meta property=\"og:title\" content=\"Pol\u00edtica de privacitat - El Bel\u00e9n de Roca, Meliana, Valencia\" \/>\n<meta property=\"og:description\" content=\"Pol\u00edtica de privacitat . El Bel\u00e9n de Roca, Meliana, Valencia. Bel\u00e9n de Navidad con m\u00e1s piezas de Espa\u00f1a.\" \/>\n<meta property=\"og:url\" content=\"https:\/\/www.belenderoca.com\/ca\/politica-de-privacitat\/\" \/>\n<meta property=\"og:site_name\" content=\"El Bel\u00e9n de Roca, Meliana, Valencia\" \/>\n<meta property=\"article:publisher\" content=\"https:\/\/www.facebook.com\/belenderoca\" \/>\n<meta property=\"article:modified_time\" content=\"2024-09-23T11:34:20+00:00\" \/>\n<meta name=\"twitter:card\" content=\"summary_large_image\" \/>\n<meta name=\"twitter:label1\" content=\"Temps estimat de lectura\" \/>\n\t<meta name=\"twitter:data1\" content=\"8 minuts\" \/>\n<script type=\"application\/ld+json\" class=\"yoast-schema-graph\">{\"@context\":\"https:\/\/schema.org\",\"@graph\":[{\"@type\":\"WebPage\",\"@id\":\"https:\/\/www.belenderoca.com\/ca\/politica-de-privacitat\/\",\"url\":\"https:\/\/www.belenderoca.com\/ca\/politica-de-privacitat\/\",\"name\":\"Pol\u00edtica de privacitat - El Bel\u00e9n de Roca, Meliana, Valencia\",\"isPartOf\":{\"@id\":\"https:\/\/www.belenderoca.com\/ca\/#website\"},\"datePublished\":\"2024-09-23T11:07:49+00:00\",\"dateModified\":\"2024-09-23T11:34:20+00:00\",\"description\":\"Pol\u00edtica de privacitat . El Bel\u00e9n de Roca, Meliana, Valencia. Bel\u00e9n de Navidad con m\u00e1s piezas de Espa\u00f1a.\",\"inLanguage\":\"ca\",\"potentialAction\":[{\"@type\":\"ReadAction\",\"target\":[\"https:\/\/www.belenderoca.com\/ca\/politica-de-privacitat\/\"]}]},{\"@type\":\"WebSite\",\"@id\":\"https:\/\/www.belenderoca.com\/ca\/#website\",\"url\":\"https:\/\/www.belenderoca.com\/ca\/\",\"name\":\"El Bel\u00e9n de Roca, Meliana, Valencia\",\"description\":\"\",\"publisher\":{\"@id\":\"https:\/\/www.belenderoca.com\/ca\/#organization\"},\"potentialAction\":[{\"@type\":\"SearchAction\",\"target\":{\"@type\":\"EntryPoint\",\"urlTemplate\":\"https:\/\/www.belenderoca.com\/ca\/?s={search_term_string}\"},\"query-input\":{\"@type\":\"PropertyValueSpecification\",\"valueRequired\":true,\"valueName\":\"search_term_string\"}}],\"inLanguage\":\"ca\"},{\"@type\":\"Organization\",\"@id\":\"https:\/\/www.belenderoca.com\/ca\/#organization\",\"name\":\"El Bel\u00e9n de Roca, Meliana, Valencia\",\"url\":\"https:\/\/www.belenderoca.com\/ca\/\",\"logo\":{\"@type\":\"ImageObject\",\"inLanguage\":\"ca\",\"@id\":\"https:\/\/www.belenderoca.com\/ca\/#\/schema\/logo\/image\/\",\"url\":\"https:\/\/www.belenderoca.com\/wp-content\/uploads\/2022\/12\/favicon-el-belen-de-roca.jpg\",\"contentUrl\":\"https:\/\/www.belenderoca.com\/wp-content\/uploads\/2022\/12\/favicon-el-belen-de-roca.jpg\",\"width\":250,\"height\":250,\"caption\":\"El Bel\u00e9n de Roca, Meliana, Valencia\"},\"image\":{\"@id\":\"https:\/\/www.belenderoca.com\/ca\/#\/schema\/logo\/image\/\"},\"sameAs\":[\"https:\/\/www.facebook.com\/belenderoca\"]}]}<\/script>\n<!-- \/ Yoast SEO plugin. -->","yoast_head_json":{"title":"Pol\u00edtica de privacitat - El Bel\u00e9n de Roca, Meliana, Valencia","description":"Pol\u00edtica de privacitat . El Bel\u00e9n de Roca, Meliana, Valencia. Bel\u00e9n de Navidad con m\u00e1s piezas de Espa\u00f1a.","robots":{"index":"noindex","follow":"nofollow"},"og_locale":"ca_ES","og_type":"article","og_title":"Pol\u00edtica de privacitat - El Bel\u00e9n de Roca, Meliana, Valencia","og_description":"Pol\u00edtica de privacitat . El Bel\u00e9n de Roca, Meliana, Valencia. Bel\u00e9n de Navidad con m\u00e1s piezas de Espa\u00f1a.","og_url":"https:\/\/www.belenderoca.com\/ca\/politica-de-privacitat\/","og_site_name":"El Bel\u00e9n de Roca, Meliana, Valencia","article_publisher":"https:\/\/www.facebook.com\/belenderoca","article_modified_time":"2024-09-23T11:34:20+00:00","twitter_card":"summary_large_image","twitter_misc":{"Temps estimat de lectura":"8 minuts"},"schema":{"@context":"https:\/\/schema.org","@graph":[{"@type":"WebPage","@id":"https:\/\/www.belenderoca.com\/ca\/politica-de-privacitat\/","url":"https:\/\/www.belenderoca.com\/ca\/politica-de-privacitat\/","name":"Pol\u00edtica de privacitat - El Bel\u00e9n de Roca, Meliana, Valencia","isPartOf":{"@id":"https:\/\/www.belenderoca.com\/ca\/#website"},"datePublished":"2024-09-23T11:07:49+00:00","dateModified":"2024-09-23T11:34:20+00:00","description":"Pol\u00edtica de privacitat . El Bel\u00e9n de Roca, Meliana, Valencia. Bel\u00e9n de Navidad con m\u00e1s piezas de Espa\u00f1a.","inLanguage":"ca","potentialAction":[{"@type":"ReadAction","target":["https:\/\/www.belenderoca.com\/ca\/politica-de-privacitat\/"]}]},{"@type":"WebSite","@id":"https:\/\/www.belenderoca.com\/ca\/#website","url":"https:\/\/www.belenderoca.com\/ca\/","name":"El Bel\u00e9n de Roca, Meliana, Valencia","description":"","publisher":{"@id":"https:\/\/www.belenderoca.com\/ca\/#organization"},"potentialAction":[{"@type":"SearchAction","target":{"@type":"EntryPoint","urlTemplate":"https:\/\/www.belenderoca.com\/ca\/?s={search_term_string}"},"query-input":{"@type":"PropertyValueSpecification","valueRequired":true,"valueName":"search_term_string"}}],"inLanguage":"ca"},{"@type":"Organization","@id":"https:\/\/www.belenderoca.com\/ca\/#organization","name":"El Bel\u00e9n de Roca, Meliana, Valencia","url":"https:\/\/www.belenderoca.com\/ca\/","logo":{"@type":"ImageObject","inLanguage":"ca","@id":"https:\/\/www.belenderoca.com\/ca\/#\/schema\/logo\/image\/","url":"https:\/\/www.belenderoca.com\/wp-content\/uploads\/2022\/12\/favicon-el-belen-de-roca.jpg","contentUrl":"https:\/\/www.belenderoca.com\/wp-content\/uploads\/2022\/12\/favicon-el-belen-de-roca.jpg","width":250,"height":250,"caption":"El Bel\u00e9n de Roca, Meliana, Valencia"},"image":{"@id":"https:\/\/www.belenderoca.com\/ca\/#\/schema\/logo\/image\/"},"sameAs":["https:\/\/www.facebook.com\/belenderoca"]}]}},"_links":{"self":[{"href":"https:\/\/www.belenderoca.com\/ca\/wp-json\/wp\/v2\/pages\/74723","targetHints":{"allow":["GET"]}}],"collection":[{"href":"https:\/\/www.belenderoca.com\/ca\/wp-json\/wp\/v2\/pages"}],"about":[{"href":"https:\/\/www.belenderoca.com\/ca\/wp-json\/wp\/v2\/types\/page"}],"author":[{"embeddable":true,"href":"https:\/\/www.belenderoca.com\/ca\/wp-json\/wp\/v2\/users\/6"}],"replies":[{"embeddable":true,"href":"https:\/\/www.belenderoca.com\/ca\/wp-json\/wp\/v2\/comments?post=74723"}],"version-history":[{"count":3,"href":"https:\/\/www.belenderoca.com\/ca\/wp-json\/wp\/v2\/pages\/74723\/revisions"}],"predecessor-version":[{"id":74740,"href":"https:\/\/www.belenderoca.com\/ca\/wp-json\/wp\/v2\/pages\/74723\/revisions\/74740"}],"wp:attachment":[{"href":"https:\/\/www.belenderoca.com\/ca\/wp-json\/wp\/v2\/media?parent=74723"}],"curies":[{"name":"wp","href":"https:\/\/api.w.org\/{rel}","templated":true}]}}