{"id":74719,"date":"2024-09-23T13:07:03","date_gmt":"2024-09-23T11:07:03","guid":{"rendered":"https:\/\/www.belenderoca.com\/aviso-legal\/"},"modified":"2024-09-23T13:24:35","modified_gmt":"2024-09-23T11:24:35","slug":"avis-legal","status":"publish","type":"page","link":"https:\/\/www.belenderoca.com\/ca\/avis-legal\/","title":{"rendered":"Av\u00eds legal"},"content":{"rendered":"<p>El fet d&#8217;accedir a este lloc web implica el coneixement i acceptaci\u00f3 dels seg\u00fcents termes i condicions i atribu\u00efx la condici\u00f3 d&#8217;usuari de la web i l&#8217;acc\u00e9s al mateix implica la seua acceptaci\u00f3 sense reserves. En cas de no acceptar les cl\u00e0usules establides en el present Av\u00eds Legal, l&#8217;usuari haur\u00e0 d&#8217;abstindre&#8217;s d&#8217;accedir i\/o utilitzar els servicis i\/o continguts posats a la seua disposici\u00f3 en la p\u00e0gina, procedint a abandonar la mateixa.<\/p>\n<p><strong>TITULARITAT DEL LLOC WEB<\/strong><br \/>\nASSOCIACI\u00d3 BETLEM DE ROCA, en compliment del que s&#8217;establix en l&#8217;Art. 10 de la Llei 34\/2002, d&#8217;11 de juliol, de Servicis de la Societat de la Informaci\u00f3 i Comer\u00e7 Electr\u00f2nic (LSSI-CE), l&#8217;informa de les dades identificatives relatives al lloc web www.belenderoca.com.<br \/>\nDENOMINACI\u00d3 SOCIAL: ASSOCIACI\u00d3 BETLEM DE ROCA<br \/>\nDOMICILI SOCIAL: C\/ Vicent Roca 2 baix, 46133 Roca \u2013 Meliana, Val\u00e8ncia, Espanya<br \/>\nTEL\u00c8FON: +(34) 699 437 977<br \/>\nCIF: G98198104<br \/>\nCORREU ELECTR\u00d2NIC: info@belenderoca.com<\/p>\n<p><strong>CONDICIONS D&#8217;\u00daS<\/strong><\/p>\n<p><strong>USUARIS<\/strong><br \/>\nL&#8217;acc\u00e9s i\/o \u00fas d&#8217;este portal de ASSOCIACI\u00d3 BETLEM DE ROCA atribu\u00efx la condici\u00f3 d&#8217;USUARI, que accepta, des d&#8217;este acc\u00e9s i\/o \u00fas, les Condicions Generals d&#8217;\u00das #ac\u00ed reflectides. Les citades Condicions seran aplicable independentment de les Condicions Generals de Contractaci\u00f3 que si \u00e9s el cas resulten d&#8217;obligat compliment.<\/p>\n<p><strong>\u00daS DE LA WEB<\/strong><br \/>\nwww.belenderoca.com proporciona l&#8217;acc\u00e9s a multitud d&#8217;informacions, servicis o dades (d&#8217;ara en avant, \u201cels continguts\u201d) en Internet pertanyents a ASSOCIACI\u00d3 BETLEM DE ROCA als quals l&#8217;USUARI puga tindre acc\u00e9s. L&#8217;USUARI assumix la responsabilitat de l&#8217;\u00fas del portal. Esta responsabilitat s&#8217;est\u00e9n al registre que fora necessari emplenar per a accedir a determinats servicis o continguts.<br \/>\nEn este registre l&#8217;USUARI ser\u00e0 responsable d&#8217;aportar informaci\u00f3 vera\u00e7 i l\u00edcita. A conseq\u00fc\u00e8ncia d&#8217;este registre, a l&#8217;USUARI se li pot proporcionar una contrasenya de la qual ser\u00e0 responsable, comprometent-se a fer un \u00fas diligent i confidencial d&#8217;esta. L&#8217;USUARI es compromet a fer un \u00fas adequat dels continguts i servicis (com per exemple servicis de xat, f\u00f2rums de discussi\u00f3 o grups de not\u00edcies) que ASSOCIACI\u00d3 BETLEM DE ROCA oferix a trav\u00e9s del seu portal i amb car\u00e0cter enunciatiu per\u00f2 no limitatiu, a no emprar-los per a (I) inc\u00f3rrer en activitats il\u00b7l\u00edcites, il\u00b7legals o contr\u00e0ries a la bona fe i a l&#8217;orde p\u00fablic; (II) difondre continguts o propaganda de car\u00e0cter racista, xen\u00f2fob, pornogr\u00e0fic-il\u00b7legal, d&#8217;apologia del terrorisme o atemptatori contra els drets humans; (III) provocar danys en els sistemes f\u00edsics i l\u00f2gics de ASSOCIACI\u00d3 BETLEM DE ROCA, dels seus prove\u00efdors o de terceres persones, introduir o difondre en la xarxa virus inform\u00e0tics o qualssevol altres sistemes f\u00edsics o l\u00f2gics que siguen susceptibles de provocar els danys anteriorment esmentats; (IV) intentar accedir i, si \u00e9s el cas, utilitzar els comptes de correu electr\u00f2nic d&#8217;altres usuaris i modificar-ho o manipular els seus missatges. ASSOCIACI\u00d3 BETLEM DE ROCA es reserva el dret de retirar tots aquells comentaris i aportacions que vulneren el respecte a la dignitat de la persona, que siguen discriminatoris, xen\u00f2fobs, racistes, pornogr\u00e0fics, que atempten contra la joventut o la inf\u00e0ncia, l&#8217;orde o la seguretat p\u00fablica o que, al seu ju\u00ed, no resultaren adequats per a la seua publicaci\u00f3. En qualsevol cas, ASSOCIACI\u00d3 BETLEM DE ROCA no ser\u00e0 responsable de les opinions abocades pels usuaris a trav\u00e9s dels f\u00f2rums, xats, o altres ferramentes de participaci\u00f3.<\/p>\n<p><strong>PROPIETAT INTEL\u00b7LECTUAL I INDUSTRIAL<\/strong><br \/>\nASSOCIACI\u00d3 BETLEM DE ROCA per si o com a cession\u00e0ria, \u00e9s titular de tots els drets de propietat intel\u00b7lectual i industrial de la seua p\u00e0gina web, aix\u00ed com dels elements continguts en la mateixa (a t\u00edtol enunciatiu, imatges, so, \u00e0udio, v\u00eddeo, programari o textos; marques o logotips, combinacions de colors, estructura i disseny, selecci\u00f3 de materials usats, programes d&#8217;ordinador necessaris per al seu funcionament, acc\u00e9s i \u00fas, etc.), titularitat de ASSOCIACI\u00d3 BETLEM DE ROCA o b\u00e9 dels seus llicenciadors.<br \/>\nTots els drets reservats: En virtut del que es disposa en els articles 8 i 32.1, par\u00e0graf segon, de la Llei de Propietat Intel\u00b7lectual, queden expressament prohibides la reproducci\u00f3, la distribuci\u00f3 i la comunicaci\u00f3 p\u00fablica, inclosa la seua modalitat de posada a disposici\u00f3, de la totalitat o part dels continguts d&#8217;esta p\u00e0gina web, amb finalitats comercials, en qualsevol suport i per qualsevol mitj\u00e0 t\u00e8cnic, sense l&#8217;autoritzaci\u00f3 de ASSOCIACI\u00d3 BETLEM DE ROCA. L&#8217;USUARI es compromet a respectar els drets de Propietat Intel\u00b7lectual i Industrial titularitat de ASSOCIACI\u00d3 BETLEM DE ROCA. Podr\u00e0 visualitzar els elements del portal i fins i tot imprimir-los, copiar-los i emmagatzemar-los en el disc dur del seu ordinador o en qualsevol altre suport f\u00edsic sempre que siga, exclusivament, per al seu \u00fas personal i privat. L&#8217;USUARI haur\u00e0 d&#8217;abstindre&#8217;s de suprimir, alterar, eludir o manipular qualsevol dispositiu de protecci\u00f3 o sistema de seguretat que estiguera instal\u00b7lat en les p\u00e0gines de ASSOCIACI\u00d3 BETLEM DE ROCA.<\/p>\n<p><strong>EXCLUSI\u00d3 DE GARANTIES I RESPONSABILITAT<\/strong><br \/>\nASSOCIACI\u00d3 BETLEM DE ROCA no es fa responsable, en cap cas, dels danys i perju\u00eds de qualsevol naturalesa que poguera ocasionar, a t\u00edtol enunciatiu: errors o omissions en els continguts, falta de disponibilitat del portal o la transmissi\u00f3 de virus o programes maliciosos o lesius en els continguts, malgrat haver adoptat totes les mesures tecnol\u00f2giques necess\u00e0ries per a evitar-ho.<\/p>\n<p><strong>MODIFICACIONS<\/strong><br \/>\nASSOCIACI\u00d3 BETLEM DE ROCA es reserva el dret d&#8217;efectuar sense previ av\u00eds les modificacions que considere oportunes en el seu portal, podent canviar, suprimir o afegir tant els continguts i servicis que es presten a trav\u00e9s de la mateixa com la forma en la qual estos apareguen presentats o localitzats en el seu portal.<\/p>\n<p><strong>ENLLA\u00c7OS<\/strong><br \/>\nEn el cas que en www.belenderoca.com es disposaren enlla\u00e7os o enlla\u00e7os feia altres llocs d&#8217;Internet, ASSOCIACI\u00d3 BETLEM DE ROCA no exercir\u00e0 cap mena de control sobre estos llocs i continguts. En cap cas ASSOCIACI\u00d3 BETLEM DE ROCA assumir\u00e0 cap responsabilitat pels continguts d&#8217;algun enlla\u00e7 pertanyent a un lloc web ali\u00e9, ni garantir\u00e0 la disponibilitat t\u00e8cnica, qualitat, fiabilitat, exactitud, amplitud, veracitat, validesa i constitucionalitat de qualsevol material o informaci\u00f3 continguda en cap d&#8217;estos enlla\u00e7os o altres llocs d&#8217;Internet.<br \/>\nIgualment, la inclusi\u00f3 d&#8217;estes connexions externes no implicar\u00e0 cap mena d&#8217;associaci\u00f3, fusi\u00f3 o participaci\u00f3 amb les entitats connectades.<\/p>\n<p><strong>DRET D&#8217;EXCLUSI\u00d3<\/strong><br \/>\nASSOCIACI\u00d3 BETLEM DE ROCA es reserva el dret a denegar o retirar l&#8217;acc\u00e9s a portal i\/o els servicis oferits sense necessitat de preav\u00eds, a inst\u00e0ncia pr\u00f2pia o d&#8217;un tercer, a aquells usuaris que incomplisquen les presents Condicions Generals d&#8217;\u00das.<\/p>\n<p><strong>GENERALITATS<\/strong><br \/>\nASSOCIACI\u00d3 BETLEM DE ROCA perseguir\u00e0 l&#8217;incompliment de les presents condicions, aix\u00ed com qualsevol utilitzaci\u00f3 indeguda del seu portal exercint totes les accions civils i penals que li puguen correspondre en dret.<\/p>\n<p><strong>MODIFICACI\u00d3 DE LES PRESENTS CONDICIONS I DURACI\u00d3<\/strong><br \/>\nASSOCIACI\u00d3 BETLEM DE ROCA podr\u00e0 modificar en qualsevol moment les condicions #ac\u00ed determinades, sent degudament publicades com #ac\u00ed apareixen.<br \/>\nLa vig\u00e8ncia de les citades condicions anir\u00e0 en funci\u00f3 de la seua exposici\u00f3 i estaran vigents fins que siguen modificades per unes altres degudament publicades.<\/p>\n<p><strong>LEGISLACI\u00d3 APLICABLE I JURISDICCI\u00d3<\/strong><br \/>\nEls termes i condicions que regixen este website, aix\u00ed com les relacions que pogueren derivar-se estan protegides i queden subjectes a la legislaci\u00f3 espanyola. Per a la resoluci\u00f3 de qualsevol tipus de controv\u00e8rsia, litigi o discrep\u00e0ncia que poguera suscitar-se entre l&#8217;USUARI i ASSOCIACI\u00d3 BETLEM DE ROCA per l&#8217;\u00fas d&#8217;este lloc web, s&#8217;acorda el sotmetiment de les mateixes als Jutjats i Tribunals de Val\u00e8ncia, Espanya.<\/p>\n","protected":false},"excerpt":{"rendered":"<p>El fet d&#8217;accedir a este lloc web implica el coneixement i acceptaci\u00f3 dels seg\u00fcents termes i condicions i atribu\u00efx la condici\u00f3 d&#8217;usuari de la web i<span class=\"excerpt-hellip\"> [\u2026]<\/span><\/p>\n","protected":false},"author":6,"featured_media":0,"parent":0,"menu_order":0,"comment_status":"closed","ping_status":"closed","template":"","meta":{"footnotes":""},"class_list":["post-74719","page","type-page","status-publish","hentry"],"yoast_head":"<!-- This site is optimized with the Yoast SEO plugin v26.4 - https:\/\/yoast.com\/wordpress\/plugins\/seo\/ -->\n<title>Av\u00eds legal - El Bel\u00e9n de Roca, Meliana, Valencia<\/title>\n<meta name=\"description\" content=\"Av\u00eds legal . El Bel\u00e9n de Roca, Meliana, Valencia. Bel\u00e9n de Navidad con m\u00e1s piezas de Espa\u00f1a.\" \/>\n<meta name=\"robots\" content=\"noindex, nofollow\" \/>\n<meta property=\"og:locale\" content=\"ca_ES\" \/>\n<meta property=\"og:type\" content=\"article\" \/>\n<meta property=\"og:title\" content=\"Av\u00eds legal - El Bel\u00e9n de Roca, Meliana, Valencia\" \/>\n<meta property=\"og:description\" content=\"Av\u00eds legal . El Bel\u00e9n de Roca, Meliana, Valencia. Bel\u00e9n de Navidad con m\u00e1s piezas de Espa\u00f1a.\" \/>\n<meta property=\"og:url\" content=\"https:\/\/www.belenderoca.com\/ca\/avis-legal\/\" \/>\n<meta property=\"og:site_name\" content=\"El Bel\u00e9n de Roca, Meliana, Valencia\" \/>\n<meta property=\"article:publisher\" content=\"https:\/\/www.facebook.com\/belenderoca\" \/>\n<meta property=\"article:modified_time\" content=\"2024-09-23T11:24:35+00:00\" \/>\n<meta name=\"twitter:card\" content=\"summary_large_image\" \/>\n<meta name=\"twitter:label1\" content=\"Temps estimat de lectura\" \/>\n\t<meta name=\"twitter:data1\" content=\"6 minuts\" \/>\n<script type=\"application\/ld+json\" class=\"yoast-schema-graph\">{\"@context\":\"https:\/\/schema.org\",\"@graph\":[{\"@type\":\"WebPage\",\"@id\":\"https:\/\/www.belenderoca.com\/ca\/avis-legal\/\",\"url\":\"https:\/\/www.belenderoca.com\/ca\/avis-legal\/\",\"name\":\"Av\u00eds legal - El Bel\u00e9n de Roca, Meliana, Valencia\",\"isPartOf\":{\"@id\":\"https:\/\/www.belenderoca.com\/ca\/#website\"},\"datePublished\":\"2024-09-23T11:07:03+00:00\",\"dateModified\":\"2024-09-23T11:24:35+00:00\",\"description\":\"Av\u00eds legal . El Bel\u00e9n de Roca, Meliana, Valencia. Bel\u00e9n de Navidad con m\u00e1s piezas de Espa\u00f1a.\",\"inLanguage\":\"ca\",\"potentialAction\":[{\"@type\":\"ReadAction\",\"target\":[\"https:\/\/www.belenderoca.com\/ca\/avis-legal\/\"]}]},{\"@type\":\"WebSite\",\"@id\":\"https:\/\/www.belenderoca.com\/ca\/#website\",\"url\":\"https:\/\/www.belenderoca.com\/ca\/\",\"name\":\"El Bel\u00e9n de Roca, Meliana, Valencia\",\"description\":\"\",\"publisher\":{\"@id\":\"https:\/\/www.belenderoca.com\/ca\/#organization\"},\"potentialAction\":[{\"@type\":\"SearchAction\",\"target\":{\"@type\":\"EntryPoint\",\"urlTemplate\":\"https:\/\/www.belenderoca.com\/ca\/?s={search_term_string}\"},\"query-input\":{\"@type\":\"PropertyValueSpecification\",\"valueRequired\":true,\"valueName\":\"search_term_string\"}}],\"inLanguage\":\"ca\"},{\"@type\":\"Organization\",\"@id\":\"https:\/\/www.belenderoca.com\/ca\/#organization\",\"name\":\"El Bel\u00e9n de Roca, Meliana, Valencia\",\"url\":\"https:\/\/www.belenderoca.com\/ca\/\",\"logo\":{\"@type\":\"ImageObject\",\"inLanguage\":\"ca\",\"@id\":\"https:\/\/www.belenderoca.com\/ca\/#\/schema\/logo\/image\/\",\"url\":\"https:\/\/www.belenderoca.com\/wp-content\/uploads\/2022\/12\/favicon-el-belen-de-roca.jpg\",\"contentUrl\":\"https:\/\/www.belenderoca.com\/wp-content\/uploads\/2022\/12\/favicon-el-belen-de-roca.jpg\",\"width\":250,\"height\":250,\"caption\":\"El Bel\u00e9n de Roca, Meliana, Valencia\"},\"image\":{\"@id\":\"https:\/\/www.belenderoca.com\/ca\/#\/schema\/logo\/image\/\"},\"sameAs\":[\"https:\/\/www.facebook.com\/belenderoca\"]}]}<\/script>\n<!-- \/ Yoast SEO plugin. -->","yoast_head_json":{"title":"Av\u00eds legal - El Bel\u00e9n de Roca, Meliana, Valencia","description":"Av\u00eds legal . El Bel\u00e9n de Roca, Meliana, Valencia. Bel\u00e9n de Navidad con m\u00e1s piezas de Espa\u00f1a.","robots":{"index":"noindex","follow":"nofollow"},"og_locale":"ca_ES","og_type":"article","og_title":"Av\u00eds legal - El Bel\u00e9n de Roca, Meliana, Valencia","og_description":"Av\u00eds legal . El Bel\u00e9n de Roca, Meliana, Valencia. Bel\u00e9n de Navidad con m\u00e1s piezas de Espa\u00f1a.","og_url":"https:\/\/www.belenderoca.com\/ca\/avis-legal\/","og_site_name":"El Bel\u00e9n de Roca, Meliana, Valencia","article_publisher":"https:\/\/www.facebook.com\/belenderoca","article_modified_time":"2024-09-23T11:24:35+00:00","twitter_card":"summary_large_image","twitter_misc":{"Temps estimat de lectura":"6 minuts"},"schema":{"@context":"https:\/\/schema.org","@graph":[{"@type":"WebPage","@id":"https:\/\/www.belenderoca.com\/ca\/avis-legal\/","url":"https:\/\/www.belenderoca.com\/ca\/avis-legal\/","name":"Av\u00eds legal - El Bel\u00e9n de Roca, Meliana, Valencia","isPartOf":{"@id":"https:\/\/www.belenderoca.com\/ca\/#website"},"datePublished":"2024-09-23T11:07:03+00:00","dateModified":"2024-09-23T11:24:35+00:00","description":"Av\u00eds legal . El Bel\u00e9n de Roca, Meliana, Valencia. Bel\u00e9n de Navidad con m\u00e1s piezas de Espa\u00f1a.","inLanguage":"ca","potentialAction":[{"@type":"ReadAction","target":["https:\/\/www.belenderoca.com\/ca\/avis-legal\/"]}]},{"@type":"WebSite","@id":"https:\/\/www.belenderoca.com\/ca\/#website","url":"https:\/\/www.belenderoca.com\/ca\/","name":"El Bel\u00e9n de Roca, Meliana, Valencia","description":"","publisher":{"@id":"https:\/\/www.belenderoca.com\/ca\/#organization"},"potentialAction":[{"@type":"SearchAction","target":{"@type":"EntryPoint","urlTemplate":"https:\/\/www.belenderoca.com\/ca\/?s={search_term_string}"},"query-input":{"@type":"PropertyValueSpecification","valueRequired":true,"valueName":"search_term_string"}}],"inLanguage":"ca"},{"@type":"Organization","@id":"https:\/\/www.belenderoca.com\/ca\/#organization","name":"El Bel\u00e9n de Roca, Meliana, Valencia","url":"https:\/\/www.belenderoca.com\/ca\/","logo":{"@type":"ImageObject","inLanguage":"ca","@id":"https:\/\/www.belenderoca.com\/ca\/#\/schema\/logo\/image\/","url":"https:\/\/www.belenderoca.com\/wp-content\/uploads\/2022\/12\/favicon-el-belen-de-roca.jpg","contentUrl":"https:\/\/www.belenderoca.com\/wp-content\/uploads\/2022\/12\/favicon-el-belen-de-roca.jpg","width":250,"height":250,"caption":"El Bel\u00e9n de Roca, Meliana, Valencia"},"image":{"@id":"https:\/\/www.belenderoca.com\/ca\/#\/schema\/logo\/image\/"},"sameAs":["https:\/\/www.facebook.com\/belenderoca"]}]}},"_links":{"self":[{"href":"https:\/\/www.belenderoca.com\/ca\/wp-json\/wp\/v2\/pages\/74719","targetHints":{"allow":["GET"]}}],"collection":[{"href":"https:\/\/www.belenderoca.com\/ca\/wp-json\/wp\/v2\/pages"}],"about":[{"href":"https:\/\/www.belenderoca.com\/ca\/wp-json\/wp\/v2\/types\/page"}],"author":[{"embeddable":true,"href":"https:\/\/www.belenderoca.com\/ca\/wp-json\/wp\/v2\/users\/6"}],"replies":[{"embeddable":true,"href":"https:\/\/www.belenderoca.com\/ca\/wp-json\/wp\/v2\/comments?post=74719"}],"version-history":[{"count":2,"href":"https:\/\/www.belenderoca.com\/ca\/wp-json\/wp\/v2\/pages\/74719\/revisions"}],"predecessor-version":[{"id":74734,"href":"https:\/\/www.belenderoca.com\/ca\/wp-json\/wp\/v2\/pages\/74719\/revisions\/74734"}],"wp:attachment":[{"href":"https:\/\/www.belenderoca.com\/ca\/wp-json\/wp\/v2\/media?parent=74719"}],"curies":[{"name":"wp","href":"https:\/\/api.w.org\/{rel}","templated":true}]}}