{"id":74415,"date":"2022-12-26T15:43:39","date_gmt":"2022-12-26T14:43:39","guid":{"rendered":"https:\/\/belenderoca.com\/colaboradores\/"},"modified":"2022-12-27T13:01:51","modified_gmt":"2022-12-27T12:01:51","slug":"colaboradores","status":"publish","type":"page","link":"https:\/\/www.belenderoca.com\/ca\/colaboradores\/","title":{"rendered":"Col \u00b7 laboradors"},"content":{"rendered":"<p>Des d&#8217;aqu\u00ed volem donar les gr\u00e0cies a tots els amics que han col\u00b7laborat amb el seu treball i la seua il\u00b7lusi\u00f3 per crear i fer cr\u00e9ixer el Betlem de Roca.<\/p>\n<h3 style=\"text-align: center;\">Fco. Pascual<\/p>\n<p>Fca. Domenech<\/p>\n<p>Fco. Pascual<\/p>\n<p>Melchor Almela<\/p>\n<p>Concha Pascual<\/p>\n<p>Melchor Almela<\/p>\n<p>Inma Almela<\/p>\n<p>Carmen Ausina<\/p>\n<p>Concha Ballester<\/p>\n<p>Margarita Rodriguez<\/p>\n<p>Concha Mart\u00ed<\/p>\n<p>Marisa Vidal<\/p>\n<p>Maria Barranco<\/p>\n<p>Pablo Orero<\/p>\n<p>Teresa San Nicol\u00e1s<\/p>\n<p>Periodic de l&#8217;Horta (Cresol)<\/p>\n<p>Gr\u00e0fiques Bolea<\/p>\n<p>Estudi Puchades<\/p>\n<p><a href=\"http:\/\/www.baladre.net\" target=\"_blank\" rel=\"noopener\">www.baladre.net<\/a><\/p>\n<p>Paco Soler<\/p>\n<p>Paco Cano<\/p>\n<p>Penya La Forca<\/p>\n<p>Electrificaciones Gomez Gimeno SL<\/p>\n<p>MAVAL Control de procesos<br \/>\n<a href=\"http:\/\/www.imaber.es\/\">Grupo IMABER: Instalaciones\u00a0el\u00e9ctricas\u00a0en general y comunicaciones<\/a><\/p>\n<p>Ajuntament de Meliana<\/p>\n<p><img loading=\"lazy\" decoding=\"async\" class=\"aligncenter  wp-image-788\" title=\"468px-Escut_de_Meliana.svg\" src=\"http:\/\/belenderoca.com\/wp-content\/uploads\/2012\/08\/468px-Escut_de_Meliana.svg_-350x447.png\" alt=\"\" width=\"105\" height=\"134\" srcset=\"https:\/\/www.belenderoca.com\/wp-content\/uploads\/2012\/08\/468px-Escut_de_Meliana.svg_-350x447.png 350w, https:\/\/www.belenderoca.com\/wp-content\/uploads\/2012\/08\/468px-Escut_de_Meliana.svg_-150x191.png 150w, https:\/\/www.belenderoca.com\/wp-content\/uploads\/2012\/08\/468px-Escut_de_Meliana.svg_.png 468w\" sizes=\"auto, (max-width: 105px) 100vw, 105px\" \/>Institut Municipal de Cultura de Meliana<\/p>\n<p><img loading=\"lazy\" decoding=\"async\" class=\"aligncenter size-thumbnail wp-image-791\" title=\"logoimcjpg\" src=\"http:\/\/belenderoca.com\/wp-content\/uploads\/2012\/08\/logoimcjpg-150x179.jpg\" alt=\"\" width=\"150\" height=\"179\" srcset=\"https:\/\/www.belenderoca.com\/wp-content\/uploads\/2012\/08\/logoimcjpg-150x179.jpg 150w, https:\/\/www.belenderoca.com\/wp-content\/uploads\/2012\/08\/logoimcjpg.jpg 167w\" sizes=\"auto, (max-width: 150px) 100vw, 150px\" \/><\/p>\n<p>Rodalies Renfe<\/p>\n<p><a href=\"http:\/\/belenderoca.com\/wp-content\/uploads\/2012\/08\/logocercanias.png\"><img loading=\"lazy\" decoding=\"async\" class=\"aligncenter\" title=\"logocercanias\" src=\"http:\/\/belenderoca.com\/wp-content\/uploads\/2012\/08\/logocercanias.png\" alt=\"\" width=\"409\" height=\"129\" \/><\/a><\/p>\n<\/h3>\n<p><!--:--><\/p>\n","protected":false},"excerpt":{"rendered":"<p>Des d&#8217;aqu\u00ed volem donar les gr\u00e0cies a tots els amics que han col\u00b7laborat amb el seu treball i la seua il\u00b7lusi\u00f3 per crear i fer cr\u00e9ixer<span class=\"excerpt-hellip\"> [\u2026]<\/span><\/p>\n","protected":false},"author":1,"featured_media":0,"parent":0,"menu_order":0,"comment_status":"closed","ping_status":"closed","template":"","meta":{"footnotes":""},"class_list":["post-74415","page","type-page","status-publish","hentry"],"yoast_head":"<!-- This site is optimized with the Yoast SEO plugin v26.4 - https:\/\/yoast.com\/wordpress\/plugins\/seo\/ -->\n<title>Col \u00b7 laboradors - El Bel\u00e9n de Roca, Meliana, Valencia<\/title>\n<meta name=\"description\" content=\"Col \u00b7 laboradors . El Bel\u00e9n de Roca, Meliana, Valencia. Bel\u00e9n de Navidad con m\u00e1s piezas de Espa\u00f1a.\" \/>\n<meta name=\"robots\" content=\"index, follow, max-snippet:-1, max-image-preview:large, max-video-preview:-1\" \/>\n<link rel=\"canonical\" href=\"https:\/\/www.belenderoca.com\/ca\/colaboradores\/\" \/>\n<meta property=\"og:locale\" content=\"ca_ES\" \/>\n<meta property=\"og:type\" content=\"article\" \/>\n<meta property=\"og:title\" content=\"Col \u00b7 laboradors - El Bel\u00e9n de Roca, Meliana, Valencia\" \/>\n<meta property=\"og:description\" content=\"Col \u00b7 laboradors . El Bel\u00e9n de Roca, Meliana, Valencia. Bel\u00e9n de Navidad con m\u00e1s piezas de Espa\u00f1a.\" \/>\n<meta property=\"og:url\" content=\"https:\/\/www.belenderoca.com\/ca\/colaboradores\/\" \/>\n<meta property=\"og:site_name\" content=\"El Bel\u00e9n de Roca, Meliana, Valencia\" \/>\n<meta property=\"article:publisher\" content=\"https:\/\/www.facebook.com\/belenderoca\" \/>\n<meta property=\"article:modified_time\" content=\"2022-12-27T12:01:51+00:00\" \/>\n<meta property=\"og:image\" content=\"http:\/\/belenderoca.com\/wp-content\/uploads\/2012\/08\/468px-Escut_de_Meliana.svg_-350x447.png\" \/>\n<meta name=\"twitter:card\" content=\"summary_large_image\" \/>\n<meta name=\"twitter:label1\" content=\"Temps estimat de lectura\" \/>\n\t<meta name=\"twitter:data1\" content=\"1 minut\" \/>\n<script type=\"application\/ld+json\" class=\"yoast-schema-graph\">{\"@context\":\"https:\/\/schema.org\",\"@graph\":[{\"@type\":\"WebPage\",\"@id\":\"https:\/\/www.belenderoca.com\/ca\/colaboradores\/\",\"url\":\"https:\/\/www.belenderoca.com\/ca\/colaboradores\/\",\"name\":\"Col \u00b7 laboradors - El Bel\u00e9n de Roca, Meliana, Valencia\",\"isPartOf\":{\"@id\":\"https:\/\/www.belenderoca.com\/ca\/#website\"},\"primaryImageOfPage\":{\"@id\":\"https:\/\/www.belenderoca.com\/ca\/colaboradores\/#primaryimage\"},\"image\":{\"@id\":\"https:\/\/www.belenderoca.com\/ca\/colaboradores\/#primaryimage\"},\"thumbnailUrl\":\"http:\/\/belenderoca.com\/wp-content\/uploads\/2012\/08\/468px-Escut_de_Meliana.svg_-350x447.png\",\"datePublished\":\"2022-12-26T14:43:39+00:00\",\"dateModified\":\"2022-12-27T12:01:51+00:00\",\"description\":\"Col \u00b7 laboradors . El Bel\u00e9n de Roca, Meliana, Valencia. Bel\u00e9n de Navidad con m\u00e1s piezas de Espa\u00f1a.\",\"inLanguage\":\"ca\",\"potentialAction\":[{\"@type\":\"ReadAction\",\"target\":[\"https:\/\/www.belenderoca.com\/ca\/colaboradores\/\"]}]},{\"@type\":\"ImageObject\",\"inLanguage\":\"ca\",\"@id\":\"https:\/\/www.belenderoca.com\/ca\/colaboradores\/#primaryimage\",\"url\":\"http:\/\/belenderoca.com\/wp-content\/uploads\/2012\/08\/468px-Escut_de_Meliana.svg_-350x447.png\",\"contentUrl\":\"http:\/\/belenderoca.com\/wp-content\/uploads\/2012\/08\/468px-Escut_de_Meliana.svg_-350x447.png\"},{\"@type\":\"WebSite\",\"@id\":\"https:\/\/www.belenderoca.com\/ca\/#website\",\"url\":\"https:\/\/www.belenderoca.com\/ca\/\",\"name\":\"El Bel\u00e9n de Roca, Meliana, Valencia\",\"description\":\"\",\"publisher\":{\"@id\":\"https:\/\/www.belenderoca.com\/ca\/#organization\"},\"potentialAction\":[{\"@type\":\"SearchAction\",\"target\":{\"@type\":\"EntryPoint\",\"urlTemplate\":\"https:\/\/www.belenderoca.com\/ca\/?s={search_term_string}\"},\"query-input\":{\"@type\":\"PropertyValueSpecification\",\"valueRequired\":true,\"valueName\":\"search_term_string\"}}],\"inLanguage\":\"ca\"},{\"@type\":\"Organization\",\"@id\":\"https:\/\/www.belenderoca.com\/ca\/#organization\",\"name\":\"El Bel\u00e9n de Roca, Meliana, Valencia\",\"url\":\"https:\/\/www.belenderoca.com\/ca\/\",\"logo\":{\"@type\":\"ImageObject\",\"inLanguage\":\"ca\",\"@id\":\"https:\/\/www.belenderoca.com\/ca\/#\/schema\/logo\/image\/\",\"url\":\"https:\/\/www.belenderoca.com\/wp-content\/uploads\/2022\/12\/favicon-el-belen-de-roca.jpg\",\"contentUrl\":\"https:\/\/www.belenderoca.com\/wp-content\/uploads\/2022\/12\/favicon-el-belen-de-roca.jpg\",\"width\":250,\"height\":250,\"caption\":\"El Bel\u00e9n de Roca, Meliana, Valencia\"},\"image\":{\"@id\":\"https:\/\/www.belenderoca.com\/ca\/#\/schema\/logo\/image\/\"},\"sameAs\":[\"https:\/\/www.facebook.com\/belenderoca\"]}]}<\/script>\n<!-- \/ Yoast SEO plugin. -->","yoast_head_json":{"title":"Col \u00b7 laboradors - El Bel\u00e9n de Roca, Meliana, Valencia","description":"Col \u00b7 laboradors . El Bel\u00e9n de Roca, Meliana, Valencia. Bel\u00e9n de Navidad con m\u00e1s piezas de Espa\u00f1a.","robots":{"index":"index","follow":"follow","max-snippet":"max-snippet:-1","max-image-preview":"max-image-preview:large","max-video-preview":"max-video-preview:-1"},"canonical":"https:\/\/www.belenderoca.com\/ca\/colaboradores\/","og_locale":"ca_ES","og_type":"article","og_title":"Col \u00b7 laboradors - El Bel\u00e9n de Roca, Meliana, Valencia","og_description":"Col \u00b7 laboradors . El Bel\u00e9n de Roca, Meliana, Valencia. Bel\u00e9n de Navidad con m\u00e1s piezas de Espa\u00f1a.","og_url":"https:\/\/www.belenderoca.com\/ca\/colaboradores\/","og_site_name":"El Bel\u00e9n de Roca, Meliana, Valencia","article_publisher":"https:\/\/www.facebook.com\/belenderoca","article_modified_time":"2022-12-27T12:01:51+00:00","og_image":[{"url":"http:\/\/belenderoca.com\/wp-content\/uploads\/2012\/08\/468px-Escut_de_Meliana.svg_-350x447.png","type":"","width":"","height":""}],"twitter_card":"summary_large_image","twitter_misc":{"Temps estimat de lectura":"1 minut"},"schema":{"@context":"https:\/\/schema.org","@graph":[{"@type":"WebPage","@id":"https:\/\/www.belenderoca.com\/ca\/colaboradores\/","url":"https:\/\/www.belenderoca.com\/ca\/colaboradores\/","name":"Col \u00b7 laboradors - El Bel\u00e9n de Roca, Meliana, Valencia","isPartOf":{"@id":"https:\/\/www.belenderoca.com\/ca\/#website"},"primaryImageOfPage":{"@id":"https:\/\/www.belenderoca.com\/ca\/colaboradores\/#primaryimage"},"image":{"@id":"https:\/\/www.belenderoca.com\/ca\/colaboradores\/#primaryimage"},"thumbnailUrl":"http:\/\/belenderoca.com\/wp-content\/uploads\/2012\/08\/468px-Escut_de_Meliana.svg_-350x447.png","datePublished":"2022-12-26T14:43:39+00:00","dateModified":"2022-12-27T12:01:51+00:00","description":"Col \u00b7 laboradors . El Bel\u00e9n de Roca, Meliana, Valencia. Bel\u00e9n de Navidad con m\u00e1s piezas de Espa\u00f1a.","inLanguage":"ca","potentialAction":[{"@type":"ReadAction","target":["https:\/\/www.belenderoca.com\/ca\/colaboradores\/"]}]},{"@type":"ImageObject","inLanguage":"ca","@id":"https:\/\/www.belenderoca.com\/ca\/colaboradores\/#primaryimage","url":"http:\/\/belenderoca.com\/wp-content\/uploads\/2012\/08\/468px-Escut_de_Meliana.svg_-350x447.png","contentUrl":"http:\/\/belenderoca.com\/wp-content\/uploads\/2012\/08\/468px-Escut_de_Meliana.svg_-350x447.png"},{"@type":"WebSite","@id":"https:\/\/www.belenderoca.com\/ca\/#website","url":"https:\/\/www.belenderoca.com\/ca\/","name":"El Bel\u00e9n de Roca, Meliana, Valencia","description":"","publisher":{"@id":"https:\/\/www.belenderoca.com\/ca\/#organization"},"potentialAction":[{"@type":"SearchAction","target":{"@type":"EntryPoint","urlTemplate":"https:\/\/www.belenderoca.com\/ca\/?s={search_term_string}"},"query-input":{"@type":"PropertyValueSpecification","valueRequired":true,"valueName":"search_term_string"}}],"inLanguage":"ca"},{"@type":"Organization","@id":"https:\/\/www.belenderoca.com\/ca\/#organization","name":"El Bel\u00e9n de Roca, Meliana, Valencia","url":"https:\/\/www.belenderoca.com\/ca\/","logo":{"@type":"ImageObject","inLanguage":"ca","@id":"https:\/\/www.belenderoca.com\/ca\/#\/schema\/logo\/image\/","url":"https:\/\/www.belenderoca.com\/wp-content\/uploads\/2022\/12\/favicon-el-belen-de-roca.jpg","contentUrl":"https:\/\/www.belenderoca.com\/wp-content\/uploads\/2022\/12\/favicon-el-belen-de-roca.jpg","width":250,"height":250,"caption":"El Bel\u00e9n de Roca, Meliana, Valencia"},"image":{"@id":"https:\/\/www.belenderoca.com\/ca\/#\/schema\/logo\/image\/"},"sameAs":["https:\/\/www.facebook.com\/belenderoca"]}]}},"_links":{"self":[{"href":"https:\/\/www.belenderoca.com\/ca\/wp-json\/wp\/v2\/pages\/74415","targetHints":{"allow":["GET"]}}],"collection":[{"href":"https:\/\/www.belenderoca.com\/ca\/wp-json\/wp\/v2\/pages"}],"about":[{"href":"https:\/\/www.belenderoca.com\/ca\/wp-json\/wp\/v2\/types\/page"}],"author":[{"embeddable":true,"href":"https:\/\/www.belenderoca.com\/ca\/wp-json\/wp\/v2\/users\/1"}],"replies":[{"embeddable":true,"href":"https:\/\/www.belenderoca.com\/ca\/wp-json\/wp\/v2\/comments?post=74415"}],"version-history":[{"count":1,"href":"https:\/\/www.belenderoca.com\/ca\/wp-json\/wp\/v2\/pages\/74415\/revisions"}],"predecessor-version":[{"id":74418,"href":"https:\/\/www.belenderoca.com\/ca\/wp-json\/wp\/v2\/pages\/74415\/revisions\/74418"}],"wp:attachment":[{"href":"https:\/\/www.belenderoca.com\/ca\/wp-json\/wp\/v2\/media?parent=74415"}],"curies":[{"name":"wp","href":"https:\/\/api.w.org\/{rel}","templated":true}]}}