{"id":74405,"date":"2022-12-26T15:40:37","date_gmt":"2022-12-26T14:40:37","guid":{"rendered":"https:\/\/belenderoca.com\/como-se-hace\/"},"modified":"2022-12-27T13:02:00","modified_gmt":"2022-12-27T12:02:00","slug":"comosehace","status":"publish","type":"page","link":"https:\/\/www.belenderoca.com\/ca\/comosehace\/","title":{"rendered":"Com se fa"},"content":{"rendered":"<p>El Betlem \u00e9s fruit del treball realitzat, des del seu inici l&#8217;any 1990, per les fam\u00edlies Almela-Pascual i Pascual-Domenech, amb la col \u00b7 laboraci\u00f3 d&#8217;uns quants amics sota la batuta de Melcior Almela (membre de l&#8217;Associaci\u00f3 de Betlemistes de Val\u00e8ncia i Mestre Pessebrista). Al llarg de cada any es realitzen noves figures, elements del paisatge i s&#8217;enriqueix el pessebre amb nous detalls. En l&#8217;actualitat el Betlem ocupa una extensi\u00f3 de m\u00e9s de 50 metres quadrats amb prop de 6000 peces entre figures i animals. Les figures que componen el nostre pessebre, s\u00f3n modelades a partir del fang (argila).<\/p>\n<p><a href=\"http:\/\/belenderoca.com\/wp-content\/uploads\/2012\/03\/Scan-120304-0041-20120809.jpg\"><img loading=\"lazy\" decoding=\"async\" class=\"alignnone size-large wp-image-733\" title=\"Scan-120304-0041-20120809\" src=\"http:\/\/belenderoca.com\/wp-content\/uploads\/2012\/03\/Scan-120304-0041-20120809-705x455.jpg\" alt=\"\" width=\"705\" height=\"455\" srcset=\"https:\/\/www.belenderoca.com\/wp-content\/uploads\/2012\/03\/Scan-120304-0041-20120809-705x455.jpg 705w, https:\/\/www.belenderoca.com\/wp-content\/uploads\/2012\/03\/Scan-120304-0041-20120809-150x96.jpg 150w, https:\/\/www.belenderoca.com\/wp-content\/uploads\/2012\/03\/Scan-120304-0041-20120809-350x225.jpg 350w, https:\/\/www.belenderoca.com\/wp-content\/uploads\/2012\/03\/Scan-120304-0041-20120809.jpg 1024w\" sizes=\"auto, (max-width: 705px) 100vw, 705px\" \/><\/a><\/p>\n<p>A partir de la massa de fang i mitjan\u00e7ant esp\u00e0tules de diferent grand\u00e0ria es van definint els perfils de la figura. Els detalls s\u00f3n aconseguits unint mitjan\u00e7ant fang tou petits trossos de fang modelats independentment fins a crear la figura completa.<\/p>\n<p><a href=\"http:\/\/belenderoca.com\/wp-content\/uploads\/2012\/03\/Scan-120304-0040-20120809.jpg\"><img loading=\"lazy\" decoding=\"async\" class=\"alignnone size-large wp-image-734\" title=\"Scan-120304-0040-20120809\" src=\"http:\/\/belenderoca.com\/wp-content\/uploads\/2012\/03\/Scan-120304-0040-20120809-705x455.jpg\" alt=\"\" width=\"705\" height=\"455\" srcset=\"https:\/\/www.belenderoca.com\/wp-content\/uploads\/2012\/03\/Scan-120304-0040-20120809-705x455.jpg 705w, https:\/\/www.belenderoca.com\/wp-content\/uploads\/2012\/03\/Scan-120304-0040-20120809-150x96.jpg 150w, https:\/\/www.belenderoca.com\/wp-content\/uploads\/2012\/03\/Scan-120304-0040-20120809-350x225.jpg 350w, https:\/\/www.belenderoca.com\/wp-content\/uploads\/2012\/03\/Scan-120304-0040-20120809.jpg 1024w\" sizes=\"auto, (max-width: 705px) 100vw, 705px\" \/><\/a><\/p>\n<p>La figura recent acabada \u00e9s molt fr\u00e0gil, per la qual cosa s&#8217;haur\u00e0 de tenir especial tracte fins a realitzar el proc\u00e9s de cocci\u00f3 en una terrisseria professional.<\/p>\n<p><a href=\"http:\/\/belenderoca.com\/wp-content\/uploads\/2012\/03\/forn.jpg\"><img loading=\"lazy\" decoding=\"async\" class=\"alignnone size-full wp-image-266\" title=\"Horno de alfarero\" src=\"http:\/\/belenderoca.com\/wp-content\/uploads\/2012\/03\/forn.jpg\" alt=\"\" width=\"250\" height=\"348\" srcset=\"https:\/\/www.belenderoca.com\/wp-content\/uploads\/2012\/03\/forn.jpg 250w, https:\/\/www.belenderoca.com\/wp-content\/uploads\/2012\/03\/forn-150x208.jpg 150w\" sizes=\"auto, (max-width: 250px) 100vw, 250px\" \/><\/a><\/p>\n<p>Despr\u00e9s de la cocci\u00f3, haurem aconseguit que la figura tingui una gran fermesa, nom\u00e9s un gran cop o una caiguda a terra podrien fraccionar. En aquest moment nom\u00e9s resta el donar-li color utilitzant pintures acr\u00edliques.<\/p>\n<p><a href=\"http:\/\/belenderoca.com\/wp-content\/uploads\/2012\/03\/Scan-120304-0045-20120809.jpg\"><img loading=\"lazy\" decoding=\"async\" class=\"alignnone size-large wp-image-735\" title=\"Scan-120304-0045-20120809\" src=\"http:\/\/belenderoca.com\/wp-content\/uploads\/2012\/03\/Scan-120304-0045-20120809-705x455.jpg\" alt=\"\" width=\"705\" height=\"455\" srcset=\"https:\/\/www.belenderoca.com\/wp-content\/uploads\/2012\/03\/Scan-120304-0045-20120809-705x455.jpg 705w, https:\/\/www.belenderoca.com\/wp-content\/uploads\/2012\/03\/Scan-120304-0045-20120809-150x96.jpg 150w, https:\/\/www.belenderoca.com\/wp-content\/uploads\/2012\/03\/Scan-120304-0045-20120809-350x225.jpg 350w, https:\/\/www.belenderoca.com\/wp-content\/uploads\/2012\/03\/Scan-120304-0045-20120809.jpg 1024w\" sizes=\"auto, (max-width: 705px) 100vw, 705px\" \/><\/a><\/p>\n<p>La durada del proc\u00e9s complet dependr\u00e0 de l&#8217;expressivitat que vulguem donar-li a la figura, ja que aix\u00f2 requerir\u00e0 una major dedicaci\u00f3. A partir d&#8217;aquestes figures de disseny \u00fanic poden fer motlles d&#8217;escaiola que permetran la reproducci\u00f3 de figures amb gran facilitat.<\/p>\n<p><a href=\"http:\/\/belenderoca.com\/wp-content\/uploads\/2012\/03\/Scan-120304-0043-20120809.jpg\"><img loading=\"lazy\" decoding=\"async\" class=\"alignnone size-large wp-image-736\" title=\"Scan-120304-0043-20120809\" src=\"http:\/\/belenderoca.com\/wp-content\/uploads\/2012\/03\/Scan-120304-0043-20120809-705x455.jpg\" alt=\"\" width=\"705\" height=\"455\" srcset=\"https:\/\/www.belenderoca.com\/wp-content\/uploads\/2012\/03\/Scan-120304-0043-20120809-705x455.jpg 705w, https:\/\/www.belenderoca.com\/wp-content\/uploads\/2012\/03\/Scan-120304-0043-20120809-150x96.jpg 150w, https:\/\/www.belenderoca.com\/wp-content\/uploads\/2012\/03\/Scan-120304-0043-20120809-350x225.jpg 350w, https:\/\/www.belenderoca.com\/wp-content\/uploads\/2012\/03\/Scan-120304-0043-20120809.jpg 1024w\" sizes=\"auto, (max-width: 705px) 100vw, 705px\" \/><\/a><\/p>\n<p>A part de les figures realitzem tamb\u00e9 palmeres, edificis, rius, carros, g\u00e0bies, fonts, moviments i un llarg etc. Cada membre de la fam\u00edlia aporta la seva part creativa en la realitzaci\u00f3 del pessebre. Tamb\u00e9 comptem amb aportaci\u00f3 art\u00edstica d&#8217;un grup d&#8217;amics.<\/p>\n<p><a href=\"http:\/\/belenderoca.com\/wp-content\/uploads\/2012\/03\/Scan-120304-0002-20120809.jpg\"><img loading=\"lazy\" decoding=\"async\" class=\"alignnone size-large wp-image-737\" title=\"Scan-120304-0002-20120809\" src=\"http:\/\/belenderoca.com\/wp-content\/uploads\/2012\/03\/Scan-120304-0002-20120809-705x455.jpg\" alt=\"\" width=\"705\" height=\"455\" srcset=\"https:\/\/www.belenderoca.com\/wp-content\/uploads\/2012\/03\/Scan-120304-0002-20120809-705x455.jpg 705w, https:\/\/www.belenderoca.com\/wp-content\/uploads\/2012\/03\/Scan-120304-0002-20120809-150x96.jpg 150w, https:\/\/www.belenderoca.com\/wp-content\/uploads\/2012\/03\/Scan-120304-0002-20120809-350x225.jpg 350w, https:\/\/www.belenderoca.com\/wp-content\/uploads\/2012\/03\/Scan-120304-0002-20120809.jpg 1024w\" sizes=\"auto, (max-width: 705px) 100vw, 705px\" \/><\/a><\/p>\n<p>[widgetkit id=729]<\/p>\n","protected":false},"excerpt":{"rendered":"<p>El Betlem \u00e9s fruit del treball realitzat, des del seu inici l&#8217;any 1990, per les fam\u00edlies Almela-Pascual i Pascual-Domenech, amb la col \u00b7 laboraci\u00f3 d&#8217;uns quants<span class=\"excerpt-hellip\"> [\u2026]<\/span><\/p>\n","protected":false},"author":1,"featured_media":0,"parent":0,"menu_order":0,"comment_status":"closed","ping_status":"closed","template":"","meta":{"footnotes":""},"class_list":["post-74405","page","type-page","status-publish","hentry"],"yoast_head":"<!-- This site is optimized with the Yoast SEO plugin v26.4 - https:\/\/yoast.com\/wordpress\/plugins\/seo\/ -->\n<title>Com se fa - El Bel\u00e9n de Roca, Meliana, Valencia<\/title>\n<meta name=\"description\" content=\"Com se fa . El Bel\u00e9n de Roca, Meliana, Valencia. Bel\u00e9n de Navidad con m\u00e1s piezas de Espa\u00f1a.\" \/>\n<meta name=\"robots\" content=\"index, follow, max-snippet:-1, max-image-preview:large, max-video-preview:-1\" \/>\n<link rel=\"canonical\" href=\"https:\/\/www.belenderoca.com\/ca\/comosehace\/\" \/>\n<meta property=\"og:locale\" content=\"ca_ES\" \/>\n<meta property=\"og:type\" content=\"article\" \/>\n<meta property=\"og:title\" content=\"Com se fa - El Bel\u00e9n de Roca, Meliana, Valencia\" \/>\n<meta property=\"og:description\" content=\"Com se fa . El Bel\u00e9n de Roca, Meliana, Valencia. Bel\u00e9n de Navidad con m\u00e1s piezas de Espa\u00f1a.\" \/>\n<meta property=\"og:url\" content=\"https:\/\/www.belenderoca.com\/ca\/comosehace\/\" \/>\n<meta property=\"og:site_name\" content=\"El Bel\u00e9n de Roca, Meliana, Valencia\" \/>\n<meta property=\"article:publisher\" content=\"https:\/\/www.facebook.com\/belenderoca\" \/>\n<meta property=\"article:modified_time\" content=\"2022-12-27T12:02:00+00:00\" \/>\n<meta property=\"og:image\" content=\"http:\/\/belenderoca.com\/wp-content\/uploads\/2012\/03\/Scan-120304-0041-20120809-705x455.jpg\" \/>\n<meta name=\"twitter:card\" content=\"summary_large_image\" \/>\n<meta name=\"twitter:label1\" content=\"Temps estimat de lectura\" \/>\n\t<meta name=\"twitter:data1\" content=\"2 minuts\" \/>\n<script type=\"application\/ld+json\" class=\"yoast-schema-graph\">{\"@context\":\"https:\/\/schema.org\",\"@graph\":[{\"@type\":\"WebPage\",\"@id\":\"https:\/\/www.belenderoca.com\/ca\/comosehace\/\",\"url\":\"https:\/\/www.belenderoca.com\/ca\/comosehace\/\",\"name\":\"Com se fa - El Bel\u00e9n de Roca, Meliana, Valencia\",\"isPartOf\":{\"@id\":\"https:\/\/www.belenderoca.com\/ca\/#website\"},\"primaryImageOfPage\":{\"@id\":\"https:\/\/www.belenderoca.com\/ca\/comosehace\/#primaryimage\"},\"image\":{\"@id\":\"https:\/\/www.belenderoca.com\/ca\/comosehace\/#primaryimage\"},\"thumbnailUrl\":\"http:\/\/belenderoca.com\/wp-content\/uploads\/2012\/03\/Scan-120304-0041-20120809-705x455.jpg\",\"datePublished\":\"2022-12-26T14:40:37+00:00\",\"dateModified\":\"2022-12-27T12:02:00+00:00\",\"description\":\"Com se fa . El Bel\u00e9n de Roca, Meliana, Valencia. Bel\u00e9n de Navidad con m\u00e1s piezas de Espa\u00f1a.\",\"inLanguage\":\"ca\",\"potentialAction\":[{\"@type\":\"ReadAction\",\"target\":[\"https:\/\/www.belenderoca.com\/ca\/comosehace\/\"]}]},{\"@type\":\"ImageObject\",\"inLanguage\":\"ca\",\"@id\":\"https:\/\/www.belenderoca.com\/ca\/comosehace\/#primaryimage\",\"url\":\"http:\/\/belenderoca.com\/wp-content\/uploads\/2012\/03\/Scan-120304-0041-20120809-705x455.jpg\",\"contentUrl\":\"http:\/\/belenderoca.com\/wp-content\/uploads\/2012\/03\/Scan-120304-0041-20120809-705x455.jpg\"},{\"@type\":\"WebSite\",\"@id\":\"https:\/\/www.belenderoca.com\/ca\/#website\",\"url\":\"https:\/\/www.belenderoca.com\/ca\/\",\"name\":\"El Bel\u00e9n de Roca, Meliana, Valencia\",\"description\":\"\",\"publisher\":{\"@id\":\"https:\/\/www.belenderoca.com\/ca\/#organization\"},\"potentialAction\":[{\"@type\":\"SearchAction\",\"target\":{\"@type\":\"EntryPoint\",\"urlTemplate\":\"https:\/\/www.belenderoca.com\/ca\/?s={search_term_string}\"},\"query-input\":{\"@type\":\"PropertyValueSpecification\",\"valueRequired\":true,\"valueName\":\"search_term_string\"}}],\"inLanguage\":\"ca\"},{\"@type\":\"Organization\",\"@id\":\"https:\/\/www.belenderoca.com\/ca\/#organization\",\"name\":\"El Bel\u00e9n de Roca, Meliana, Valencia\",\"url\":\"https:\/\/www.belenderoca.com\/ca\/\",\"logo\":{\"@type\":\"ImageObject\",\"inLanguage\":\"ca\",\"@id\":\"https:\/\/www.belenderoca.com\/ca\/#\/schema\/logo\/image\/\",\"url\":\"https:\/\/www.belenderoca.com\/wp-content\/uploads\/2022\/12\/favicon-el-belen-de-roca.jpg\",\"contentUrl\":\"https:\/\/www.belenderoca.com\/wp-content\/uploads\/2022\/12\/favicon-el-belen-de-roca.jpg\",\"width\":250,\"height\":250,\"caption\":\"El Bel\u00e9n de Roca, Meliana, Valencia\"},\"image\":{\"@id\":\"https:\/\/www.belenderoca.com\/ca\/#\/schema\/logo\/image\/\"},\"sameAs\":[\"https:\/\/www.facebook.com\/belenderoca\"]}]}<\/script>\n<!-- \/ Yoast SEO plugin. -->","yoast_head_json":{"title":"Com se fa - El Bel\u00e9n de Roca, Meliana, Valencia","description":"Com se fa . El Bel\u00e9n de Roca, Meliana, Valencia. Bel\u00e9n de Navidad con m\u00e1s piezas de Espa\u00f1a.","robots":{"index":"index","follow":"follow","max-snippet":"max-snippet:-1","max-image-preview":"max-image-preview:large","max-video-preview":"max-video-preview:-1"},"canonical":"https:\/\/www.belenderoca.com\/ca\/comosehace\/","og_locale":"ca_ES","og_type":"article","og_title":"Com se fa - El Bel\u00e9n de Roca, Meliana, Valencia","og_description":"Com se fa . El Bel\u00e9n de Roca, Meliana, Valencia. Bel\u00e9n de Navidad con m\u00e1s piezas de Espa\u00f1a.","og_url":"https:\/\/www.belenderoca.com\/ca\/comosehace\/","og_site_name":"El Bel\u00e9n de Roca, Meliana, Valencia","article_publisher":"https:\/\/www.facebook.com\/belenderoca","article_modified_time":"2022-12-27T12:02:00+00:00","og_image":[{"url":"http:\/\/belenderoca.com\/wp-content\/uploads\/2012\/03\/Scan-120304-0041-20120809-705x455.jpg","type":"","width":"","height":""}],"twitter_card":"summary_large_image","twitter_misc":{"Temps estimat de lectura":"2 minuts"},"schema":{"@context":"https:\/\/schema.org","@graph":[{"@type":"WebPage","@id":"https:\/\/www.belenderoca.com\/ca\/comosehace\/","url":"https:\/\/www.belenderoca.com\/ca\/comosehace\/","name":"Com se fa - El Bel\u00e9n de Roca, Meliana, Valencia","isPartOf":{"@id":"https:\/\/www.belenderoca.com\/ca\/#website"},"primaryImageOfPage":{"@id":"https:\/\/www.belenderoca.com\/ca\/comosehace\/#primaryimage"},"image":{"@id":"https:\/\/www.belenderoca.com\/ca\/comosehace\/#primaryimage"},"thumbnailUrl":"http:\/\/belenderoca.com\/wp-content\/uploads\/2012\/03\/Scan-120304-0041-20120809-705x455.jpg","datePublished":"2022-12-26T14:40:37+00:00","dateModified":"2022-12-27T12:02:00+00:00","description":"Com se fa . El Bel\u00e9n de Roca, Meliana, Valencia. Bel\u00e9n de Navidad con m\u00e1s piezas de Espa\u00f1a.","inLanguage":"ca","potentialAction":[{"@type":"ReadAction","target":["https:\/\/www.belenderoca.com\/ca\/comosehace\/"]}]},{"@type":"ImageObject","inLanguage":"ca","@id":"https:\/\/www.belenderoca.com\/ca\/comosehace\/#primaryimage","url":"http:\/\/belenderoca.com\/wp-content\/uploads\/2012\/03\/Scan-120304-0041-20120809-705x455.jpg","contentUrl":"http:\/\/belenderoca.com\/wp-content\/uploads\/2012\/03\/Scan-120304-0041-20120809-705x455.jpg"},{"@type":"WebSite","@id":"https:\/\/www.belenderoca.com\/ca\/#website","url":"https:\/\/www.belenderoca.com\/ca\/","name":"El Bel\u00e9n de Roca, Meliana, Valencia","description":"","publisher":{"@id":"https:\/\/www.belenderoca.com\/ca\/#organization"},"potentialAction":[{"@type":"SearchAction","target":{"@type":"EntryPoint","urlTemplate":"https:\/\/www.belenderoca.com\/ca\/?s={search_term_string}"},"query-input":{"@type":"PropertyValueSpecification","valueRequired":true,"valueName":"search_term_string"}}],"inLanguage":"ca"},{"@type":"Organization","@id":"https:\/\/www.belenderoca.com\/ca\/#organization","name":"El Bel\u00e9n de Roca, Meliana, Valencia","url":"https:\/\/www.belenderoca.com\/ca\/","logo":{"@type":"ImageObject","inLanguage":"ca","@id":"https:\/\/www.belenderoca.com\/ca\/#\/schema\/logo\/image\/","url":"https:\/\/www.belenderoca.com\/wp-content\/uploads\/2022\/12\/favicon-el-belen-de-roca.jpg","contentUrl":"https:\/\/www.belenderoca.com\/wp-content\/uploads\/2022\/12\/favicon-el-belen-de-roca.jpg","width":250,"height":250,"caption":"El Bel\u00e9n de Roca, Meliana, Valencia"},"image":{"@id":"https:\/\/www.belenderoca.com\/ca\/#\/schema\/logo\/image\/"},"sameAs":["https:\/\/www.facebook.com\/belenderoca"]}]}},"_links":{"self":[{"href":"https:\/\/www.belenderoca.com\/ca\/wp-json\/wp\/v2\/pages\/74405","targetHints":{"allow":["GET"]}}],"collection":[{"href":"https:\/\/www.belenderoca.com\/ca\/wp-json\/wp\/v2\/pages"}],"about":[{"href":"https:\/\/www.belenderoca.com\/ca\/wp-json\/wp\/v2\/types\/page"}],"author":[{"embeddable":true,"href":"https:\/\/www.belenderoca.com\/ca\/wp-json\/wp\/v2\/users\/1"}],"replies":[{"embeddable":true,"href":"https:\/\/www.belenderoca.com\/ca\/wp-json\/wp\/v2\/comments?post=74405"}],"version-history":[{"count":2,"href":"https:\/\/www.belenderoca.com\/ca\/wp-json\/wp\/v2\/pages\/74405\/revisions"}],"predecessor-version":[{"id":74411,"href":"https:\/\/www.belenderoca.com\/ca\/wp-json\/wp\/v2\/pages\/74405\/revisions\/74411"}],"wp:attachment":[{"href":"https:\/\/www.belenderoca.com\/ca\/wp-json\/wp\/v2\/media?parent=74405"}],"curies":[{"name":"wp","href":"https:\/\/api.w.org\/{rel}","templated":true}]}}