{"id":74391,"date":"2022-12-26T15:35:26","date_gmt":"2022-12-26T14:35:26","guid":{"rendered":"https:\/\/belenderoca.com\/como-llegar\/"},"modified":"2022-12-27T13:01:55","modified_gmt":"2022-12-27T12:01:55","slug":"como-llegar","status":"publish","type":"page","link":"https:\/\/www.belenderoca.com\/ca\/como-llegar\/","title":{"rendered":"Com aplegar"},"content":{"rendered":"<p>El Betlem es troba situat al Barri de Roca de Meliana (Val\u00e8ncia-Horta Nord), al carrer Sant Isidre, 43 baix, davant del restaurant <a href=\"http:\/\/www.restaurantcaxoret.com\" target=\"_blank\" rel=\"noopener\">Ca Xoret<\/a>.<\/p>\n<p><iframe loading=\"lazy\" width=\"705\" height=\"500\" frameborder=\"0\" scrolling=\"no\" marginheight=\"0\" marginwidth=\"0\" src=\"https:\/\/maps.google.es\/maps?f=q&#038;source=s_q&#038;hl=es&#038;geocode=&#038;q=belen+de+roca&#038;aq=&#038;sll=39.513566,-0.334283&#038;sspn=0.111111,0.154324&#038;t=m&#038;ie=UTF8&#038;hq=belen+de+roca&#038;hnear=&#038;ll=39.540323,-0.333366&#038;spn=0.132381,0.242043&#038;z=12&#038;iwloc=A&#038;output=embed\"><\/iframe><br \/><small><a href=\"https:\/\/maps.google.es\/maps?f=q&#038;source=embed&#038;hl=es&#038;geocode=&#038;q=belen+de+roca&#038;aq=&#038;sll=39.513566,-0.334283&#038;sspn=0.111111,0.154324&#038;t=m&#038;ie=UTF8&#038;hq=belen+de+roca&#038;hnear=&#038;ll=39.540323,-0.333366&#038;spn=0.132381,0.242043&#038;z=12&#038;iwloc=A\" style=\"color:#0000FF;text-align:left\">Ver mapa m\u00e1s grande<\/a><\/small><\/p>\n<p>Es pot arribar per l&#8217;autovia V-21, direcci\u00f3 Barcelona, primera sortida (sortida 14) Alm\u00e0ssera-Alboraia (a l&#8217;altura de Port Saplaya), a uns 6 km. de Val\u00e8ncia.<\/p>\n<p><a href=\"http:\/\/belenderoca.com\/wp-content\/uploads\/2012\/08\/mapa-llegar.png\"><img loading=\"lazy\" decoding=\"async\" class=\"size-large wp-image-348 alignnone\" title=\"Clic para ampliar - Mapa como llegar\" src=\"http:\/\/belenderoca.com\/wp-content\/uploads\/2012\/08\/mapa-llegar-705x396.png\" alt=\"\" width=\"705\" height=\"396\" \/><\/a><\/p>\n<p>Amb el v\u00eddeo que mostra a continuaci\u00f3 pot fer-se una idea del trajecte venint des de Val\u00e8ncia per l&#8217;Autovia V-21<\/p>\n<p><iframe loading=\"lazy\" src=\"http:\/\/www.youtube.com\/embed\/e63GXpKRAx0\" frameborder=\"0\" width=\"705\" height=\"397\"><\/iframe><\/p>\n<p>Tamb\u00e9 \u00e9s possible arribar utilitzant la l\u00ednia C6 de Renfe Rodalies. Cal baixar a l&#8217;estaci\u00f3 de Roca-Cuiper. Tenim un acord de col \u00b7 laboraci\u00f3 amb Renfe que permet descomptes per a grups de m\u00e9s de 10 persones. M\u00e9s informaci\u00f3 en aquesta direcci\u00f3 <a href=\"http:\/\/www.renfe.com\/viajeros\/cercanias\/valencia\/catalogo\/Valencia_belen.html\">http:\/\/www.renfe.com\/viajeros\/cercanias\/valencia\/catalogo\/Valencia_belen.html<\/a>.<\/p>\n<p>El tel\u00e8fon de Renfe Informaci\u00f3 de grups \u00e9s 96 33 72 61.<\/p>\n<p><a href=\"http:\/\/www.renfe.com\/viajeros\/cercanias\/valencia\/index.html\" target=\"_blank\" rel=\"noopener\"><img loading=\"lazy\" decoding=\"async\" class=\"size-large wp-image-351 alignnone\" title=\"Renfe Cercanias\" src=\"http:\/\/belenderoca.com\/wp-content\/uploads\/2012\/03\/renfecercanias-705x396.jpg\" alt=\"\" width=\"705\" height=\"396\" srcset=\"https:\/\/www.belenderoca.com\/wp-content\/uploads\/2012\/03\/renfecercanias-705x396.jpg 705w, https:\/\/www.belenderoca.com\/wp-content\/uploads\/2012\/03\/renfecercanias-150x84.jpg 150w, https:\/\/www.belenderoca.com\/wp-content\/uploads\/2012\/03\/renfecercanias-350x197.jpg 350w, https:\/\/www.belenderoca.com\/wp-content\/uploads\/2012\/03\/renfecercanias.jpg 945w\" sizes=\"auto, (max-width: 705px) 100vw, 705px\" \/><\/a><\/p>\n<p>Si necessita m\u00e9s informaci\u00f3 o qualsevol tipus d&#8217;aclariment pot contactar nosaltres <a title=\"Contactar\" href=\"http:\/\/belenderoca.com\/contactar\/?lang=ca\">des d&#8217;aqu\u00ed<\/a>. Estarem encantats de poder ajudar.<\/p>\n","protected":false},"excerpt":{"rendered":"<p>El Betlem es troba situat al Barri de Roca de Meliana (Val\u00e8ncia-Horta Nord), al carrer Sant Isidre, 43 baix, davant del restaurant Ca Xoret. Ver mapa<span class=\"excerpt-hellip\"> [\u2026]<\/span><\/p>\n","protected":false},"author":1,"featured_media":0,"parent":0,"menu_order":0,"comment_status":"closed","ping_status":"closed","template":"","meta":{"footnotes":""},"class_list":["post-74391","page","type-page","status-publish","hentry"],"yoast_head":"<!-- This site is optimized with the Yoast SEO plugin v26.4 - https:\/\/yoast.com\/wordpress\/plugins\/seo\/ -->\n<title>Com aplegar - El Bel\u00e9n de Roca, Meliana, Valencia<\/title>\n<meta name=\"description\" content=\"Com aplegar . El Bel\u00e9n de Roca, Meliana, Valencia. Bel\u00e9n de Navidad con m\u00e1s piezas de Espa\u00f1a.\" \/>\n<meta name=\"robots\" content=\"index, follow, max-snippet:-1, max-image-preview:large, max-video-preview:-1\" \/>\n<link rel=\"canonical\" href=\"https:\/\/www.belenderoca.com\/ca\/como-llegar\/\" \/>\n<meta property=\"og:locale\" content=\"ca_ES\" \/>\n<meta property=\"og:type\" content=\"article\" \/>\n<meta property=\"og:title\" content=\"Com aplegar - El Bel\u00e9n de Roca, Meliana, Valencia\" \/>\n<meta property=\"og:description\" content=\"Com aplegar . El Bel\u00e9n de Roca, Meliana, Valencia. Bel\u00e9n de Navidad con m\u00e1s piezas de Espa\u00f1a.\" \/>\n<meta property=\"og:url\" content=\"https:\/\/www.belenderoca.com\/ca\/como-llegar\/\" \/>\n<meta property=\"og:site_name\" content=\"El Bel\u00e9n de Roca, Meliana, Valencia\" \/>\n<meta property=\"article:publisher\" content=\"https:\/\/www.facebook.com\/belenderoca\" \/>\n<meta property=\"article:modified_time\" content=\"2022-12-27T12:01:55+00:00\" \/>\n<meta property=\"og:image\" content=\"http:\/\/belenderoca.com\/wp-content\/uploads\/2012\/08\/mapa-llegar-705x396.png\" \/>\n<meta name=\"twitter:card\" content=\"summary_large_image\" \/>\n<meta name=\"twitter:label1\" content=\"Temps estimat de lectura\" \/>\n\t<meta name=\"twitter:data1\" content=\"1 minut\" \/>\n<script type=\"application\/ld+json\" class=\"yoast-schema-graph\">{\"@context\":\"https:\/\/schema.org\",\"@graph\":[{\"@type\":\"WebPage\",\"@id\":\"https:\/\/www.belenderoca.com\/ca\/como-llegar\/\",\"url\":\"https:\/\/www.belenderoca.com\/ca\/como-llegar\/\",\"name\":\"Com aplegar - El Bel\u00e9n de Roca, Meliana, Valencia\",\"isPartOf\":{\"@id\":\"https:\/\/www.belenderoca.com\/ca\/#website\"},\"primaryImageOfPage\":{\"@id\":\"https:\/\/www.belenderoca.com\/ca\/como-llegar\/#primaryimage\"},\"image\":{\"@id\":\"https:\/\/www.belenderoca.com\/ca\/como-llegar\/#primaryimage\"},\"thumbnailUrl\":\"http:\/\/belenderoca.com\/wp-content\/uploads\/2012\/08\/mapa-llegar-705x396.png\",\"datePublished\":\"2022-12-26T14:35:26+00:00\",\"dateModified\":\"2022-12-27T12:01:55+00:00\",\"description\":\"Com aplegar . El Bel\u00e9n de Roca, Meliana, Valencia. Bel\u00e9n de Navidad con m\u00e1s piezas de Espa\u00f1a.\",\"inLanguage\":\"ca\",\"potentialAction\":[{\"@type\":\"ReadAction\",\"target\":[\"https:\/\/www.belenderoca.com\/ca\/como-llegar\/\"]}]},{\"@type\":\"ImageObject\",\"inLanguage\":\"ca\",\"@id\":\"https:\/\/www.belenderoca.com\/ca\/como-llegar\/#primaryimage\",\"url\":\"http:\/\/belenderoca.com\/wp-content\/uploads\/2012\/08\/mapa-llegar-705x396.png\",\"contentUrl\":\"http:\/\/belenderoca.com\/wp-content\/uploads\/2012\/08\/mapa-llegar-705x396.png\"},{\"@type\":\"WebSite\",\"@id\":\"https:\/\/www.belenderoca.com\/ca\/#website\",\"url\":\"https:\/\/www.belenderoca.com\/ca\/\",\"name\":\"El Bel\u00e9n de Roca, Meliana, Valencia\",\"description\":\"\",\"publisher\":{\"@id\":\"https:\/\/www.belenderoca.com\/ca\/#organization\"},\"potentialAction\":[{\"@type\":\"SearchAction\",\"target\":{\"@type\":\"EntryPoint\",\"urlTemplate\":\"https:\/\/www.belenderoca.com\/ca\/?s={search_term_string}\"},\"query-input\":{\"@type\":\"PropertyValueSpecification\",\"valueRequired\":true,\"valueName\":\"search_term_string\"}}],\"inLanguage\":\"ca\"},{\"@type\":\"Organization\",\"@id\":\"https:\/\/www.belenderoca.com\/ca\/#organization\",\"name\":\"El Bel\u00e9n de Roca, Meliana, Valencia\",\"url\":\"https:\/\/www.belenderoca.com\/ca\/\",\"logo\":{\"@type\":\"ImageObject\",\"inLanguage\":\"ca\",\"@id\":\"https:\/\/www.belenderoca.com\/ca\/#\/schema\/logo\/image\/\",\"url\":\"https:\/\/www.belenderoca.com\/wp-content\/uploads\/2022\/12\/favicon-el-belen-de-roca.jpg\",\"contentUrl\":\"https:\/\/www.belenderoca.com\/wp-content\/uploads\/2022\/12\/favicon-el-belen-de-roca.jpg\",\"width\":250,\"height\":250,\"caption\":\"El Bel\u00e9n de Roca, Meliana, Valencia\"},\"image\":{\"@id\":\"https:\/\/www.belenderoca.com\/ca\/#\/schema\/logo\/image\/\"},\"sameAs\":[\"https:\/\/www.facebook.com\/belenderoca\"]}]}<\/script>\n<!-- \/ Yoast SEO plugin. -->","yoast_head_json":{"title":"Com aplegar - El Bel\u00e9n de Roca, Meliana, Valencia","description":"Com aplegar . El Bel\u00e9n de Roca, Meliana, Valencia. Bel\u00e9n de Navidad con m\u00e1s piezas de Espa\u00f1a.","robots":{"index":"index","follow":"follow","max-snippet":"max-snippet:-1","max-image-preview":"max-image-preview:large","max-video-preview":"max-video-preview:-1"},"canonical":"https:\/\/www.belenderoca.com\/ca\/como-llegar\/","og_locale":"ca_ES","og_type":"article","og_title":"Com aplegar - El Bel\u00e9n de Roca, Meliana, Valencia","og_description":"Com aplegar . El Bel\u00e9n de Roca, Meliana, Valencia. Bel\u00e9n de Navidad con m\u00e1s piezas de Espa\u00f1a.","og_url":"https:\/\/www.belenderoca.com\/ca\/como-llegar\/","og_site_name":"El Bel\u00e9n de Roca, Meliana, Valencia","article_publisher":"https:\/\/www.facebook.com\/belenderoca","article_modified_time":"2022-12-27T12:01:55+00:00","og_image":[{"url":"http:\/\/belenderoca.com\/wp-content\/uploads\/2012\/08\/mapa-llegar-705x396.png","type":"","width":"","height":""}],"twitter_card":"summary_large_image","twitter_misc":{"Temps estimat de lectura":"1 minut"},"schema":{"@context":"https:\/\/schema.org","@graph":[{"@type":"WebPage","@id":"https:\/\/www.belenderoca.com\/ca\/como-llegar\/","url":"https:\/\/www.belenderoca.com\/ca\/como-llegar\/","name":"Com aplegar - El Bel\u00e9n de Roca, Meliana, Valencia","isPartOf":{"@id":"https:\/\/www.belenderoca.com\/ca\/#website"},"primaryImageOfPage":{"@id":"https:\/\/www.belenderoca.com\/ca\/como-llegar\/#primaryimage"},"image":{"@id":"https:\/\/www.belenderoca.com\/ca\/como-llegar\/#primaryimage"},"thumbnailUrl":"http:\/\/belenderoca.com\/wp-content\/uploads\/2012\/08\/mapa-llegar-705x396.png","datePublished":"2022-12-26T14:35:26+00:00","dateModified":"2022-12-27T12:01:55+00:00","description":"Com aplegar . El Bel\u00e9n de Roca, Meliana, Valencia. Bel\u00e9n de Navidad con m\u00e1s piezas de Espa\u00f1a.","inLanguage":"ca","potentialAction":[{"@type":"ReadAction","target":["https:\/\/www.belenderoca.com\/ca\/como-llegar\/"]}]},{"@type":"ImageObject","inLanguage":"ca","@id":"https:\/\/www.belenderoca.com\/ca\/como-llegar\/#primaryimage","url":"http:\/\/belenderoca.com\/wp-content\/uploads\/2012\/08\/mapa-llegar-705x396.png","contentUrl":"http:\/\/belenderoca.com\/wp-content\/uploads\/2012\/08\/mapa-llegar-705x396.png"},{"@type":"WebSite","@id":"https:\/\/www.belenderoca.com\/ca\/#website","url":"https:\/\/www.belenderoca.com\/ca\/","name":"El Bel\u00e9n de Roca, Meliana, Valencia","description":"","publisher":{"@id":"https:\/\/www.belenderoca.com\/ca\/#organization"},"potentialAction":[{"@type":"SearchAction","target":{"@type":"EntryPoint","urlTemplate":"https:\/\/www.belenderoca.com\/ca\/?s={search_term_string}"},"query-input":{"@type":"PropertyValueSpecification","valueRequired":true,"valueName":"search_term_string"}}],"inLanguage":"ca"},{"@type":"Organization","@id":"https:\/\/www.belenderoca.com\/ca\/#organization","name":"El Bel\u00e9n de Roca, Meliana, Valencia","url":"https:\/\/www.belenderoca.com\/ca\/","logo":{"@type":"ImageObject","inLanguage":"ca","@id":"https:\/\/www.belenderoca.com\/ca\/#\/schema\/logo\/image\/","url":"https:\/\/www.belenderoca.com\/wp-content\/uploads\/2022\/12\/favicon-el-belen-de-roca.jpg","contentUrl":"https:\/\/www.belenderoca.com\/wp-content\/uploads\/2022\/12\/favicon-el-belen-de-roca.jpg","width":250,"height":250,"caption":"El Bel\u00e9n de Roca, Meliana, Valencia"},"image":{"@id":"https:\/\/www.belenderoca.com\/ca\/#\/schema\/logo\/image\/"},"sameAs":["https:\/\/www.facebook.com\/belenderoca"]}]}},"_links":{"self":[{"href":"https:\/\/www.belenderoca.com\/ca\/wp-json\/wp\/v2\/pages\/74391","targetHints":{"allow":["GET"]}}],"collection":[{"href":"https:\/\/www.belenderoca.com\/ca\/wp-json\/wp\/v2\/pages"}],"about":[{"href":"https:\/\/www.belenderoca.com\/ca\/wp-json\/wp\/v2\/types\/page"}],"author":[{"embeddable":true,"href":"https:\/\/www.belenderoca.com\/ca\/wp-json\/wp\/v2\/users\/1"}],"replies":[{"embeddable":true,"href":"https:\/\/www.belenderoca.com\/ca\/wp-json\/wp\/v2\/comments?post=74391"}],"version-history":[{"count":1,"href":"https:\/\/www.belenderoca.com\/ca\/wp-json\/wp\/v2\/pages\/74391\/revisions"}],"predecessor-version":[{"id":74394,"href":"https:\/\/www.belenderoca.com\/ca\/wp-json\/wp\/v2\/pages\/74391\/revisions\/74394"}],"wp:attachment":[{"href":"https:\/\/www.belenderoca.com\/ca\/wp-json\/wp\/v2\/media?parent=74391"}],"curies":[{"name":"wp","href":"https:\/\/api.w.org\/{rel}","templated":true}]}}