{"id":74364,"date":"2012-08-02T15:53:20","date_gmt":"2012-08-02T13:53:20","guid":{"rendered":"https:\/\/belenderoca.com\/el-belen-en-la-web\/"},"modified":"2022-12-27T18:29:00","modified_gmt":"2022-12-27T17:29:00","slug":"el-belen-en-la-web","status":"publish","type":"page","link":"https:\/\/www.belenderoca.com\/ca\/el-belen-en-la-web\/","title":{"rendered":"El Betlem aL web"},"content":{"rendered":"<p>En aquesta p\u00e0gina hem reunit enlla\u00e7os a altres p\u00e0gines web (tant privades com institucionals) que fan refer\u00e8ncia al Betlem de Roca.<\/p>\n<div class=\"enlace\"><a href=\"http:\/\/www.valencia.es\/ayuntamiento\/ninos_accesible.nsf\/0\/5435925DE8E713ADC12575130042F659?OpenDocument&amp;bdOrigen=ayuntamiento%2Fninos_accesible.nsf&amp;idapoyo=6772B9FC9B9BDEACC12572CF0026C662&amp;lang=1&amp;nive\"><img loading=\"lazy\" decoding=\"async\" class=\"size-full wp-image-482 alignleft\" title=\"ayuntamientodevalencia\" src=\"http:\/\/belenderoca.com\/wp-content\/uploads\/2012\/08\/ayuntamientodevalencia.jpg\" alt=\"\" width=\"400\" height=\"225\" srcset=\"https:\/\/www.belenderoca.com\/wp-content\/uploads\/2012\/08\/ayuntamientodevalencia.jpg 400w, https:\/\/www.belenderoca.com\/wp-content\/uploads\/2012\/08\/ayuntamientodevalencia-150x84.jpg 150w, https:\/\/www.belenderoca.com\/wp-content\/uploads\/2012\/08\/ayuntamientodevalencia-350x196.jpg 350w\" sizes=\"auto, (max-width: 400px) 100vw, 400px\" \/><\/a><strong>Ayuntamiento de Valencia<\/strong><br \/>\n<a href=\"http:\/\/www.valencia.es\/ayuntamiento\/ninos_accesible.nsf\/0\/5435925DE8E713ADC12575130042F659?OpenDocument&amp;bdOrigen=ayuntamiento%2Fninos_accesible.nsf&amp;idapoyo=6772B9FC9B9BDEACC12572CF0026C662&amp;lang=1&amp;nive\">http:\/\/www.valencia.es\/<\/a><\/div>\n<div class=\"enlace\"><a href=\"http:\/\/www.comunitatvalenciana.com\/ag\/meliana\/exposicion-del-belen-de-roca-meliana-0-5\"><img loading=\"lazy\" decoding=\"async\" class=\"size-full wp-image-487 alignleft\" title=\"Portal-Oficial-de-Turismo-de-la-Comunitat-Valenciana\" src=\"http:\/\/belenderoca.com\/wp-content\/uploads\/2012\/08\/Portal-Oficial-de-Turismo-de-la-Comunitat-Valenciana.jpg\" alt=\"\" width=\"400\" height=\"225\" srcset=\"https:\/\/www.belenderoca.com\/wp-content\/uploads\/2012\/08\/Portal-Oficial-de-Turismo-de-la-Comunitat-Valenciana.jpg 400w, https:\/\/www.belenderoca.com\/wp-content\/uploads\/2012\/08\/Portal-Oficial-de-Turismo-de-la-Comunitat-Valenciana-150x84.jpg 150w, https:\/\/www.belenderoca.com\/wp-content\/uploads\/2012\/08\/Portal-Oficial-de-Turismo-de-la-Comunitat-Valenciana-350x196.jpg 350w\" sizes=\"auto, (max-width: 400px) 100vw, 400px\" \/><\/a><strong>Portal Oficial de Turismo de la Comunitat Valenciana<br \/>\n<\/strong><a href=\"http:\/\/www.comunitatvalenciana.com\/ag\/meliana\/exposicion-del-belen-de-roca-meliana-0-5\">http:\/\/comunitatvalenciana.com<\/a><\/div>\n<div class=\"enlace\"><a href=\"http:\/\/www.valenciaterraimar.org\/es__evento.html?id=12113&amp;\"><img loading=\"lazy\" decoding=\"async\" class=\"size-full wp-image-487 alignleft\" title=\"Terra\" src=\"http:\/\/belenderoca.com\/wp-content\/uploads\/2012\/08\/www.valenciaterraimar.org_.jpg\" alt=\"\" width=\"400\" height=\"225\" \/><\/a><strong>Valencia Terra i Mar &#8211; Diputaci\u00f3 de Valencia<br \/>\n<\/strong><a href=\"http:\/\/www.valenciaterraimar.org\/es__evento.html?id=12113&amp;\">http:\/\/www.valenciaterraimar.org<\/a><\/div>\n<div class=\"enlace\"><a href=\"http:\/\/www.renfe.com\/GA\/viajeros\/cercanias\/valencia\/catalogo\/Valencia_belen.html\"><img loading=\"lazy\" decoding=\"async\" class=\"size-full wp-image-488 alignleft\" title=\"renfe\" src=\"http:\/\/belenderoca.com\/wp-content\/uploads\/2012\/08\/renfe.jpg\" alt=\"\" width=\"400\" height=\"225\" srcset=\"https:\/\/www.belenderoca.com\/wp-content\/uploads\/2012\/08\/renfe.jpg 400w, https:\/\/www.belenderoca.com\/wp-content\/uploads\/2012\/08\/renfe-150x84.jpg 150w, https:\/\/www.belenderoca.com\/wp-content\/uploads\/2012\/08\/renfe-350x196.jpg 350w\" sizes=\"auto, (max-width: 400px) 100vw, 400px\" \/><\/a><strong>Renfe Cercanias<\/strong><br \/>\n<a href=\"http:\/\/www.renfe.com\/GA\/viajeros\/cercanias\/valencia\/catalogo\/Valencia_belen.html\">http:\/\/www.renfe.com\/..\/belen<\/a><\/div>\n<div class=\"enlace\"><a href=\"http:\/\/www.lasprovincias.es\/v\/20101204\/comunitat\/belen-espectacular-20101204.html\"><img loading=\"lazy\" decoding=\"async\" class=\"alignleft size-full wp-image-491\" title=\"lasprovincias\" src=\"http:\/\/belenderoca.com\/wp-content\/uploads\/2012\/08\/lasprovincias.jpg\" alt=\"\" width=\"400\" height=\"225\" srcset=\"https:\/\/www.belenderoca.com\/wp-content\/uploads\/2012\/08\/lasprovincias.jpg 400w, https:\/\/www.belenderoca.com\/wp-content\/uploads\/2012\/08\/lasprovincias-150x84.jpg 150w, https:\/\/www.belenderoca.com\/wp-content\/uploads\/2012\/08\/lasprovincias-350x196.jpg 350w\" sizes=\"auto, (max-width: 400px) 100vw, 400px\" \/><\/a><strong>Las provincias<\/strong><br \/>\n<a href=\"http:\/\/www.lasprovincias.es\/v\/20101204\/comunitat\/belen-espectacular-20101204.html\">http:\/\/www.lasprovincias.es\/&#8230;\/belen-espectacular<\/a><\/div>\n<div class=\"enlace\"><a href=\"http:\/\/es.wikipedia.org\/wiki\/Roca-C%C3%BAiper\"><img loading=\"lazy\" decoding=\"async\" class=\"alignleft size-full wp-image-492\" title=\"wikipedia\" src=\"http:\/\/belenderoca.com\/wp-content\/uploads\/2012\/08\/wikipedia.jpg\" alt=\"\" width=\"400\" height=\"225\" srcset=\"https:\/\/www.belenderoca.com\/wp-content\/uploads\/2012\/08\/wikipedia.jpg 400w, https:\/\/www.belenderoca.com\/wp-content\/uploads\/2012\/08\/wikipedia-150x84.jpg 150w, https:\/\/www.belenderoca.com\/wp-content\/uploads\/2012\/08\/wikipedia-350x196.jpg 350w\" sizes=\"auto, (max-width: 400px) 100vw, 400px\" \/><\/a><strong>Wikipedia<\/strong><br \/>\n<a href=\"http:\/\/es.wikipedia.org\/wiki\/Roca-C%C3%BAiper\">http:\/\/wikipedia.org\/Roca-Cuiper<\/a><\/div>\n<div class=\"enlace\"><a href=\"http:\/\/es.globedia.com\/belen-roca-cuper-2012-meliana\"><img loading=\"lazy\" decoding=\"async\" class=\"alignleft size-full wp-image-500\" title=\"globedia\" src=\"http:\/\/belenderoca.com\/wp-content\/uploads\/2012\/08\/globedia.jpg\" alt=\"\" width=\"400\" height=\"225\" srcset=\"https:\/\/www.belenderoca.com\/wp-content\/uploads\/2012\/08\/globedia.jpg 400w, https:\/\/www.belenderoca.com\/wp-content\/uploads\/2012\/08\/globedia-150x84.jpg 150w, https:\/\/www.belenderoca.com\/wp-content\/uploads\/2012\/08\/globedia-350x196.jpg 350w\" sizes=\"auto, (max-width: 400px) 100vw, 400px\" \/><\/a><strong>Globopedia<\/strong><br \/>\n<a href=\"http:\/\/es.globedia.com\/belen-roca-cuper-2012-meliana\">http:\/\/es.globedia.com\/belen-roca<\/a><\/div>\n<div class=\"enlace\"><a href=\"http:\/\/www.rodalabola.com\/index.php?option=com_content&amp;view=article&amp;id=884:vuelve-el-belen-del-barrio-roca&amp;catid=56:para-no-perderselo&amp;Itemid=74\"><img loading=\"lazy\" decoding=\"async\" class=\"alignleft size-full wp-image-502\" title=\"rodalabola\" src=\"http:\/\/belenderoca.com\/wp-content\/uploads\/2012\/08\/rodalabola.jpg\" alt=\"\" width=\"400\" height=\"225\" srcset=\"https:\/\/www.belenderoca.com\/wp-content\/uploads\/2012\/08\/rodalabola.jpg 400w, https:\/\/www.belenderoca.com\/wp-content\/uploads\/2012\/08\/rodalabola-150x84.jpg 150w, https:\/\/www.belenderoca.com\/wp-content\/uploads\/2012\/08\/rodalabola-350x196.jpg 350w\" sizes=\"auto, (max-width: 400px) 100vw, 400px\" \/><\/a><strong>RodalaBola<\/strong><br \/>\n<a href=\"http:\/\/www.rodalabola.com\/index.php?option=com_content&amp;view=article&amp;id=884:vuelve-el-belen-del-barrio-roca&amp;catid=56:para-no-perderselo&amp;Itemid=74\">http:\/\/www.rodalabola.com\/<\/a><\/div>\n<div class=\"enlace\"><a href=\"http:\/\/blogs.periodistadigital.com\/encristiano.php\/2006\/12\/01\/p59428\"><img loading=\"lazy\" decoding=\"async\" class=\"alignleft size-full wp-image-499\" title=\"encristiano\" src=\"http:\/\/belenderoca.com\/wp-content\/uploads\/2012\/08\/encristiano.jpg\" alt=\"\" width=\"400\" height=\"225\" srcset=\"https:\/\/www.belenderoca.com\/wp-content\/uploads\/2012\/08\/encristiano.jpg 400w, https:\/\/www.belenderoca.com\/wp-content\/uploads\/2012\/08\/encristiano-150x84.jpg 150w, https:\/\/www.belenderoca.com\/wp-content\/uploads\/2012\/08\/encristiano-350x196.jpg 350w\" sizes=\"auto, (max-width: 400px) 100vw, 400px\" \/><\/a><strong>Periodista Digital : En cristiano<\/strong><br \/>\n<a href=\"http:\/\/blogs.periodistadigital.com\/encristiano.php\/2006\/12\/01\/p59428\">http:\/\/blogs.periodistadigital.com\/<\/a><a href=\"http:\/\/blogs.periodistadigital.com\/encristiano.php\/2006\/12\/01\/p59428\"><br \/>\n<\/a><\/div>\n<div class=\"enlace\"><img loading=\"lazy\" decoding=\"async\" class=\"alignleft size-full wp-image-497\" title=\"\" src=\"http:\/\/belenderoca.com\/wp-content\/uploads\/2012\/08\/reporterasdeguardia.jpg\" alt=\"\" width=\"400\" height=\"225\" \/><strong>Reporteras de guardia<\/strong><br \/>\n<a href=\"http:\/\/www.reporterasdeguardia.com\/margarita-morales\/37-sociedad\/604-melchor-almela-pone-arte-talento-y-amor-al-belen-roca.html\">reporterasdeguardia.com<\/a><\/div>\n<div class=\"enlace\"><img loading=\"lazy\" decoding=\"async\" class=\"alignleft size-full wp-image-497\" title=\"\" src=\"http:\/\/belenderoca.com\/wp-content\/uploads\/2012\/08\/que.jpg\" alt=\"\" width=\"400\" height=\"225\" \/><strong>Que!<\/strong><br \/>\n<a href=\"http:\/\/www.que.es\/ultimas-noticias\/espana\/videos\/belen-elaborado-detalle-951.html\">http:\/\/www.que.es\/videos\/belen-elaborado-detalle-951.html<\/a><\/div>\n<div class=\"enlace\"><a href=\"http:\/\/www.deceroadoce.es\/ver\/2012\/Visita-el-bel%C3%A9n-de-Roca-Cuiper.html\"><img loading=\"lazy\" decoding=\"async\" class=\"alignleft size-full wp-image-498\" title=\"deceroadoce\" src=\"http:\/\/belenderoca.com\/wp-content\/uploads\/2012\/08\/deceroadoce.jpg\" alt=\"\" width=\"400\" height=\"225\" srcset=\"https:\/\/www.belenderoca.com\/wp-content\/uploads\/2012\/08\/deceroadoce.jpg 400w, https:\/\/www.belenderoca.com\/wp-content\/uploads\/2012\/08\/deceroadoce-150x84.jpg 150w, https:\/\/www.belenderoca.com\/wp-content\/uploads\/2012\/08\/deceroadoce-350x196.jpg 350w\" sizes=\"auto, (max-width: 400px) 100vw, 400px\" \/><\/a><strong>DeceroaDoce<\/strong><br \/>\n<a href=\"http:\/\/www.deceroadoce.es\/ver\/2012\/Visita-el-bel%C3%A9n-de-Roca-Cuiper.html\">http:\/\/www.deceroadoce.es\/<\/a><\/div>\n<div class=\"enlace\"><a href=\"http:\/\/lansbury.blogspot.com.es\/2011\/01\/el-belen-de-roca.html\"><img loading=\"lazy\" decoding=\"async\" class=\"alignleft size-full wp-image-501\" title=\"lansbury.blogspot.com.es\" src=\"http:\/\/belenderoca.com\/wp-content\/uploads\/2012\/08\/lansbury.blogspot.com_.es_.jpg\" alt=\"\" width=\"400\" height=\"225\" srcset=\"https:\/\/www.belenderoca.com\/wp-content\/uploads\/2012\/08\/lansbury.blogspot.com_.es_.jpg 400w, https:\/\/www.belenderoca.com\/wp-content\/uploads\/2012\/08\/lansbury.blogspot.com_.es_-150x84.jpg 150w, https:\/\/www.belenderoca.com\/wp-content\/uploads\/2012\/08\/lansbury.blogspot.com_.es_-350x196.jpg 350w\" sizes=\"auto, (max-width: 400px) 100vw, 400px\" \/><\/a><strong>LANSBURY BLOGSPOT<\/strong><br \/>\n<a href=\"http:\/\/lansbury.blogspot.com.es\/2011\/01\/el-belen-de-roca.html\">http:\/\/lansbury.blogspot.com.es\/<\/a><a href=\"http:\/\/lansbury.blogspot.com.es\/2011\/01\/el-belen-de-roca.html\"><br \/>\n<\/a><\/div>\n<div class=\"enlace\"><img loading=\"lazy\" decoding=\"async\" class=\"alignleft size-full wp-image-497\" title=\"construyendo-barcos.blogspot.com.es\" src=\"http:\/\/belenderoca.com\/wp-content\/uploads\/2012\/08\/construyendo-barcos.blogspot.com_.es_.jpg\" alt=\"\" width=\"400\" height=\"225\" srcset=\"https:\/\/www.belenderoca.com\/wp-content\/uploads\/2012\/08\/construyendo-barcos.blogspot.com_.es_.jpg 400w, https:\/\/www.belenderoca.com\/wp-content\/uploads\/2012\/08\/construyendo-barcos.blogspot.com_.es_-150x84.jpg 150w, https:\/\/www.belenderoca.com\/wp-content\/uploads\/2012\/08\/construyendo-barcos.blogspot.com_.es_-350x196.jpg 350w\" sizes=\"auto, (max-width: 400px) 100vw, 400px\" \/><strong>CONSTRUYENDO BARCOS<\/strong><br \/>\n<a href=\"http:\/\/construyendo-barcos.blogspot.com.es\/2011\/11\/belen-de-roca.html\">http:\/\/construyendo-barcos.blogspot.com.es<\/a><\/div>\n<p><!--:--><\/p>\n","protected":false},"excerpt":{"rendered":"<p>En aquesta p\u00e0gina hem reunit enlla\u00e7os a altres p\u00e0gines web (tant privades com institucionals) que fan refer\u00e8ncia al Betlem de Roca. Ayuntamiento de Valencia http:\/\/www.valencia.es\/ Portal<span class=\"excerpt-hellip\"> [\u2026]<\/span><\/p>\n","protected":false},"author":1,"featured_media":0,"parent":0,"menu_order":0,"comment_status":"closed","ping_status":"closed","template":"","meta":{"footnotes":""},"class_list":["post-74364","page","type-page","status-publish","hentry"],"yoast_head":"<!-- This site is optimized with the Yoast SEO plugin v26.4 - https:\/\/yoast.com\/wordpress\/plugins\/seo\/ -->\n<title>El Betlem aL web - El Bel\u00e9n de Roca, Meliana, Valencia<\/title>\n<meta name=\"description\" content=\"El Betlem aL web . El Bel\u00e9n de Roca, Meliana, Valencia. Bel\u00e9n de Navidad con m\u00e1s piezas de Espa\u00f1a.\" \/>\n<meta name=\"robots\" content=\"index, follow, max-snippet:-1, max-image-preview:large, max-video-preview:-1\" \/>\n<link rel=\"canonical\" href=\"https:\/\/www.belenderoca.com\/ca\/el-belen-en-la-web\/\" \/>\n<meta property=\"og:locale\" content=\"ca_ES\" \/>\n<meta property=\"og:type\" content=\"article\" \/>\n<meta property=\"og:title\" content=\"El Betlem aL web - El Bel\u00e9n de Roca, Meliana, Valencia\" \/>\n<meta property=\"og:description\" content=\"El Betlem aL web . El Bel\u00e9n de Roca, Meliana, Valencia. Bel\u00e9n de Navidad con m\u00e1s piezas de Espa\u00f1a.\" \/>\n<meta property=\"og:url\" content=\"https:\/\/www.belenderoca.com\/ca\/el-belen-en-la-web\/\" \/>\n<meta property=\"og:site_name\" content=\"El Bel\u00e9n de Roca, Meliana, Valencia\" \/>\n<meta property=\"article:publisher\" content=\"https:\/\/www.facebook.com\/belenderoca\" \/>\n<meta property=\"article:modified_time\" content=\"2022-12-27T17:29:00+00:00\" \/>\n<meta property=\"og:image\" content=\"http:\/\/belenderoca.com\/wp-content\/uploads\/2012\/08\/ayuntamientodevalencia.jpg\" \/>\n<meta name=\"twitter:card\" content=\"summary_large_image\" \/>\n<meta name=\"twitter:label1\" content=\"Temps estimat de lectura\" \/>\n\t<meta name=\"twitter:data1\" content=\"4 minuts\" \/>\n<script type=\"application\/ld+json\" class=\"yoast-schema-graph\">{\"@context\":\"https:\/\/schema.org\",\"@graph\":[{\"@type\":\"WebPage\",\"@id\":\"https:\/\/www.belenderoca.com\/ca\/el-belen-en-la-web\/\",\"url\":\"https:\/\/www.belenderoca.com\/ca\/el-belen-en-la-web\/\",\"name\":\"El Betlem aL web - El Bel\u00e9n de Roca, Meliana, Valencia\",\"isPartOf\":{\"@id\":\"https:\/\/www.belenderoca.com\/ca\/#website\"},\"primaryImageOfPage\":{\"@id\":\"https:\/\/www.belenderoca.com\/ca\/el-belen-en-la-web\/#primaryimage\"},\"image\":{\"@id\":\"https:\/\/www.belenderoca.com\/ca\/el-belen-en-la-web\/#primaryimage\"},\"thumbnailUrl\":\"http:\/\/belenderoca.com\/wp-content\/uploads\/2012\/08\/ayuntamientodevalencia.jpg\",\"datePublished\":\"2012-08-02T13:53:20+00:00\",\"dateModified\":\"2022-12-27T17:29:00+00:00\",\"description\":\"El Betlem aL web . El Bel\u00e9n de Roca, Meliana, Valencia. Bel\u00e9n de Navidad con m\u00e1s piezas de Espa\u00f1a.\",\"inLanguage\":\"ca\",\"potentialAction\":[{\"@type\":\"ReadAction\",\"target\":[\"https:\/\/www.belenderoca.com\/ca\/el-belen-en-la-web\/\"]}]},{\"@type\":\"ImageObject\",\"inLanguage\":\"ca\",\"@id\":\"https:\/\/www.belenderoca.com\/ca\/el-belen-en-la-web\/#primaryimage\",\"url\":\"http:\/\/belenderoca.com\/wp-content\/uploads\/2012\/08\/ayuntamientodevalencia.jpg\",\"contentUrl\":\"http:\/\/belenderoca.com\/wp-content\/uploads\/2012\/08\/ayuntamientodevalencia.jpg\"},{\"@type\":\"WebSite\",\"@id\":\"https:\/\/www.belenderoca.com\/ca\/#website\",\"url\":\"https:\/\/www.belenderoca.com\/ca\/\",\"name\":\"El Bel\u00e9n de Roca, Meliana, Valencia\",\"description\":\"\",\"publisher\":{\"@id\":\"https:\/\/www.belenderoca.com\/ca\/#organization\"},\"potentialAction\":[{\"@type\":\"SearchAction\",\"target\":{\"@type\":\"EntryPoint\",\"urlTemplate\":\"https:\/\/www.belenderoca.com\/ca\/?s={search_term_string}\"},\"query-input\":{\"@type\":\"PropertyValueSpecification\",\"valueRequired\":true,\"valueName\":\"search_term_string\"}}],\"inLanguage\":\"ca\"},{\"@type\":\"Organization\",\"@id\":\"https:\/\/www.belenderoca.com\/ca\/#organization\",\"name\":\"El Bel\u00e9n de Roca, Meliana, Valencia\",\"url\":\"https:\/\/www.belenderoca.com\/ca\/\",\"logo\":{\"@type\":\"ImageObject\",\"inLanguage\":\"ca\",\"@id\":\"https:\/\/www.belenderoca.com\/ca\/#\/schema\/logo\/image\/\",\"url\":\"https:\/\/www.belenderoca.com\/wp-content\/uploads\/2022\/12\/favicon-el-belen-de-roca.jpg\",\"contentUrl\":\"https:\/\/www.belenderoca.com\/wp-content\/uploads\/2022\/12\/favicon-el-belen-de-roca.jpg\",\"width\":250,\"height\":250,\"caption\":\"El Bel\u00e9n de Roca, Meliana, Valencia\"},\"image\":{\"@id\":\"https:\/\/www.belenderoca.com\/ca\/#\/schema\/logo\/image\/\"},\"sameAs\":[\"https:\/\/www.facebook.com\/belenderoca\"]}]}<\/script>\n<!-- \/ Yoast SEO plugin. -->","yoast_head_json":{"title":"El Betlem aL web - El Bel\u00e9n de Roca, Meliana, Valencia","description":"El Betlem aL web . El Bel\u00e9n de Roca, Meliana, Valencia. Bel\u00e9n de Navidad con m\u00e1s piezas de Espa\u00f1a.","robots":{"index":"index","follow":"follow","max-snippet":"max-snippet:-1","max-image-preview":"max-image-preview:large","max-video-preview":"max-video-preview:-1"},"canonical":"https:\/\/www.belenderoca.com\/ca\/el-belen-en-la-web\/","og_locale":"ca_ES","og_type":"article","og_title":"El Betlem aL web - El Bel\u00e9n de Roca, Meliana, Valencia","og_description":"El Betlem aL web . El Bel\u00e9n de Roca, Meliana, Valencia. Bel\u00e9n de Navidad con m\u00e1s piezas de Espa\u00f1a.","og_url":"https:\/\/www.belenderoca.com\/ca\/el-belen-en-la-web\/","og_site_name":"El Bel\u00e9n de Roca, Meliana, Valencia","article_publisher":"https:\/\/www.facebook.com\/belenderoca","article_modified_time":"2022-12-27T17:29:00+00:00","og_image":[{"url":"http:\/\/belenderoca.com\/wp-content\/uploads\/2012\/08\/ayuntamientodevalencia.jpg","type":"","width":"","height":""}],"twitter_card":"summary_large_image","twitter_misc":{"Temps estimat de lectura":"4 minuts"},"schema":{"@context":"https:\/\/schema.org","@graph":[{"@type":"WebPage","@id":"https:\/\/www.belenderoca.com\/ca\/el-belen-en-la-web\/","url":"https:\/\/www.belenderoca.com\/ca\/el-belen-en-la-web\/","name":"El Betlem aL web - El Bel\u00e9n de Roca, Meliana, Valencia","isPartOf":{"@id":"https:\/\/www.belenderoca.com\/ca\/#website"},"primaryImageOfPage":{"@id":"https:\/\/www.belenderoca.com\/ca\/el-belen-en-la-web\/#primaryimage"},"image":{"@id":"https:\/\/www.belenderoca.com\/ca\/el-belen-en-la-web\/#primaryimage"},"thumbnailUrl":"http:\/\/belenderoca.com\/wp-content\/uploads\/2012\/08\/ayuntamientodevalencia.jpg","datePublished":"2012-08-02T13:53:20+00:00","dateModified":"2022-12-27T17:29:00+00:00","description":"El Betlem aL web . El Bel\u00e9n de Roca, Meliana, Valencia. Bel\u00e9n de Navidad con m\u00e1s piezas de Espa\u00f1a.","inLanguage":"ca","potentialAction":[{"@type":"ReadAction","target":["https:\/\/www.belenderoca.com\/ca\/el-belen-en-la-web\/"]}]},{"@type":"ImageObject","inLanguage":"ca","@id":"https:\/\/www.belenderoca.com\/ca\/el-belen-en-la-web\/#primaryimage","url":"http:\/\/belenderoca.com\/wp-content\/uploads\/2012\/08\/ayuntamientodevalencia.jpg","contentUrl":"http:\/\/belenderoca.com\/wp-content\/uploads\/2012\/08\/ayuntamientodevalencia.jpg"},{"@type":"WebSite","@id":"https:\/\/www.belenderoca.com\/ca\/#website","url":"https:\/\/www.belenderoca.com\/ca\/","name":"El Bel\u00e9n de Roca, Meliana, Valencia","description":"","publisher":{"@id":"https:\/\/www.belenderoca.com\/ca\/#organization"},"potentialAction":[{"@type":"SearchAction","target":{"@type":"EntryPoint","urlTemplate":"https:\/\/www.belenderoca.com\/ca\/?s={search_term_string}"},"query-input":{"@type":"PropertyValueSpecification","valueRequired":true,"valueName":"search_term_string"}}],"inLanguage":"ca"},{"@type":"Organization","@id":"https:\/\/www.belenderoca.com\/ca\/#organization","name":"El Bel\u00e9n de Roca, Meliana, Valencia","url":"https:\/\/www.belenderoca.com\/ca\/","logo":{"@type":"ImageObject","inLanguage":"ca","@id":"https:\/\/www.belenderoca.com\/ca\/#\/schema\/logo\/image\/","url":"https:\/\/www.belenderoca.com\/wp-content\/uploads\/2022\/12\/favicon-el-belen-de-roca.jpg","contentUrl":"https:\/\/www.belenderoca.com\/wp-content\/uploads\/2022\/12\/favicon-el-belen-de-roca.jpg","width":250,"height":250,"caption":"El Bel\u00e9n de Roca, Meliana, Valencia"},"image":{"@id":"https:\/\/www.belenderoca.com\/ca\/#\/schema\/logo\/image\/"},"sameAs":["https:\/\/www.facebook.com\/belenderoca"]}]}},"_links":{"self":[{"href":"https:\/\/www.belenderoca.com\/ca\/wp-json\/wp\/v2\/pages\/74364","targetHints":{"allow":["GET"]}}],"collection":[{"href":"https:\/\/www.belenderoca.com\/ca\/wp-json\/wp\/v2\/pages"}],"about":[{"href":"https:\/\/www.belenderoca.com\/ca\/wp-json\/wp\/v2\/types\/page"}],"author":[{"embeddable":true,"href":"https:\/\/www.belenderoca.com\/ca\/wp-json\/wp\/v2\/users\/1"}],"replies":[{"embeddable":true,"href":"https:\/\/www.belenderoca.com\/ca\/wp-json\/wp\/v2\/comments?post=74364"}],"version-history":[{"count":2,"href":"https:\/\/www.belenderoca.com\/ca\/wp-json\/wp\/v2\/pages\/74364\/revisions"}],"predecessor-version":[{"id":74565,"href":"https:\/\/www.belenderoca.com\/ca\/wp-json\/wp\/v2\/pages\/74364\/revisions\/74565"}],"wp:attachment":[{"href":"https:\/\/www.belenderoca.com\/ca\/wp-json\/wp\/v2\/media?parent=74364"}],"curies":[{"name":"wp","href":"https:\/\/api.w.org\/{rel}","templated":true}]}}