{"id":74332,"date":"2012-03-18T17:13:54","date_gmt":"2012-03-18T16:13:54","guid":{"rendered":"https:\/\/belenderoca.com\/enlaces\/"},"modified":"2022-12-27T18:29:14","modified_gmt":"2022-12-27T17:29:14","slug":"enlaces","status":"publish","type":"page","link":"https:\/\/www.belenderoca.com\/ca\/enlaces\/","title":{"rendered":"Enlla\u00e7os"},"content":{"rendered":"<div class=\"enlace\"><a href=\"http:\/\/abvalencia.es\/\"><img loading=\"lazy\" decoding=\"async\" class=\"alignleft wp-image-311\" title=\"Asociaci\u00f3n de Belenistas de valencia\" src=\"http:\/\/belenderoca.com\/wp-content\/uploads\/2012\/03\/13.jpg\" alt=\"\" width=\"400\" height=\"225\" srcset=\"https:\/\/www.belenderoca.com\/wp-content\/uploads\/2012\/03\/13.jpg 500w, https:\/\/www.belenderoca.com\/wp-content\/uploads\/2012\/03\/13-150x84.jpg 150w, https:\/\/www.belenderoca.com\/wp-content\/uploads\/2012\/03\/13-350x196.jpg 350w\" sizes=\"auto, (max-width: 400px) 100vw, 400px\" \/><\/a><strong>Associaci\u00f3 de Pessebristes de Val\u00e8ncia<\/strong><a href=\"http:\/\/abvalencia.es\/\">http:\/\/abvalencia.es<\/a><\/p>\n<p>Informaci\u00f3 de l&#8217;Associaci\u00f3, not\u00edcies, activitats i fotografies. Un lloc de refer\u00e8ncia per al pessebrisme valenci\u00e0.<\/p>\n<\/div>\n<div class=\"enlace\">\n<p><a href=\"http:\/\/www.belenistas.es\/\"><img loading=\"lazy\" decoding=\"async\" class=\"alignleft wp-image-312\" title=\"Federaci\u00f3n Espa\u00f1ola de Belenistas\" src=\"http:\/\/belenderoca.com\/wp-content\/uploads\/2012\/07\/2.jpg\" alt=\"\" width=\"400\" height=\"225\" \/><\/a><strong>Federaci\u00f3 Espanyola de Betlemistes<\/strong><\/p>\n<p><a href=\"http:\/\/www.belenistas.es\/\">http:\/\/www.belenistas.es\/<\/a><\/p>\n<p>Extensa i actualitzada informaci\u00f3 sobre congressos, confer\u00e8ncies, cursos, publicacions, concursos, trofeus, aix\u00ed com diferents actes durant tot l&#8217;any en relaci\u00f3 amb el m\u00f3n del pessebre.<\/p>\n<\/div>\n<div class=\"enlace\">\n<p><a href=\"http:\/\/www.belenismo.net\/\"><img loading=\"lazy\" decoding=\"async\" class=\"alignleft wp-image-313\" title=\"Belenismo.net\" src=\"http:\/\/belenderoca.com\/wp-content\/uploads\/2012\/07\/3.jpg\" alt=\"\" width=\"400\" height=\"225\" \/><\/a><strong>Belenismo.net<\/strong><\/p>\n<p><a href=\"http:\/\/www.belenismo.net\/\">http:\/\/www.belenismo.net\/<\/a><\/p>\n<p>F\u00f2rum per tractar temes relacionats amb la la tradici\u00f3 de construir pessebres, t\u00e8cniques de muntatge, figures i associacions pessebristes<\/p>\n<\/div>\n<div class=\"enlace\">\n<p><a href=\"http:\/\/baladre.net\/\/\"><img loading=\"lazy\" decoding=\"async\" class=\"alignleft wp-image-313\" title=\"Baladre.net\" src=\"http:\/\/belenderoca.com\/wp-content\/uploads\/2012\/09\/6.jpg\" alt=\"\" width=\"400\" height=\"225\" \/><\/a><strong>http:\/\/baladre.net\/<\/strong><\/p>\n<p><a href=\"http:\/\/baladre.net\/\">http:\/\/baladre.net\/<\/a><\/p>\n<\/div>\n<div class=\"enlace\">\n<p><a href=\"http:\/\/estudipuchades.com\/\"><img loading=\"lazy\" decoding=\"async\" class=\"alignleft wp-image-313\" title=\"Estudi Puchades\" src=\"http:\/\/belenderoca.com\/wp-content\/uploads\/2012\/09\/4.jpg\" alt=\"\" width=\"400\" height=\"225\" \/><\/a><strong>Estudi Puchades<\/strong><\/p>\n<p><a href=\"http:\/\/estudipuchades.com\/\">http:\/\/estudipuchades.com\/<\/a><\/p>\n<p>Estudi de v\u00eddeo i fotograf\u00eda a Meliana.<\/p>\n<\/div>\n<div class=\"enlace\">\n<p><a href=\"http:\/\/www.restaurantcaxoret.com\/\"><img loading=\"lazy\" decoding=\"async\" class=\"alignleft wp-image-313\" title=\"Ca Xoret\" src=\"http:\/\/belenderoca.com\/wp-content\/uploads\/2012\/09\/5.jpg\" alt=\"\" width=\"400\" height=\"225\" \/><\/a><strong>Restaurant Ca Xoret<\/strong><\/p>\n<p><a href=\"http:\/\/www.restaurantcaxoret.com\/\">http:\/\/www.restaurantcaxoret.com\/<\/a><\/p>\n<p>El nostre restaurant de cuina valenciana<\/p>\n<\/div>\n","protected":false},"excerpt":{"rendered":"<p>Associaci\u00f3 de Pessebristes de Val\u00e8nciahttp:\/\/abvalencia.es Informaci\u00f3 de l&#8217;Associaci\u00f3, not\u00edcies, activitats i fotografies. Un lloc de refer\u00e8ncia per al pessebrisme valenci\u00e0. Federaci\u00f3 Espanyola de Betlemistes http:\/\/www.belenistas.es\/ Extensa<span class=\"excerpt-hellip\"> [\u2026]<\/span><\/p>\n","protected":false},"author":1,"featured_media":0,"parent":0,"menu_order":0,"comment_status":"closed","ping_status":"closed","template":"","meta":{"footnotes":""},"class_list":["post-74332","page","type-page","status-publish","hentry"],"yoast_head":"<!-- This site is optimized with the Yoast SEO plugin v26.4 - https:\/\/yoast.com\/wordpress\/plugins\/seo\/ -->\n<title>Enlla\u00e7os - El Bel\u00e9n de Roca, Meliana, Valencia<\/title>\n<meta name=\"description\" content=\"Enlla\u00e7os . El Bel\u00e9n de Roca, Meliana, Valencia. Bel\u00e9n de Navidad con m\u00e1s piezas de Espa\u00f1a.\" \/>\n<meta name=\"robots\" content=\"index, follow, max-snippet:-1, max-image-preview:large, max-video-preview:-1\" \/>\n<link rel=\"canonical\" href=\"https:\/\/www.belenderoca.com\/ca\/enlaces\/\" \/>\n<meta property=\"og:locale\" content=\"ca_ES\" \/>\n<meta property=\"og:type\" content=\"article\" \/>\n<meta property=\"og:title\" content=\"Enlla\u00e7os - El Bel\u00e9n de Roca, Meliana, Valencia\" \/>\n<meta property=\"og:description\" content=\"Enlla\u00e7os . El Bel\u00e9n de Roca, Meliana, Valencia. Bel\u00e9n de Navidad con m\u00e1s piezas de Espa\u00f1a.\" \/>\n<meta property=\"og:url\" content=\"https:\/\/www.belenderoca.com\/ca\/enlaces\/\" \/>\n<meta property=\"og:site_name\" content=\"El Bel\u00e9n de Roca, Meliana, Valencia\" \/>\n<meta property=\"article:publisher\" content=\"https:\/\/www.facebook.com\/belenderoca\" \/>\n<meta property=\"article:modified_time\" content=\"2022-12-27T17:29:14+00:00\" \/>\n<meta property=\"og:image\" content=\"http:\/\/belenderoca.com\/wp-content\/uploads\/2012\/03\/13.jpg\" \/>\n<meta name=\"twitter:card\" content=\"summary_large_image\" \/>\n<meta name=\"twitter:label1\" content=\"Temps estimat de lectura\" \/>\n\t<meta name=\"twitter:data1\" content=\"2 minuts\" \/>\n<script type=\"application\/ld+json\" class=\"yoast-schema-graph\">{\"@context\":\"https:\/\/schema.org\",\"@graph\":[{\"@type\":\"WebPage\",\"@id\":\"https:\/\/www.belenderoca.com\/ca\/enlaces\/\",\"url\":\"https:\/\/www.belenderoca.com\/ca\/enlaces\/\",\"name\":\"Enlla\u00e7os - El Bel\u00e9n de Roca, Meliana, Valencia\",\"isPartOf\":{\"@id\":\"https:\/\/www.belenderoca.com\/ca\/#website\"},\"primaryImageOfPage\":{\"@id\":\"https:\/\/www.belenderoca.com\/ca\/enlaces\/#primaryimage\"},\"image\":{\"@id\":\"https:\/\/www.belenderoca.com\/ca\/enlaces\/#primaryimage\"},\"thumbnailUrl\":\"http:\/\/belenderoca.com\/wp-content\/uploads\/2012\/03\/13.jpg\",\"datePublished\":\"2012-03-18T16:13:54+00:00\",\"dateModified\":\"2022-12-27T17:29:14+00:00\",\"description\":\"Enlla\u00e7os . El Bel\u00e9n de Roca, Meliana, Valencia. Bel\u00e9n de Navidad con m\u00e1s piezas de Espa\u00f1a.\",\"inLanguage\":\"ca\",\"potentialAction\":[{\"@type\":\"ReadAction\",\"target\":[\"https:\/\/www.belenderoca.com\/ca\/enlaces\/\"]}]},{\"@type\":\"ImageObject\",\"inLanguage\":\"ca\",\"@id\":\"https:\/\/www.belenderoca.com\/ca\/enlaces\/#primaryimage\",\"url\":\"http:\/\/belenderoca.com\/wp-content\/uploads\/2012\/03\/13.jpg\",\"contentUrl\":\"http:\/\/belenderoca.com\/wp-content\/uploads\/2012\/03\/13.jpg\"},{\"@type\":\"WebSite\",\"@id\":\"https:\/\/www.belenderoca.com\/ca\/#website\",\"url\":\"https:\/\/www.belenderoca.com\/ca\/\",\"name\":\"El Bel\u00e9n de Roca, Meliana, Valencia\",\"description\":\"\",\"publisher\":{\"@id\":\"https:\/\/www.belenderoca.com\/ca\/#organization\"},\"potentialAction\":[{\"@type\":\"SearchAction\",\"target\":{\"@type\":\"EntryPoint\",\"urlTemplate\":\"https:\/\/www.belenderoca.com\/ca\/?s={search_term_string}\"},\"query-input\":{\"@type\":\"PropertyValueSpecification\",\"valueRequired\":true,\"valueName\":\"search_term_string\"}}],\"inLanguage\":\"ca\"},{\"@type\":\"Organization\",\"@id\":\"https:\/\/www.belenderoca.com\/ca\/#organization\",\"name\":\"El Bel\u00e9n de Roca, Meliana, Valencia\",\"url\":\"https:\/\/www.belenderoca.com\/ca\/\",\"logo\":{\"@type\":\"ImageObject\",\"inLanguage\":\"ca\",\"@id\":\"https:\/\/www.belenderoca.com\/ca\/#\/schema\/logo\/image\/\",\"url\":\"https:\/\/www.belenderoca.com\/wp-content\/uploads\/2022\/12\/favicon-el-belen-de-roca.jpg\",\"contentUrl\":\"https:\/\/www.belenderoca.com\/wp-content\/uploads\/2022\/12\/favicon-el-belen-de-roca.jpg\",\"width\":250,\"height\":250,\"caption\":\"El Bel\u00e9n de Roca, Meliana, Valencia\"},\"image\":{\"@id\":\"https:\/\/www.belenderoca.com\/ca\/#\/schema\/logo\/image\/\"},\"sameAs\":[\"https:\/\/www.facebook.com\/belenderoca\"]}]}<\/script>\n<!-- \/ Yoast SEO plugin. -->","yoast_head_json":{"title":"Enlla\u00e7os - El Bel\u00e9n de Roca, Meliana, Valencia","description":"Enlla\u00e7os . El Bel\u00e9n de Roca, Meliana, Valencia. Bel\u00e9n de Navidad con m\u00e1s piezas de Espa\u00f1a.","robots":{"index":"index","follow":"follow","max-snippet":"max-snippet:-1","max-image-preview":"max-image-preview:large","max-video-preview":"max-video-preview:-1"},"canonical":"https:\/\/www.belenderoca.com\/ca\/enlaces\/","og_locale":"ca_ES","og_type":"article","og_title":"Enlla\u00e7os - El Bel\u00e9n de Roca, Meliana, Valencia","og_description":"Enlla\u00e7os . El Bel\u00e9n de Roca, Meliana, Valencia. Bel\u00e9n de Navidad con m\u00e1s piezas de Espa\u00f1a.","og_url":"https:\/\/www.belenderoca.com\/ca\/enlaces\/","og_site_name":"El Bel\u00e9n de Roca, Meliana, Valencia","article_publisher":"https:\/\/www.facebook.com\/belenderoca","article_modified_time":"2022-12-27T17:29:14+00:00","og_image":[{"url":"http:\/\/belenderoca.com\/wp-content\/uploads\/2012\/03\/13.jpg","type":"","width":"","height":""}],"twitter_card":"summary_large_image","twitter_misc":{"Temps estimat de lectura":"2 minuts"},"schema":{"@context":"https:\/\/schema.org","@graph":[{"@type":"WebPage","@id":"https:\/\/www.belenderoca.com\/ca\/enlaces\/","url":"https:\/\/www.belenderoca.com\/ca\/enlaces\/","name":"Enlla\u00e7os - El Bel\u00e9n de Roca, Meliana, Valencia","isPartOf":{"@id":"https:\/\/www.belenderoca.com\/ca\/#website"},"primaryImageOfPage":{"@id":"https:\/\/www.belenderoca.com\/ca\/enlaces\/#primaryimage"},"image":{"@id":"https:\/\/www.belenderoca.com\/ca\/enlaces\/#primaryimage"},"thumbnailUrl":"http:\/\/belenderoca.com\/wp-content\/uploads\/2012\/03\/13.jpg","datePublished":"2012-03-18T16:13:54+00:00","dateModified":"2022-12-27T17:29:14+00:00","description":"Enlla\u00e7os . El Bel\u00e9n de Roca, Meliana, Valencia. Bel\u00e9n de Navidad con m\u00e1s piezas de Espa\u00f1a.","inLanguage":"ca","potentialAction":[{"@type":"ReadAction","target":["https:\/\/www.belenderoca.com\/ca\/enlaces\/"]}]},{"@type":"ImageObject","inLanguage":"ca","@id":"https:\/\/www.belenderoca.com\/ca\/enlaces\/#primaryimage","url":"http:\/\/belenderoca.com\/wp-content\/uploads\/2012\/03\/13.jpg","contentUrl":"http:\/\/belenderoca.com\/wp-content\/uploads\/2012\/03\/13.jpg"},{"@type":"WebSite","@id":"https:\/\/www.belenderoca.com\/ca\/#website","url":"https:\/\/www.belenderoca.com\/ca\/","name":"El Bel\u00e9n de Roca, Meliana, Valencia","description":"","publisher":{"@id":"https:\/\/www.belenderoca.com\/ca\/#organization"},"potentialAction":[{"@type":"SearchAction","target":{"@type":"EntryPoint","urlTemplate":"https:\/\/www.belenderoca.com\/ca\/?s={search_term_string}"},"query-input":{"@type":"PropertyValueSpecification","valueRequired":true,"valueName":"search_term_string"}}],"inLanguage":"ca"},{"@type":"Organization","@id":"https:\/\/www.belenderoca.com\/ca\/#organization","name":"El Bel\u00e9n de Roca, Meliana, Valencia","url":"https:\/\/www.belenderoca.com\/ca\/","logo":{"@type":"ImageObject","inLanguage":"ca","@id":"https:\/\/www.belenderoca.com\/ca\/#\/schema\/logo\/image\/","url":"https:\/\/www.belenderoca.com\/wp-content\/uploads\/2022\/12\/favicon-el-belen-de-roca.jpg","contentUrl":"https:\/\/www.belenderoca.com\/wp-content\/uploads\/2022\/12\/favicon-el-belen-de-roca.jpg","width":250,"height":250,"caption":"El Bel\u00e9n de Roca, Meliana, Valencia"},"image":{"@id":"https:\/\/www.belenderoca.com\/ca\/#\/schema\/logo\/image\/"},"sameAs":["https:\/\/www.facebook.com\/belenderoca"]}]}},"_links":{"self":[{"href":"https:\/\/www.belenderoca.com\/ca\/wp-json\/wp\/v2\/pages\/74332","targetHints":{"allow":["GET"]}}],"collection":[{"href":"https:\/\/www.belenderoca.com\/ca\/wp-json\/wp\/v2\/pages"}],"about":[{"href":"https:\/\/www.belenderoca.com\/ca\/wp-json\/wp\/v2\/types\/page"}],"author":[{"embeddable":true,"href":"https:\/\/www.belenderoca.com\/ca\/wp-json\/wp\/v2\/users\/1"}],"replies":[{"embeddable":true,"href":"https:\/\/www.belenderoca.com\/ca\/wp-json\/wp\/v2\/comments?post=74332"}],"version-history":[{"count":2,"href":"https:\/\/www.belenderoca.com\/ca\/wp-json\/wp\/v2\/pages\/74332\/revisions"}],"predecessor-version":[{"id":74566,"href":"https:\/\/www.belenderoca.com\/ca\/wp-json\/wp\/v2\/pages\/74332\/revisions\/74566"}],"wp:attachment":[{"href":"https:\/\/www.belenderoca.com\/ca\/wp-json\/wp\/v2\/media?parent=74332"}],"curies":[{"name":"wp","href":"https:\/\/api.w.org\/{rel}","templated":true}]}}