{"id":74330,"date":"2012-03-19T16:50:36","date_gmt":"2012-03-19T15:50:36","guid":{"rendered":"https:\/\/belenderoca.com\/historia\/"},"modified":"2022-12-27T18:29:25","modified_gmt":"2022-12-27T17:29:25","slug":"historia","status":"publish","type":"page","link":"https:\/\/www.belenderoca.com\/ca\/historia\/","title":{"rendered":"Hist\u00f2ria del Betlem"},"content":{"rendered":"<p>El Betlem de Roca neix l&#8217;any 1990, Melcior Almela Lagarda,-Mestre Pessebrista, membre de l&#8217;Associaci\u00f3 Pessebrista de Val\u00e8ncia-al costat de tota la seua fam\u00edlia, un grup d&#8217;amics i amb la col \u00b7 laboraci\u00f3 imprescindible del seu sogre Francisco Pascual Albiach, portem realitzant any rere any un betlem monumental.<\/p>\n<p><a href=\"http:\/\/belenderoca.com\/wp-content\/uploads\/2012\/03\/Scan-120405-0001-20120809.jpg\"><img loading=\"lazy\" decoding=\"async\" class=\"alignnone size-large wp-image-723\" title=\"Scan-120405-0001-20120809\" src=\"http:\/\/belenderoca.com\/wp-content\/uploads\/2012\/03\/Scan-120405-0001-20120809-705x473.jpg\" alt=\"\" width=\"705\" height=\"473\" srcset=\"https:\/\/www.belenderoca.com\/wp-content\/uploads\/2012\/03\/Scan-120405-0001-20120809-705x473.jpg 705w, https:\/\/www.belenderoca.com\/wp-content\/uploads\/2012\/03\/Scan-120405-0001-20120809-150x100.jpg 150w, https:\/\/www.belenderoca.com\/wp-content\/uploads\/2012\/03\/Scan-120405-0001-20120809-350x235.jpg 350w, https:\/\/www.belenderoca.com\/wp-content\/uploads\/2012\/03\/Scan-120405-0001-20120809.jpg 1024w\" sizes=\"auto, (max-width: 705px) 100vw, 705px\" \/><\/a><\/p>\n<p>El 1989 vam decidir participar en el concurs de Betlems organitzat per la Penya la Forca i l&#8217;ajuntament de Meliana i vam rebre un tercer premi. Aix\u00f2 ens motiu per a l&#8217;any seg\u00fcent comen\u00e7ar a treballar en un nou pessebre una mica m\u00e9s gran i una mica millor.<\/p>\n<p><a href=\"http:\/\/belenderoca.com\/wp-content\/uploads\/2012\/03\/Scan-120304-0025-20120809.jpg\"><img loading=\"lazy\" decoding=\"async\" class=\"alignnone size-large wp-image-724\" title=\"Scan-120304-0025-20120809\" src=\"http:\/\/belenderoca.com\/wp-content\/uploads\/2012\/03\/Scan-120304-0025-20120809-705x455.jpg\" alt=\"\" width=\"705\" height=\"455\" srcset=\"https:\/\/www.belenderoca.com\/wp-content\/uploads\/2012\/03\/Scan-120304-0025-20120809-705x455.jpg 705w, https:\/\/www.belenderoca.com\/wp-content\/uploads\/2012\/03\/Scan-120304-0025-20120809-150x96.jpg 150w, https:\/\/www.belenderoca.com\/wp-content\/uploads\/2012\/03\/Scan-120304-0025-20120809-350x225.jpg 350w, https:\/\/www.belenderoca.com\/wp-content\/uploads\/2012\/03\/Scan-120304-0025-20120809.jpg 1024w\" sizes=\"auto, (max-width: 705px) 100vw, 705px\" \/><\/a><\/p>\n<p>Ens vam posar en contacte amb l&#8217;associaci\u00f3 de pessebristes de Val\u00e8ncia i descobrim t\u00e8cniques noves per fer un pessebre.<br \/>\nA l&#8217;any seg\u00fcent realitzem el nostre primer gran pessebre, que tindria uns 20m2 i unes 200 figures, ens vam tornar presentar al concurs i aquest cop vam guanyar el primer premi.<\/p>\n<p><a href=\"http:\/\/belenderoca.com\/wp-content\/uploads\/2012\/03\/Scan-120304-0034-20120809.jpg\"><img loading=\"lazy\" decoding=\"async\" class=\"alignnone size-large wp-image-725\" title=\"Scan-120304-0034-20120809\" src=\"http:\/\/belenderoca.com\/wp-content\/uploads\/2012\/03\/Scan-120304-0034-20120809-705x455.jpg\" alt=\"\" width=\"705\" height=\"455\" srcset=\"https:\/\/www.belenderoca.com\/wp-content\/uploads\/2012\/03\/Scan-120304-0034-20120809-705x455.jpg 705w, https:\/\/www.belenderoca.com\/wp-content\/uploads\/2012\/03\/Scan-120304-0034-20120809-150x96.jpg 150w, https:\/\/www.belenderoca.com\/wp-content\/uploads\/2012\/03\/Scan-120304-0034-20120809-350x225.jpg 350w, https:\/\/www.belenderoca.com\/wp-content\/uploads\/2012\/03\/Scan-120304-0034-20120809.jpg 1024w\" sizes=\"auto, (max-width: 705px) 100vw, 705px\" \/><\/a><\/p>\n<p>Aquest premi ens impulsa a continuar aprenent i creixent en el m\u00f3n del pessebrisme i assistim a un curs de pintura i modelatge en Porcellanes Lladr\u00f3 on treballabem. Tamb\u00e9 assistim als cursos organitzats per l&#8217;associaci\u00f3 de pessebristes de Val\u00e8ncia sobre pintures, perspectives, diorames, ordre cronol\u00f2gic del pessebre, etc.<br \/>\nPer a la nostra sorpresa, va comen\u00e7ar a venir gent a veure el pessebre. I despr\u00e9s va venir un col \u00b7 legi, despr\u00e9s altres i m\u00e9s gent i havia cues per entrar a veure-ho, aix\u00ed que vam posar un horari.<\/p>\n<p><a href=\"http:\/\/belenderoca.com\/wp-content\/uploads\/2012\/03\/Scan-120304-0032-20120809.jpg\"><img loading=\"lazy\" decoding=\"async\" class=\"alignnone size-large wp-image-726\" title=\"Scan-120304-0032-20120809\" src=\"http:\/\/belenderoca.com\/wp-content\/uploads\/2012\/03\/Scan-120304-0032-20120809-705x455.jpg\" alt=\"\" width=\"705\" height=\"455\" srcset=\"https:\/\/www.belenderoca.com\/wp-content\/uploads\/2012\/03\/Scan-120304-0032-20120809-705x455.jpg 705w, https:\/\/www.belenderoca.com\/wp-content\/uploads\/2012\/03\/Scan-120304-0032-20120809-150x96.jpg 150w, https:\/\/www.belenderoca.com\/wp-content\/uploads\/2012\/03\/Scan-120304-0032-20120809-350x225.jpg 350w, https:\/\/www.belenderoca.com\/wp-content\/uploads\/2012\/03\/Scan-120304-0032-20120809.jpg 1024w\" sizes=\"auto, (max-width: 705px) 100vw, 705px\" \/><\/a><\/p>\n<p>Cada any el pessebre va anar creixent tant en superf\u00edcie, com en nombre de figures. Creem nous personatges, edificis, moviment i detall.<br \/>\nFrancisco Pasqual va proposar crear una escena popular dins del context del pessebre i aix\u00ed neix el tema Valenci\u00e0 titulada l&#8217;olla de Nadal que consisteix en la recreaci\u00f3 d&#8217;una fam\u00edlia valenciana del segle passat en el seu h\u00e0bitat, amb una barraca, una s\u00ednia una part de la horta.<\/p>\n<p>Cada any quan arribava l&#8217;estiu comen\u00e7\u00e0vem a treballar tota la fam\u00edlia i amics al pessebre d&#8217;aquestes Nadal. Aix\u00ed durant 15 anys, el pessebre es muntava i es desmuntava en el baix on actualment hi ha el restaurant ca Xoret.<br \/>\nA partir del 2005 vam muntar el pessebre en la seva ubicaci\u00f3 actual, a la planta baixa davant del restaurant Ca Xoret<br \/>\nLa nova ubicaci\u00f3 va permetre que el pessebre romangu\u00e9s muntat permanentment durant tot l&#8217;any. D&#8217;aquesta manera, a part de la &#8220;obligada visita&#8221; per Nadal, es poden realitzar visites concertades durant la resta d&#8217;any<\/p>\n<p>[widgetkit id=721]<\/p>\n","protected":false},"excerpt":{"rendered":"<p>El Betlem de Roca neix l&#8217;any 1990, Melcior Almela Lagarda,-Mestre Pessebrista, membre de l&#8217;Associaci\u00f3 Pessebrista de Val\u00e8ncia-al costat de tota la seua fam\u00edlia, un grup d&#8217;amics<span class=\"excerpt-hellip\"> [\u2026]<\/span><\/p>\n","protected":false},"author":1,"featured_media":0,"parent":0,"menu_order":0,"comment_status":"closed","ping_status":"closed","template":"","meta":{"footnotes":""},"class_list":["post-74330","page","type-page","status-publish","hentry"],"yoast_head":"<!-- This site is optimized with the Yoast SEO plugin v26.4 - https:\/\/yoast.com\/wordpress\/plugins\/seo\/ -->\n<title>Hist\u00f2ria del Betlem - El Bel\u00e9n de Roca, Meliana, Valencia<\/title>\n<meta name=\"description\" content=\"Hist\u00f2ria del Betlem . El Bel\u00e9n de Roca, Meliana, Valencia. Bel\u00e9n de Navidad con m\u00e1s piezas de Espa\u00f1a.\" \/>\n<meta name=\"robots\" content=\"index, follow, max-snippet:-1, max-image-preview:large, max-video-preview:-1\" \/>\n<link rel=\"canonical\" href=\"https:\/\/www.belenderoca.com\/ca\/historia\/\" \/>\n<meta property=\"og:locale\" content=\"ca_ES\" \/>\n<meta property=\"og:type\" content=\"article\" \/>\n<meta property=\"og:title\" content=\"Hist\u00f2ria del Betlem - El Bel\u00e9n de Roca, Meliana, Valencia\" \/>\n<meta property=\"og:description\" content=\"Hist\u00f2ria del Betlem . El Bel\u00e9n de Roca, Meliana, Valencia. Bel\u00e9n de Navidad con m\u00e1s piezas de Espa\u00f1a.\" \/>\n<meta property=\"og:url\" content=\"https:\/\/www.belenderoca.com\/ca\/historia\/\" \/>\n<meta property=\"og:site_name\" content=\"El Bel\u00e9n de Roca, Meliana, Valencia\" \/>\n<meta property=\"article:publisher\" content=\"https:\/\/www.facebook.com\/belenderoca\" \/>\n<meta property=\"article:modified_time\" content=\"2022-12-27T17:29:25+00:00\" \/>\n<meta property=\"og:image\" content=\"http:\/\/belenderoca.com\/wp-content\/uploads\/2012\/03\/Scan-120405-0001-20120809-705x473.jpg\" \/>\n<meta name=\"twitter:card\" content=\"summary_large_image\" \/>\n<meta name=\"twitter:label1\" content=\"Temps estimat de lectura\" \/>\n\t<meta name=\"twitter:data1\" content=\"3 minuts\" \/>\n<script type=\"application\/ld+json\" class=\"yoast-schema-graph\">{\"@context\":\"https:\/\/schema.org\",\"@graph\":[{\"@type\":\"WebPage\",\"@id\":\"https:\/\/www.belenderoca.com\/ca\/historia\/\",\"url\":\"https:\/\/www.belenderoca.com\/ca\/historia\/\",\"name\":\"Hist\u00f2ria del Betlem - El Bel\u00e9n de Roca, Meliana, Valencia\",\"isPartOf\":{\"@id\":\"https:\/\/www.belenderoca.com\/ca\/#website\"},\"primaryImageOfPage\":{\"@id\":\"https:\/\/www.belenderoca.com\/ca\/historia\/#primaryimage\"},\"image\":{\"@id\":\"https:\/\/www.belenderoca.com\/ca\/historia\/#primaryimage\"},\"thumbnailUrl\":\"http:\/\/belenderoca.com\/wp-content\/uploads\/2012\/03\/Scan-120405-0001-20120809-705x473.jpg\",\"datePublished\":\"2012-03-19T15:50:36+00:00\",\"dateModified\":\"2022-12-27T17:29:25+00:00\",\"description\":\"Hist\u00f2ria del Betlem . El Bel\u00e9n de Roca, Meliana, Valencia. Bel\u00e9n de Navidad con m\u00e1s piezas de Espa\u00f1a.\",\"inLanguage\":\"ca\",\"potentialAction\":[{\"@type\":\"ReadAction\",\"target\":[\"https:\/\/www.belenderoca.com\/ca\/historia\/\"]}]},{\"@type\":\"ImageObject\",\"inLanguage\":\"ca\",\"@id\":\"https:\/\/www.belenderoca.com\/ca\/historia\/#primaryimage\",\"url\":\"http:\/\/belenderoca.com\/wp-content\/uploads\/2012\/03\/Scan-120405-0001-20120809-705x473.jpg\",\"contentUrl\":\"http:\/\/belenderoca.com\/wp-content\/uploads\/2012\/03\/Scan-120405-0001-20120809-705x473.jpg\"},{\"@type\":\"WebSite\",\"@id\":\"https:\/\/www.belenderoca.com\/ca\/#website\",\"url\":\"https:\/\/www.belenderoca.com\/ca\/\",\"name\":\"El Bel\u00e9n de Roca, Meliana, Valencia\",\"description\":\"\",\"publisher\":{\"@id\":\"https:\/\/www.belenderoca.com\/ca\/#organization\"},\"potentialAction\":[{\"@type\":\"SearchAction\",\"target\":{\"@type\":\"EntryPoint\",\"urlTemplate\":\"https:\/\/www.belenderoca.com\/ca\/?s={search_term_string}\"},\"query-input\":{\"@type\":\"PropertyValueSpecification\",\"valueRequired\":true,\"valueName\":\"search_term_string\"}}],\"inLanguage\":\"ca\"},{\"@type\":\"Organization\",\"@id\":\"https:\/\/www.belenderoca.com\/ca\/#organization\",\"name\":\"El Bel\u00e9n de Roca, Meliana, Valencia\",\"url\":\"https:\/\/www.belenderoca.com\/ca\/\",\"logo\":{\"@type\":\"ImageObject\",\"inLanguage\":\"ca\",\"@id\":\"https:\/\/www.belenderoca.com\/ca\/#\/schema\/logo\/image\/\",\"url\":\"https:\/\/www.belenderoca.com\/wp-content\/uploads\/2022\/12\/favicon-el-belen-de-roca.jpg\",\"contentUrl\":\"https:\/\/www.belenderoca.com\/wp-content\/uploads\/2022\/12\/favicon-el-belen-de-roca.jpg\",\"width\":250,\"height\":250,\"caption\":\"El Bel\u00e9n de Roca, Meliana, Valencia\"},\"image\":{\"@id\":\"https:\/\/www.belenderoca.com\/ca\/#\/schema\/logo\/image\/\"},\"sameAs\":[\"https:\/\/www.facebook.com\/belenderoca\"]}]}<\/script>\n<!-- \/ Yoast SEO plugin. -->","yoast_head_json":{"title":"Hist\u00f2ria del Betlem - El Bel\u00e9n de Roca, Meliana, Valencia","description":"Hist\u00f2ria del Betlem . El Bel\u00e9n de Roca, Meliana, Valencia. Bel\u00e9n de Navidad con m\u00e1s piezas de Espa\u00f1a.","robots":{"index":"index","follow":"follow","max-snippet":"max-snippet:-1","max-image-preview":"max-image-preview:large","max-video-preview":"max-video-preview:-1"},"canonical":"https:\/\/www.belenderoca.com\/ca\/historia\/","og_locale":"ca_ES","og_type":"article","og_title":"Hist\u00f2ria del Betlem - El Bel\u00e9n de Roca, Meliana, Valencia","og_description":"Hist\u00f2ria del Betlem . El Bel\u00e9n de Roca, Meliana, Valencia. Bel\u00e9n de Navidad con m\u00e1s piezas de Espa\u00f1a.","og_url":"https:\/\/www.belenderoca.com\/ca\/historia\/","og_site_name":"El Bel\u00e9n de Roca, Meliana, Valencia","article_publisher":"https:\/\/www.facebook.com\/belenderoca","article_modified_time":"2022-12-27T17:29:25+00:00","og_image":[{"url":"http:\/\/belenderoca.com\/wp-content\/uploads\/2012\/03\/Scan-120405-0001-20120809-705x473.jpg","type":"","width":"","height":""}],"twitter_card":"summary_large_image","twitter_misc":{"Temps estimat de lectura":"3 minuts"},"schema":{"@context":"https:\/\/schema.org","@graph":[{"@type":"WebPage","@id":"https:\/\/www.belenderoca.com\/ca\/historia\/","url":"https:\/\/www.belenderoca.com\/ca\/historia\/","name":"Hist\u00f2ria del Betlem - El Bel\u00e9n de Roca, Meliana, Valencia","isPartOf":{"@id":"https:\/\/www.belenderoca.com\/ca\/#website"},"primaryImageOfPage":{"@id":"https:\/\/www.belenderoca.com\/ca\/historia\/#primaryimage"},"image":{"@id":"https:\/\/www.belenderoca.com\/ca\/historia\/#primaryimage"},"thumbnailUrl":"http:\/\/belenderoca.com\/wp-content\/uploads\/2012\/03\/Scan-120405-0001-20120809-705x473.jpg","datePublished":"2012-03-19T15:50:36+00:00","dateModified":"2022-12-27T17:29:25+00:00","description":"Hist\u00f2ria del Betlem . El Bel\u00e9n de Roca, Meliana, Valencia. Bel\u00e9n de Navidad con m\u00e1s piezas de Espa\u00f1a.","inLanguage":"ca","potentialAction":[{"@type":"ReadAction","target":["https:\/\/www.belenderoca.com\/ca\/historia\/"]}]},{"@type":"ImageObject","inLanguage":"ca","@id":"https:\/\/www.belenderoca.com\/ca\/historia\/#primaryimage","url":"http:\/\/belenderoca.com\/wp-content\/uploads\/2012\/03\/Scan-120405-0001-20120809-705x473.jpg","contentUrl":"http:\/\/belenderoca.com\/wp-content\/uploads\/2012\/03\/Scan-120405-0001-20120809-705x473.jpg"},{"@type":"WebSite","@id":"https:\/\/www.belenderoca.com\/ca\/#website","url":"https:\/\/www.belenderoca.com\/ca\/","name":"El Bel\u00e9n de Roca, Meliana, Valencia","description":"","publisher":{"@id":"https:\/\/www.belenderoca.com\/ca\/#organization"},"potentialAction":[{"@type":"SearchAction","target":{"@type":"EntryPoint","urlTemplate":"https:\/\/www.belenderoca.com\/ca\/?s={search_term_string}"},"query-input":{"@type":"PropertyValueSpecification","valueRequired":true,"valueName":"search_term_string"}}],"inLanguage":"ca"},{"@type":"Organization","@id":"https:\/\/www.belenderoca.com\/ca\/#organization","name":"El Bel\u00e9n de Roca, Meliana, Valencia","url":"https:\/\/www.belenderoca.com\/ca\/","logo":{"@type":"ImageObject","inLanguage":"ca","@id":"https:\/\/www.belenderoca.com\/ca\/#\/schema\/logo\/image\/","url":"https:\/\/www.belenderoca.com\/wp-content\/uploads\/2022\/12\/favicon-el-belen-de-roca.jpg","contentUrl":"https:\/\/www.belenderoca.com\/wp-content\/uploads\/2022\/12\/favicon-el-belen-de-roca.jpg","width":250,"height":250,"caption":"El Bel\u00e9n de Roca, Meliana, Valencia"},"image":{"@id":"https:\/\/www.belenderoca.com\/ca\/#\/schema\/logo\/image\/"},"sameAs":["https:\/\/www.facebook.com\/belenderoca"]}]}},"_links":{"self":[{"href":"https:\/\/www.belenderoca.com\/ca\/wp-json\/wp\/v2\/pages\/74330","targetHints":{"allow":["GET"]}}],"collection":[{"href":"https:\/\/www.belenderoca.com\/ca\/wp-json\/wp\/v2\/pages"}],"about":[{"href":"https:\/\/www.belenderoca.com\/ca\/wp-json\/wp\/v2\/types\/page"}],"author":[{"embeddable":true,"href":"https:\/\/www.belenderoca.com\/ca\/wp-json\/wp\/v2\/users\/1"}],"replies":[{"embeddable":true,"href":"https:\/\/www.belenderoca.com\/ca\/wp-json\/wp\/v2\/comments?post=74330"}],"version-history":[{"count":2,"href":"https:\/\/www.belenderoca.com\/ca\/wp-json\/wp\/v2\/pages\/74330\/revisions"}],"predecessor-version":[{"id":74567,"href":"https:\/\/www.belenderoca.com\/ca\/wp-json\/wp\/v2\/pages\/74330\/revisions\/74567"}],"wp:attachment":[{"href":"https:\/\/www.belenderoca.com\/ca\/wp-json\/wp\/v2\/media?parent=74330"}],"curies":[{"name":"wp","href":"https:\/\/api.w.org\/{rel}","templated":true}]}}