{"id":74320,"date":"2012-03-18T17:01:06","date_gmt":"2012-03-18T16:01:06","guid":{"rendered":"https:\/\/belenderoca.com\/faq\/"},"modified":"2025-11-18T18:00:19","modified_gmt":"2025-11-18T17:00:19","slug":"faq","status":"publish","type":"page","link":"https:\/\/www.belenderoca.com\/ca\/faq\/","title":{"rendered":"Preguntes freq\u00fcents"},"content":{"rendered":"<p>Aquestes s\u00f3n algunes de les preguntes i respostes que trobar\u00e0 \u00fatils i aclariran els seus dubtes. Si tingu\u00e9s qualsevol altre dubte o pregunta addicional, si us plau, no dubteu en posar-se en contacte amb nosaltres des de la p\u00e0gina de <a href=\"https:\/\/www.belenderoca.com\/ca\/contactar-2\/\">Contacte<\/a>.<\/p>\n<p>&nbsp;<\/p>\n<h3 class=\"pregunta\">Quines s\u00f3n les dates en qu\u00e8 el Betlem est\u00e0 obert?<\/h3>\n<div class=\"respuesta\">\n<p>Del Dissabte 30 de Novembre de 2024 al Dilluns 6 de Gener del 2025.<\/p>\n<p>Obert tamb\u00e9 el Dissabte 11 i Diumenge 12 de Gener del 2025.<\/p>\n<p>L&#8217;horari \u00e9s d&#8217;11.00 a 14.00 i de 17.00 a 20.00.<\/p>\n<\/div>\n<p>&nbsp;<\/p>\n<h3 class=\"pregunta\">Quant costa l&#8217;entrada?<\/h3>\n<div class=\"respuesta\">Per a visites dins de l&#8217;horari regular (11.00 &#8211; 14.00 i de 17.00 &#8211; 20.00) l&#8217;entrada \u00e9s un donatiu. Per a grups, amb visita guiada i que accedixen al Betlem en horaris i\/o dates concertats fora de l&#8217;horari o dates regulars el preu de l&#8217;entrada de 2\u20ac per persona.<\/div>\n<p>&nbsp;<\/p>\n<h3 class=\"pregunta\">Amb el donatiu del Betlem amb qu\u00e8 col \u00b7 laboro?<\/h3>\n<div class=\"respuesta\">Cada any una part dels donatius del Betlem van destinats al projecte anual de Mans Unides que desenvolupa l&#8217;arxiprestat de la Mare de D\u00e9u del Puig. M\u00e9s informaci\u00f3 a la p\u00e0gina Betlem solidari.<\/div>\n<p>&nbsp;<\/p>\n<h3 class=\"pregunta\">Es pot visitar el Betlem durant tot l&#8217;any?<\/h3>\n<div class=\"respuesta\">Si, per a grups. El Betlem en la seva ubicaci\u00f3 actual roman muntat tot l&#8217;any. Contacti amb nosaltres per concertar una visita guiada.<\/div>\n<p>&nbsp;<\/p>\n<h3 class=\"pregunta\">Com puc arribar a Betlem des de Val\u00e8ncia?<\/h3>\n<div class=\"respuesta\">Pot arribar al Betlem en cotxe des de Val\u00e8ncia. Trobar\u00e0 informaci\u00f3 detallada a la p\u00e0gina Com arribar.<\/div>\n<div class=\"respuesta\">Per grups m\u00e9s nombrosos possiblement la forma m\u00e9s c\u00f2moda d&#8217;arribar \u00e9s utilitzant la l\u00ednia C6 de Renfe Rodalies. Cal baixar a l&#8217;estaci\u00f3 de Roca-Cuiper. Tenim un acord de col \u00b7 laboraci\u00f3 amb Renfe que permet descomptes per a grups de m\u00e9s de 10 persones.<\/div>\n<div><\/div>\n<div class=\"respuesta\">\n<p>M\u00e9s informaci\u00f3 en aquesta direcci\u00f3 web <a href=\"http:\/\/www.renfe.com\/viajeros\/cercanias\/valencia\/catalogo\/Valencia_belen.html\">http:\/\/www.renfe.com\/viajeros\/cercanias\/valencia\/catalogo\/Valencia_belen.html<\/a>.El tel\u00e8fon de Renfe Informaci\u00f3 de grups \u00e9s 96 33 72 61.<\/p>\n<p><a href=\"http:\/\/www.renfe.com\/viajeros\/cercanias\/valencia\/index.html\" target=\"_blank\" rel=\"noopener\"><img loading=\"lazy\" decoding=\"async\" class=\"size-large wp-image-351 alignnone\" title=\"Renfe Cercanias\" src=\"http:\/\/belenderoca.com\/wp-content\/uploads\/2012\/03\/renfecercanias-705x396.jpg\" alt=\"\" width=\"705\" height=\"396\" srcset=\"https:\/\/www.belenderoca.com\/wp-content\/uploads\/2012\/03\/renfecercanias-705x396.jpg 705w, https:\/\/www.belenderoca.com\/wp-content\/uploads\/2012\/03\/renfecercanias-150x84.jpg 150w, https:\/\/www.belenderoca.com\/wp-content\/uploads\/2012\/03\/renfecercanias-350x197.jpg 350w, https:\/\/www.belenderoca.com\/wp-content\/uploads\/2012\/03\/renfecercanias.jpg 945w\" sizes=\"auto, (max-width: 705px) 100vw, 705px\" \/><\/a><\/p>\n<\/div>\n<p>&nbsp;<\/p>\n<h3 class=\"pregunta\">Es pot esmorzar, dinar, sopar prop del Betlem?<\/h3>\n<div class=\"respuesta\">Si. Enfront del Betlem trobar\u00e0s el restaurant de menjar val\u00e8ncia <a href=\"http:\/\/www.restaurantcaxoret.com\/\" target=\"_blank\" rel=\"noopener\"> Ca Xoret<\/a> on podr\u00e0s esmorzar, dinar o sopar de forma econ\u00f2mica.<\/div>\n<p>&nbsp;<\/p>\n","protected":false},"excerpt":{"rendered":"<p>Aquestes s\u00f3n algunes de les preguntes i respostes que trobar\u00e0 \u00fatils i aclariran els seus dubtes. Si tingu\u00e9s qualsevol altre dubte o pregunta addicional, si us<span class=\"excerpt-hellip\"> [\u2026]<\/span><\/p>\n","protected":false},"author":1,"featured_media":0,"parent":0,"menu_order":0,"comment_status":"closed","ping_status":"closed","template":"","meta":{"footnotes":""},"class_list":["post-74320","page","type-page","status-publish","hentry"],"yoast_head":"<!-- This site is optimized with the Yoast SEO plugin v26.4 - https:\/\/yoast.com\/wordpress\/plugins\/seo\/ -->\n<title>Preguntes freq\u00fcents - El Bel\u00e9n de Roca, Meliana, Valencia<\/title>\n<meta name=\"description\" content=\"Preguntes freq\u00fcents . El Bel\u00e9n de Roca, Meliana, Valencia. Bel\u00e9n de Navidad con m\u00e1s piezas de Espa\u00f1a.\" \/>\n<meta name=\"robots\" content=\"index, follow, max-snippet:-1, max-image-preview:large, max-video-preview:-1\" \/>\n<link rel=\"canonical\" href=\"https:\/\/www.belenderoca.com\/ca\/faq\/\" \/>\n<meta property=\"og:locale\" content=\"ca_ES\" \/>\n<meta property=\"og:type\" content=\"article\" \/>\n<meta property=\"og:title\" content=\"Preguntes freq\u00fcents - El Bel\u00e9n de Roca, Meliana, Valencia\" \/>\n<meta property=\"og:description\" content=\"Preguntes freq\u00fcents . El Bel\u00e9n de Roca, Meliana, Valencia. Bel\u00e9n de Navidad con m\u00e1s piezas de Espa\u00f1a.\" \/>\n<meta property=\"og:url\" content=\"https:\/\/www.belenderoca.com\/ca\/faq\/\" \/>\n<meta property=\"og:site_name\" content=\"El Bel\u00e9n de Roca, Meliana, Valencia\" \/>\n<meta property=\"article:publisher\" content=\"https:\/\/www.facebook.com\/belenderoca\" \/>\n<meta property=\"article:modified_time\" content=\"2025-11-18T17:00:19+00:00\" \/>\n<meta property=\"og:image\" content=\"http:\/\/belenderoca.com\/wp-content\/uploads\/2012\/03\/renfecercanias-705x396.jpg\" \/>\n<meta name=\"twitter:card\" content=\"summary_large_image\" \/>\n<meta name=\"twitter:label1\" content=\"Temps estimat de lectura\" \/>\n\t<meta name=\"twitter:data1\" content=\"2 minuts\" \/>\n<script type=\"application\/ld+json\" class=\"yoast-schema-graph\">{\"@context\":\"https:\/\/schema.org\",\"@graph\":[{\"@type\":\"WebPage\",\"@id\":\"https:\/\/www.belenderoca.com\/ca\/faq\/\",\"url\":\"https:\/\/www.belenderoca.com\/ca\/faq\/\",\"name\":\"Preguntes freq\u00fcents - El Bel\u00e9n de Roca, Meliana, Valencia\",\"isPartOf\":{\"@id\":\"https:\/\/www.belenderoca.com\/ca\/#website\"},\"primaryImageOfPage\":{\"@id\":\"https:\/\/www.belenderoca.com\/ca\/faq\/#primaryimage\"},\"image\":{\"@id\":\"https:\/\/www.belenderoca.com\/ca\/faq\/#primaryimage\"},\"thumbnailUrl\":\"http:\/\/belenderoca.com\/wp-content\/uploads\/2012\/03\/renfecercanias-705x396.jpg\",\"datePublished\":\"2012-03-18T16:01:06+00:00\",\"dateModified\":\"2025-11-18T17:00:19+00:00\",\"description\":\"Preguntes freq\u00fcents . El Bel\u00e9n de Roca, Meliana, Valencia. Bel\u00e9n de Navidad con m\u00e1s piezas de Espa\u00f1a.\",\"inLanguage\":\"ca\",\"potentialAction\":[{\"@type\":\"ReadAction\",\"target\":[\"https:\/\/www.belenderoca.com\/ca\/faq\/\"]}]},{\"@type\":\"ImageObject\",\"inLanguage\":\"ca\",\"@id\":\"https:\/\/www.belenderoca.com\/ca\/faq\/#primaryimage\",\"url\":\"http:\/\/belenderoca.com\/wp-content\/uploads\/2012\/03\/renfecercanias-705x396.jpg\",\"contentUrl\":\"http:\/\/belenderoca.com\/wp-content\/uploads\/2012\/03\/renfecercanias-705x396.jpg\"},{\"@type\":\"WebSite\",\"@id\":\"https:\/\/www.belenderoca.com\/ca\/#website\",\"url\":\"https:\/\/www.belenderoca.com\/ca\/\",\"name\":\"El Bel\u00e9n de Roca, Meliana, Valencia\",\"description\":\"\",\"publisher\":{\"@id\":\"https:\/\/www.belenderoca.com\/ca\/#organization\"},\"potentialAction\":[{\"@type\":\"SearchAction\",\"target\":{\"@type\":\"EntryPoint\",\"urlTemplate\":\"https:\/\/www.belenderoca.com\/ca\/?s={search_term_string}\"},\"query-input\":{\"@type\":\"PropertyValueSpecification\",\"valueRequired\":true,\"valueName\":\"search_term_string\"}}],\"inLanguage\":\"ca\"},{\"@type\":\"Organization\",\"@id\":\"https:\/\/www.belenderoca.com\/ca\/#organization\",\"name\":\"El Bel\u00e9n de Roca, Meliana, Valencia\",\"url\":\"https:\/\/www.belenderoca.com\/ca\/\",\"logo\":{\"@type\":\"ImageObject\",\"inLanguage\":\"ca\",\"@id\":\"https:\/\/www.belenderoca.com\/ca\/#\/schema\/logo\/image\/\",\"url\":\"https:\/\/www.belenderoca.com\/wp-content\/uploads\/2022\/12\/favicon-el-belen-de-roca.jpg\",\"contentUrl\":\"https:\/\/www.belenderoca.com\/wp-content\/uploads\/2022\/12\/favicon-el-belen-de-roca.jpg\",\"width\":250,\"height\":250,\"caption\":\"El Bel\u00e9n de Roca, Meliana, Valencia\"},\"image\":{\"@id\":\"https:\/\/www.belenderoca.com\/ca\/#\/schema\/logo\/image\/\"},\"sameAs\":[\"https:\/\/www.facebook.com\/belenderoca\"]}]}<\/script>\n<!-- \/ Yoast SEO plugin. -->","yoast_head_json":{"title":"Preguntes freq\u00fcents - El Bel\u00e9n de Roca, Meliana, Valencia","description":"Preguntes freq\u00fcents . El Bel\u00e9n de Roca, Meliana, Valencia. Bel\u00e9n de Navidad con m\u00e1s piezas de Espa\u00f1a.","robots":{"index":"index","follow":"follow","max-snippet":"max-snippet:-1","max-image-preview":"max-image-preview:large","max-video-preview":"max-video-preview:-1"},"canonical":"https:\/\/www.belenderoca.com\/ca\/faq\/","og_locale":"ca_ES","og_type":"article","og_title":"Preguntes freq\u00fcents - El Bel\u00e9n de Roca, Meliana, Valencia","og_description":"Preguntes freq\u00fcents . El Bel\u00e9n de Roca, Meliana, Valencia. Bel\u00e9n de Navidad con m\u00e1s piezas de Espa\u00f1a.","og_url":"https:\/\/www.belenderoca.com\/ca\/faq\/","og_site_name":"El Bel\u00e9n de Roca, Meliana, Valencia","article_publisher":"https:\/\/www.facebook.com\/belenderoca","article_modified_time":"2025-11-18T17:00:19+00:00","og_image":[{"url":"http:\/\/belenderoca.com\/wp-content\/uploads\/2012\/03\/renfecercanias-705x396.jpg","type":"","width":"","height":""}],"twitter_card":"summary_large_image","twitter_misc":{"Temps estimat de lectura":"2 minuts"},"schema":{"@context":"https:\/\/schema.org","@graph":[{"@type":"WebPage","@id":"https:\/\/www.belenderoca.com\/ca\/faq\/","url":"https:\/\/www.belenderoca.com\/ca\/faq\/","name":"Preguntes freq\u00fcents - El Bel\u00e9n de Roca, Meliana, Valencia","isPartOf":{"@id":"https:\/\/www.belenderoca.com\/ca\/#website"},"primaryImageOfPage":{"@id":"https:\/\/www.belenderoca.com\/ca\/faq\/#primaryimage"},"image":{"@id":"https:\/\/www.belenderoca.com\/ca\/faq\/#primaryimage"},"thumbnailUrl":"http:\/\/belenderoca.com\/wp-content\/uploads\/2012\/03\/renfecercanias-705x396.jpg","datePublished":"2012-03-18T16:01:06+00:00","dateModified":"2025-11-18T17:00:19+00:00","description":"Preguntes freq\u00fcents . El Bel\u00e9n de Roca, Meliana, Valencia. Bel\u00e9n de Navidad con m\u00e1s piezas de Espa\u00f1a.","inLanguage":"ca","potentialAction":[{"@type":"ReadAction","target":["https:\/\/www.belenderoca.com\/ca\/faq\/"]}]},{"@type":"ImageObject","inLanguage":"ca","@id":"https:\/\/www.belenderoca.com\/ca\/faq\/#primaryimage","url":"http:\/\/belenderoca.com\/wp-content\/uploads\/2012\/03\/renfecercanias-705x396.jpg","contentUrl":"http:\/\/belenderoca.com\/wp-content\/uploads\/2012\/03\/renfecercanias-705x396.jpg"},{"@type":"WebSite","@id":"https:\/\/www.belenderoca.com\/ca\/#website","url":"https:\/\/www.belenderoca.com\/ca\/","name":"El Bel\u00e9n de Roca, Meliana, Valencia","description":"","publisher":{"@id":"https:\/\/www.belenderoca.com\/ca\/#organization"},"potentialAction":[{"@type":"SearchAction","target":{"@type":"EntryPoint","urlTemplate":"https:\/\/www.belenderoca.com\/ca\/?s={search_term_string}"},"query-input":{"@type":"PropertyValueSpecification","valueRequired":true,"valueName":"search_term_string"}}],"inLanguage":"ca"},{"@type":"Organization","@id":"https:\/\/www.belenderoca.com\/ca\/#organization","name":"El Bel\u00e9n de Roca, Meliana, Valencia","url":"https:\/\/www.belenderoca.com\/ca\/","logo":{"@type":"ImageObject","inLanguage":"ca","@id":"https:\/\/www.belenderoca.com\/ca\/#\/schema\/logo\/image\/","url":"https:\/\/www.belenderoca.com\/wp-content\/uploads\/2022\/12\/favicon-el-belen-de-roca.jpg","contentUrl":"https:\/\/www.belenderoca.com\/wp-content\/uploads\/2022\/12\/favicon-el-belen-de-roca.jpg","width":250,"height":250,"caption":"El Bel\u00e9n de Roca, Meliana, Valencia"},"image":{"@id":"https:\/\/www.belenderoca.com\/ca\/#\/schema\/logo\/image\/"},"sameAs":["https:\/\/www.facebook.com\/belenderoca"]}]}},"_links":{"self":[{"href":"https:\/\/www.belenderoca.com\/ca\/wp-json\/wp\/v2\/pages\/74320","targetHints":{"allow":["GET"]}}],"collection":[{"href":"https:\/\/www.belenderoca.com\/ca\/wp-json\/wp\/v2\/pages"}],"about":[{"href":"https:\/\/www.belenderoca.com\/ca\/wp-json\/wp\/v2\/types\/page"}],"author":[{"embeddable":true,"href":"https:\/\/www.belenderoca.com\/ca\/wp-json\/wp\/v2\/users\/1"}],"replies":[{"embeddable":true,"href":"https:\/\/www.belenderoca.com\/ca\/wp-json\/wp\/v2\/comments?post=74320"}],"version-history":[{"count":12,"href":"https:\/\/www.belenderoca.com\/ca\/wp-json\/wp\/v2\/pages\/74320\/revisions"}],"predecessor-version":[{"id":74813,"href":"https:\/\/www.belenderoca.com\/ca\/wp-json\/wp\/v2\/pages\/74320\/revisions\/74813"}],"wp:attachment":[{"href":"https:\/\/www.belenderoca.com\/ca\/wp-json\/wp\/v2\/media?parent=74320"}],"curies":[{"name":"wp","href":"https:\/\/api.w.org\/{rel}","templated":true}]}}